{"id":9348,"date":"2021-01-25T22:12:26","date_gmt":"2021-01-26T05:12:26","guid":{"rendered":"https:\/\/portal.crlanguages.com\/?post_type=product&#038;p=9348"},"modified":"2024-03-27T17:30:08","modified_gmt":"2024-03-27T23:30:08","slug":"sach-tieng-tay-ban-nha-1","status":"publish","type":"product","link":"https:\/\/crlanguages.com\/vi\/product\/spanish-1-book\/","title":{"rendered":"S\u00e1ch Ti\u1ebfng T\u00e2y Ban Nha 1"},"content":{"rendered":"","protected":false},"excerpt":{"rendered":"<p>Ti\u1ebfng T\u00e2y Ban Nha 1 d\u00e0nh cho nh\u1eefng ng\u01b0\u1eddi m\u1edbi b\u1eaft \u0111\u1ea7u v\u00e0 x\u00e2y d\u1ef1ng tr\u00ean t\u1ea5t c\u1ea3 nh\u1eefng g\u00ec \u0111\u00e3 h\u1ecdc trong kh\u00f3a h\u1ecdc c\u1ee7a ch\u00fang t\u00f4i. <a href=\"https:\/\/crlanguages.com\/vi\/product\/spanish-intro-book\/\">S\u00e1ch gi\u1edbi thi\u1ec7u ti\u1ebfng T\u00e2y Ban Nha<\/a>. N\u1ebfu b\u1ea1n c\u00f3 th\u1ec3 t\u1ea1o c\u00e1c c\u00e2u c\u01a1 b\u1ea3n \u1edf th\u00ec hi\u1ec7n t\u1ea1i ho\u1eb7c \u0111\u00e3 t\u1eebng h\u1ecdc m\u1ed9t ng\u00f4n ng\u1eef Romance kh\u00e1c, kh\u00f3a h\u1ecdc Spanish One s\u1ebd gi\u00fap b\u1ea1n ti\u1ebfn l\u00ean m\u1ed9t c\u1ea5p \u0111\u1ed9 m\u1edbi. Kh\u00f3a h\u1ecdc ho\u00e0n to\u00e0n b\u1eb1ng ti\u1ebfng T\u00e2y Ban Nha k\u00e8m theo m\u1ed9t t\u1eeb \u0111i\u1ec3n c\u00f3 th\u1ec3 t\u1ea3i xu\u1ed1ng tr\u1ef1c tuy\u1ebfn, khuy\u1ebfn kh\u00edch b\u1ea1n s\u1eed d\u1ee5ng ng\u00f4n ng\u1eef ngay l\u1eadp t\u1ee9c. Ngo\u00e0i t\u1eeb \u0111i\u1ec3n c\u00f3 th\u1ec3 t\u1ea3i xu\u1ed1ng, h\u1ecdc vi\u00ean c\u00f3 th\u1ec3 nh\u1eadn th\u00eam h\u1ed7 tr\u1ee3 t\u1eeb c\u00e1c t\u00e0i nguy\u00ean tr\u1ef1c tuy\u1ebfn kh\u00e1c, bao g\u1ed3m n\u1ed9p c\u00e2u tr\u1ea3 l\u1eddi cho c\u00e1c b\u00e0i t\u1eadp ch\u1ecdn l\u1ecdc \u0111\u1ec3 ki\u1ec3m tra, kh\u00f3a h\u1ecdc tr\u1ef1c tuy\u1ebfn t\u1ef1 h\u1ecdc, b\u1ea3n ghi \u00e2m, kh\u00f3a h\u1ecdc tr\u1ef1c tuy\u1ebfn tr\u1ef1c ti\u1ebfp v\u00e0 th\u1eadm ch\u00ed l\u00e0 c\u00e1c bu\u1ed5i h\u1ecdc ri\u00eang v\u1edbi Julieta, t\u00e1c gi\u1ea3 c\u1ee7a kh\u00f3a h\u1ecdc. Kh\u00f4ng ch\u1eafc n\u00ean b\u1eaft \u0111\u1ea7u t\u1eeb c\u1ea5p \u0111\u1ed9 n\u00e0o? H\u00e3y th\u1eed \u0111i\u1ec1u n\u00e0y <a href=\"\/vi\/bai-kiem-tra-xep-lop-tieng-tay-ban-nha-mien-phi\/\">B\u00e0i ki\u1ec3m tra x\u1ebfp l\u1edbp ti\u1ebfng T\u00e2y Ban Nha tr\u1ef1c tuy\u1ebfn mi\u1ec5n ph\u00ed<\/a>.<\/p>","protected":false},"featured_media":28618,"template":"","meta":{"_acf_changed":false},"product_brand":[],"product_cat":[84,160],"product_tag":[],"class_list":{"0":"post-9348","1":"product","2":"type-product","3":"status-publish","4":"has-post-thumbnail","6":"product_cat-books","7":"product_cat-books-free-audiobook","9":"first","10":"instock","11":"taxable","12":"shipping-taxable","13":"purchasable","14":"product-type-simple"},"acf":[],"_links":{"self":[{"href":"https:\/\/crlanguages.com\/vi\/wp-json\/wp\/v2\/product\/9348","targetHints":{"allow":["GET"]}}],"collection":[{"href":"https:\/\/crlanguages.com\/vi\/wp-json\/wp\/v2\/product"}],"about":[{"href":"https:\/\/crlanguages.com\/vi\/wp-json\/wp\/v2\/types\/product"}],"wp:featuredmedia":[{"embeddable":true,"href":"https:\/\/crlanguages.com\/vi\/wp-json\/wp\/v2\/media\/28618"}],"wp:attachment":[{"href":"https:\/\/crlanguages.com\/vi\/wp-json\/wp\/v2\/media?parent=9348"}],"wp:term":[{"taxonomy":"product_brand","embeddable":true,"href":"https:\/\/crlanguages.com\/vi\/wp-json\/wp\/v2\/product_brand?post=9348"},{"taxonomy":"product_cat","embeddable":true,"href":"https:\/\/crlanguages.com\/vi\/wp-json\/wp\/v2\/product_cat?post=9348"},{"taxonomy":"product_tag","embeddable":true,"href":"https:\/\/crlanguages.com\/vi\/wp-json\/wp\/v2\/product_tag?post=9348"}],"curies":[{"name":"wp","href":"https:\/\/api.w.org\/{rel}","templated":true}]}}