{"id":80347,"date":"2025-04-30T17:35:41","date_gmt":"2025-04-30T23:35:41","guid":{"rendered":"https:\/\/crlanguages.com\/?post_type=product&#038;p=80347"},"modified":"2025-04-30T17:36:25","modified_gmt":"2025-04-30T23:36:25","slug":"phu-luc-kinh-doanh-cho-tieng-tay-ban-nha-2","status":"publish","type":"product","link":"https:\/\/crlanguages.com\/vi\/product\/business-supplement-for-spanish-2\/","title":{"rendered":"Ph\u1ee5 l\u1ee5c Kinh doanh cho Ti\u1ebfng T\u00e2y Ban Nha 2"},"content":{"rendered":"","protected":false},"excerpt":{"rendered":"<p>N\u00e2ng cao h\u00e0nh tr\u00ecnh h\u1ecdc ti\u1ebfng T\u00e2y Ban Nha 2 c\u1ee7a b\u1ea1n v\u1edbi <b>Ph\u1ee5 l\u1ee5c kinh doanh cho Ti\u1ebfng T\u00e2y Ban Nha 2 v\u1edbi Julieta<\/b>, m\u1ed9t <b>Ti\u1ebfng T\u00e2y Ban Nha trong kinh doanh<\/b> S\u00e1ch b\u00e0i t\u1eadp b\u1ed5 tr\u1ee3 t\u1eadp trung v\u00e0o vi\u1ec7c c\u1ee7ng c\u1ed1 ng\u1eef ph\u00e1p v\u00e0 t\u1eeb v\u1ef1ng m\u00e0 b\u1ea1n \u0111ang h\u1ecdc. \u0110\u01b0\u1ee3c thi\u1ebft k\u1ebf nh\u01b0 m\u1ed9t t\u00e0i li\u1ec7u chuy\u00ean s\u00e2u, t\u00e0i li\u1ec7u b\u1ed5 tr\u1ee3 n\u00e0y cung c\u1ea5p c\u00e1c b\u00e0i t\u1eadp th\u1ef1c h\u00e0nh v\u00e0 c\u00e1c t\u00ecnh hu\u1ed1ng li\u00ean quan \u0111\u1ebfn kinh doanh\u2014t\u1ea5t c\u1ea3 \u0111\u1ec1u \u0111\u01b0\u1ee3c tr\u00ecnh b\u00e0y ho\u00e0n to\u00e0n b\u1eb1ng ti\u1ebfng T\u00e2y Ban Nha\u2014\u0111\u1ec3 gi\u00fap b\u1ea1n hi\u1ec3u s\u00e2u h\u01a1n v\u1ec1 c\u00e1c kh\u00e1i ni\u1ec7m nh\u01b0 \u0111\u1ed1i t\u01b0\u1ee3ng tr\u1ef1c ti\u1ebfp v\u00e0 gi\u00e1n ti\u1ebfp, c\u0169ng nh\u01b0 c\u00e1c th\u00ec qu\u00e1 kh\u1ee9 kh\u00f4ng ho\u00e0n th\u00e0nh v\u00e0 qu\u00e1 kh\u1ee9 \u0111\u01a1n. Tuy nhi\u00ean, \u0111\u1ec3 \u0111\u1ea1t hi\u1ec7u qu\u1ea3 t\u1ed1t nh\u1ea5t, h\u00e3y s\u1eed d\u1ee5ng n\u00f3 c\u00f9ng v\u1edbi t\u00e0i li\u1ec7u ch\u00ednh. <i><b>Ti\u1ebfng T\u00e2y Ban Nha v\u1edbi Julieta<\/b><\/i> series for comprehensive practice and exposure.<\/p>\n<p>Ready to strengthen your <b>Ti\u1ebfng T\u00e2y Ban Nha trong kinh doanh<\/b> K\u1ef9 n\u0103ng? H\u00e3y b\u1eaft \u0111\u1ea7u, duy tr\u00ec s\u1ef1 ki\u00ean tr\u00ec trong vi\u1ec7c luy\u1ec7n t\u1eadp v\u00e0 \u0111\u1ec3 m\u1ed7i b\u01b0\u1edbc d\u1eabn d\u1eaft b\u1ea1n \u0111\u1ebfn g\u1ea7n h\u01a1n v\u1edbi s\u1ef1 th\u00e0nh th\u1ea1o. Ch\u00fac may m\u1eafn!<\/p>","protected":false},"featured_media":80392,"template":"","meta":{"_acf_changed":false},"product_brand":[],"product_cat":[200],"product_tag":[],"class_list":{"0":"post-80347","1":"product","2":"type-product","3":"status-publish","4":"has-post-thumbnail","6":"product_cat-supplements-books","8":"first","9":"instock","10":"taxable","11":"shipping-taxable","12":"purchasable","13":"product-type-simple"},"acf":[],"_links":{"self":[{"href":"https:\/\/crlanguages.com\/vi\/wp-json\/wp\/v2\/product\/80347","targetHints":{"allow":["GET"]}}],"collection":[{"href":"https:\/\/crlanguages.com\/vi\/wp-json\/wp\/v2\/product"}],"about":[{"href":"https:\/\/crlanguages.com\/vi\/wp-json\/wp\/v2\/types\/product"}],"wp:featuredmedia":[{"embeddable":true,"href":"https:\/\/crlanguages.com\/vi\/wp-json\/wp\/v2\/media\/80392"}],"wp:attachment":[{"href":"https:\/\/crlanguages.com\/vi\/wp-json\/wp\/v2\/media?parent=80347"}],"wp:term":[{"taxonomy":"product_brand","embeddable":true,"href":"https:\/\/crlanguages.com\/vi\/wp-json\/wp\/v2\/product_brand?post=80347"},{"taxonomy":"product_cat","embeddable":true,"href":"https:\/\/crlanguages.com\/vi\/wp-json\/wp\/v2\/product_cat?post=80347"},{"taxonomy":"product_tag","embeddable":true,"href":"https:\/\/crlanguages.com\/vi\/wp-json\/wp\/v2\/product_tag?post=80347"}],"curies":[{"name":"wp","href":"https:\/\/api.w.org\/{rel}","templated":true}]}}