{"id":7430,"date":"2020-08-11T13:15:48","date_gmt":"2020-08-11T19:15:48","guid":{"rendered":"https:\/\/portal.crlanguages.com\/?post_type=product&#038;p=7430"},"modified":"2025-01-23T11:25:38","modified_gmt":"2025-01-23T18:25:38","slug":"bai-kiem-tra-xep-lop-tieng-phap","status":"publish","type":"product","link":"https:\/\/crlanguages.com\/vi\/product\/french-placement-test\/","title":{"rendered":"B\u00e0i ki\u1ec3m tra x\u1ebfp l\u1edbp ti\u1ebfng Ph\u00e1p"},"content":{"rendered":"<p>\u0110\u00e2y l\u00e0 b\u00e0i ki\u1ec3m tra tr\u00ecnh \u0111\u1ed9 ti\u1ebfng Ph\u00e1p, nh\u1eb1m \u0111\u00e1nh gi\u00e1 kh\u1ea3 n\u0103ng hi\u1ec7n t\u1ea1i c\u1ee7a b\u1ea1n \u0111\u1ec3 x\u00e1c \u0111\u1ecbnh tr\u00ecnh \u0111\u1ed9 ti\u1ebfng Ph\u00e1p n\u00e0o c\u1ee7a ch\u00fang t\u00f4i ph\u00f9 h\u1ee3p nh\u1ea5t v\u1edbi b\u1ea1n. M\u1ee5c ti\u00eau kh\u00f4ng ph\u1ea3i l\u00e0 \u0111\u1ea1t \u0111i\u1ec3m cao nh\u1ea5t, m\u00e0 l\u00e0 c\u00f3 \u0111\u01b0\u1ee3c \u0111\u00e1nh gi\u00e1 ch\u00ednh x\u00e1c v\u1ec1 tr\u00ecnh \u0111\u1ed9 hi\u1ec7n t\u1ea1i c\u1ee7a b\u1ea1n.<\/p>","protected":false},"excerpt":{"rendered":"<p>\u0110\u00e2y l\u00e0 b\u00e0i ki\u1ec3m tra tr\u00ecnh \u0111\u1ed9 ti\u1ebfng Ph\u00e1p, nh\u1eb1m \u0111\u00e1nh gi\u00e1 kh\u1ea3 n\u0103ng hi\u1ec7n t\u1ea1i c\u1ee7a b\u1ea1n \u0111\u1ec3 x\u00e1c \u0111\u1ecbnh tr\u00ecnh \u0111\u1ed9 ti\u1ebfng Ph\u00e1p n\u00e0o c\u1ee7a ch\u00fang t\u00f4i ph\u00f9 h\u1ee3p nh\u1ea5t v\u1edbi b\u1ea1n. M\u1ee5c ti\u00eau kh\u00f4ng ph\u1ea3i l\u00e0 \u0111\u1ea1t \u0111i\u1ec3m cao nh\u1ea5t, m\u00e0 l\u00e0 c\u00f3 \u0111\u01b0\u1ee3c \u0111\u00e1nh gi\u00e1 ch\u00ednh x\u00e1c v\u1ec1 tr\u00ecnh \u0111\u1ed9 hi\u1ec7n t\u1ea1i c\u1ee7a b\u1ea1n.<\/p>","protected":false},"featured_media":28614,"template":"","meta":{"_acf_changed":false},"product_brand":[],"product_cat":[108],"product_tag":[],"class_list":{"0":"post-7430","1":"product","2":"type-product","3":"status-publish","4":"has-post-thumbnail","6":"product_cat-placement-tests","8":"first","9":"instock","10":"virtual","11":"sold-individually","12":"purchasable","13":"product-type-course"},"acf":[],"_links":{"self":[{"href":"https:\/\/crlanguages.com\/vi\/wp-json\/wp\/v2\/product\/7430","targetHints":{"allow":["GET"]}}],"collection":[{"href":"https:\/\/crlanguages.com\/vi\/wp-json\/wp\/v2\/product"}],"about":[{"href":"https:\/\/crlanguages.com\/vi\/wp-json\/wp\/v2\/types\/product"}],"wp:featuredmedia":[{"embeddable":true,"href":"https:\/\/crlanguages.com\/vi\/wp-json\/wp\/v2\/media\/28614"}],"wp:attachment":[{"href":"https:\/\/crlanguages.com\/vi\/wp-json\/wp\/v2\/media?parent=7430"}],"wp:term":[{"taxonomy":"product_brand","embeddable":true,"href":"https:\/\/crlanguages.com\/vi\/wp-json\/wp\/v2\/product_brand?post=7430"},{"taxonomy":"product_cat","embeddable":true,"href":"https:\/\/crlanguages.com\/vi\/wp-json\/wp\/v2\/product_cat?post=7430"},{"taxonomy":"product_tag","embeddable":true,"href":"https:\/\/crlanguages.com\/vi\/wp-json\/wp\/v2\/product_tag?post=7430"}],"curies":[{"name":"wp","href":"https:\/\/api.w.org\/{rel}","templated":true}]}}