{"id":7429,"date":"2020-08-11T13:13:30","date_gmt":"2020-08-11T19:13:30","guid":{"rendered":"https:\/\/portal.crlanguages.com\/?post_type=product&#038;p=7429"},"modified":"2025-01-03T11:23:35","modified_gmt":"2025-01-03T18:23:35","slug":"tieng-tay-ban-nha-2-voi-julieta","status":"publish","type":"product","link":"https:\/\/crlanguages.com\/vi\/product\/spanish-2-with-julieta\/","title":{"rendered":"Ti\u1ebfng T\u00e2y Ban Nha 2 v\u1edbi Julieta"},"content":{"rendered":"<p>Trong kh\u00f3a h\u1ecdc Ti\u1ebfng T\u00e2y Ban Nha 2, h\u1ecdc sinh s\u1ebd n\u00e2ng cao kh\u1ea3 n\u0103ng giao ti\u1ebfp c\u1ee7a m\u00ecnh l\u00ean m\u1ed9t t\u1ea7m cao m\u1edbi, h\u1ecdc c\u00e1c th\u00ec qu\u00e1 kh\u1ee9 ch\u00ednh, c\u00e1ch s\u1eed d\u1ee5ng \u0111\u00fang \u2018para\u2019 v\u00e0 \u2018por\u2019, c\u0169ng nh\u01b0 c\u00e1ch s\u1eed d\u1ee5ng t\u00e2n ng\u1eef tr\u1ef1c ti\u1ebfp v\u00e0 t\u00e2n ng\u1eef gi\u00e1n ti\u1ebfp. Kh\u00f3a h\u1ecdc hi\u1ec7n t\u1ea1i bao g\u1ed3m c\u00e1c b\u00e0i h\u1ecdc kh\u00e1c nhau, m\u1ed7i b\u00e0i \u0111\u1ec1u c\u00f3 video gi\u1ea3i th\u00edch t\u01b0\u01a1ng t\u00e1c (b\u1eb1ng ti\u1ebfng T\u00e2y Ban Nha) v\u00e0 t\u00e0i li\u1ec7u PDF c\u00f3 th\u1ec3 t\u1ea3i xu\u1ed1ng (b\u1eb1ng ti\u1ebfng Anh). S\u1ebd c\u00f3 th\u00eam n\u1ed9i dung \u0111\u01b0\u1ee3c b\u1ed5 sung trong th\u1eddi gian t\u1edbi. <a href=\"https:\/\/crlanguages.com\/vi\/cac-khoa-hoc\/tieng-tay-ban-nha-2-voi-julieta\/\">Xem c\u00e1c b\u00e0i h\u1ecdc m\u1eabu t\u1ea1i \u0111\u00e2y<\/a>.<\/p>","protected":false},"excerpt":{"rendered":"<p>Trong kh\u00f3a h\u1ecdc Ti\u1ebfng T\u00e2y Ban Nha 2, h\u1ecdc sinh s\u1ebd n\u00e2ng cao kh\u1ea3 n\u0103ng giao ti\u1ebfp c\u1ee7a m\u00ecnh l\u00ean m\u1ed9t t\u1ea7m cao m\u1edbi, h\u1ecdc c\u00e1c th\u00ec qu\u00e1 kh\u1ee9 ch\u00ednh, c\u00e1ch s\u1eed d\u1ee5ng \u0111\u00fang \u2018para\u2019 v\u00e0 \u2018por\u2019, c\u0169ng nh\u01b0 c\u00e1ch s\u1eed d\u1ee5ng t\u00e2n ng\u1eef tr\u1ef1c ti\u1ebfp v\u00e0 t\u00e2n ng\u1eef gi\u00e1n ti\u1ebfp. Kh\u00f3a h\u1ecdc hi\u1ec7n t\u1ea1i bao g\u1ed3m c\u00e1c b\u00e0i h\u1ecdc kh\u00e1c nhau, m\u1ed7i b\u00e0i \u0111\u1ec1u c\u00f3 video gi\u1ea3i th\u00edch t\u01b0\u01a1ng t\u00e1c (b\u1eb1ng ti\u1ebfng T\u00e2y Ban Nha) v\u00e0 t\u00e0i li\u1ec7u PDF c\u00f3 th\u1ec3 t\u1ea3i xu\u1ed1ng (b\u1eb1ng ti\u1ebfng Anh). S\u1ebd c\u00f3 th\u00eam n\u1ed9i dung \u0111\u01b0\u1ee3c b\u1ed5 sung trong th\u1eddi gian t\u1edbi. <a href=\"https:\/\/crlanguages.com\/vi\/cac-khoa-hoc\/tieng-tay-ban-nha-2-voi-julieta\/\">Xem c\u00e1c b\u00e0i h\u1ecdc m\u1eabu t\u1ea1i \u0111\u00e2y<\/a>.<\/p>","protected":false},"featured_media":28613,"template":"","meta":{"_acf_changed":false},"product_brand":[],"product_cat":[106],"product_tag":[153],"class_list":{"0":"post-7429","1":"product","2":"type-product","3":"status-publish","4":"has-post-thumbnail","6":"product_cat-online-course","7":"product_tag-spanish-with-julieta","9":"first","10":"instock","11":"virtual","12":"sold-individually","13":"taxable","14":"purchasable","15":"product-type-course"},"acf":[],"_links":{"self":[{"href":"https:\/\/crlanguages.com\/vi\/wp-json\/wp\/v2\/product\/7429","targetHints":{"allow":["GET"]}}],"collection":[{"href":"https:\/\/crlanguages.com\/vi\/wp-json\/wp\/v2\/product"}],"about":[{"href":"https:\/\/crlanguages.com\/vi\/wp-json\/wp\/v2\/types\/product"}],"wp:featuredmedia":[{"embeddable":true,"href":"https:\/\/crlanguages.com\/vi\/wp-json\/wp\/v2\/media\/28613"}],"wp:attachment":[{"href":"https:\/\/crlanguages.com\/vi\/wp-json\/wp\/v2\/media?parent=7429"}],"wp:term":[{"taxonomy":"product_brand","embeddable":true,"href":"https:\/\/crlanguages.com\/vi\/wp-json\/wp\/v2\/product_brand?post=7429"},{"taxonomy":"product_cat","embeddable":true,"href":"https:\/\/crlanguages.com\/vi\/wp-json\/wp\/v2\/product_cat?post=7429"},{"taxonomy":"product_tag","embeddable":true,"href":"https:\/\/crlanguages.com\/vi\/wp-json\/wp\/v2\/product_tag?post=7429"}],"curies":[{"name":"wp","href":"https:\/\/api.w.org\/{rel}","templated":true}]}}