{"id":7426,"date":"2020-08-11T13:09:34","date_gmt":"2020-08-11T19:09:34","guid":{"rendered":"https:\/\/portal.crlanguages.com\/?post_type=product&#038;p=7426"},"modified":"2025-01-03T11:22:34","modified_gmt":"2025-01-03T18:22:34","slug":"tieng-tay-ban-nha-1-voi-julieta","status":"publish","type":"product","link":"https:\/\/crlanguages.com\/vi\/product\/spanish-1-with-julieta\/","title":{"rendered":"Ti\u1ebfng T\u00e2y Ban Nha 1 v\u1edbi Julieta"},"content":{"rendered":"<p>Kh\u00f3a h\u1ecdc n\u00e0y l\u00e0 phi\u00ean b\u1ea3n tr\u1ef1c tuy\u1ebfn t\u01b0\u01a1ng \u0111\u01b0\u01a1ng v\u1edbi kh\u00f3a h\u1ecdc Ti\u1ebfng T\u00e2y Ban Nha 1 c\u1ee7a ch\u00fang t\u00f4i. \u0110\u00e2y l\u00e0 m\u1ed9t kh\u00f3a h\u1ecdc s\u00e2u r\u1ed9ng v\u1ec1 c\u00e1c ki\u1ebfn th\u1ee9c c\u01a1 b\u1ea3n c\u1ee7a Ti\u1ebfng T\u00e2y Ban Nha, bao g\u1ed3m t\u1ea5t c\u1ea3 c\u00e1c d\u1ea1ng c\u1ee7a th\u00ec hi\u1ec7n t\u1ea1i v\u1edbi \u0111\u1ed9ng t\u1eeb th\u01b0\u1eddng, \u0111\u1ed9ng t\u1eeb b\u1ea5t quy t\u1eafc, \u0111\u1ed9ng t\u1eeb nguy\u00ean th\u1ec3, \u0111\u1ed9ng t\u1eeb ph\u1ea3n th\u00e2n v\u00e0 c\u00e1c \u0111\u1ed9ng t\u1eeb nh\u01b0 \u2018gustar\u2019. Kh\u00f3a h\u1ecdc c\u0169ng bao g\u1ed3m c\u00e1c so s\u00e1nh nh\u01b0 \u2018h\u01a1n\u2019, \u2018\u00edt h\u01a1n\u2019, \u2018b\u1eb1ng\u2019, v.v. C\u00e1c b\u00e0i h\u1ecdc c\u0169ng bao g\u1ed3m c\u00e1ch \u0111\u1eb7t c\u00e2u h\u1ecfi s\u1eed d\u1ee5ng \u2018desde\u2019 v\u00e0 \u2018hace\u2019. B\u1ea3y video \u0111\u01b0\u1ee3c d\u00e0nh ri\u00eang cho ph\u00e1t \u00e2m ti\u1ebfng T\u00e2y Ban Nha. Kh\u00f3a h\u1ecdc n\u00e0y bao g\u1ed3m 42 b\u00e0i h\u1ecdc kh\u00e1c nhau, m\u1ed7i b\u00e0i c\u00f3 gi\u1ea3i th\u00edch video t\u01b0\u01a1ng t\u00e1c (b\u1eb1ng ti\u1ebfng T\u00e2y Ban Nha) v\u00e0 t\u00e0i li\u1ec7u PDF c\u00f3 th\u1ec3 t\u1ea3i xu\u1ed1ng (b\u1eb1ng ti\u1ebfng Anh), c\u00f9ng v\u1edbi c\u00e1c b\u00e0i t\u1eadp. Sau khi mua, b\u1ea1n s\u1ebd c\u00f3 quy\u1ec1n truy c\u1eadp tr\u1ecdn \u0111\u1eddi v\u00e0o kh\u00f3a h\u1ecdc, bao g\u1ed3m c\u1ea3 n\u1ed9i dung m\u1edbi m\u00e0 ch\u00fang t\u00f4i ti\u1ebfp t\u1ee5c c\u1eadp nh\u1eadt. <a href=\"https:\/\/crlanguages.com\/vi\/cac-khoa-hoc\/tieng-tay-ban-nha-1-voi-julieta\/\">Xem c\u00e1c b\u00e0i h\u1ecdc m\u1eabu t\u1ea1i \u0111\u00e2y<\/a>.<\/p>","protected":false},"excerpt":{"rendered":"<p>Kh\u00f3a h\u1ecdc n\u00e0y l\u00e0 phi\u00ean b\u1ea3n tr\u1ef1c tuy\u1ebfn t\u01b0\u01a1ng \u0111\u01b0\u01a1ng v\u1edbi kh\u00f3a h\u1ecdc Ti\u1ebfng T\u00e2y Ban Nha 1 c\u1ee7a ch\u00fang t\u00f4i. \u0110\u00e2y l\u00e0 m\u1ed9t kh\u00f3a h\u1ecdc s\u00e2u r\u1ed9ng v\u1ec1 c\u00e1c ki\u1ebfn th\u1ee9c c\u01a1 b\u1ea3n c\u1ee7a Ti\u1ebfng T\u00e2y Ban Nha, bao g\u1ed3m t\u1ea5t c\u1ea3 c\u00e1c d\u1ea1ng c\u1ee7a th\u00ec hi\u1ec7n t\u1ea1i v\u1edbi \u0111\u1ed9ng t\u1eeb th\u01b0\u1eddng, \u0111\u1ed9ng t\u1eeb b\u1ea5t quy t\u1eafc, \u0111\u1ed9ng t\u1eeb nguy\u00ean th\u1ec3, \u0111\u1ed9ng t\u1eeb ph\u1ea3n th\u00e2n v\u00e0 c\u00e1c \u0111\u1ed9ng t\u1eeb nh\u01b0 \u2018gustar\u2019. Kh\u00f3a h\u1ecdc c\u0169ng bao g\u1ed3m c\u00e1c so s\u00e1nh nh\u01b0 \u2018h\u01a1n\u2019, \u2018\u00edt h\u01a1n\u2019, \u2018b\u1eb1ng\u2019, v.v. C\u00e1c b\u00e0i h\u1ecdc c\u0169ng bao g\u1ed3m c\u00e1ch \u0111\u1eb7t c\u00e2u h\u1ecfi s\u1eed d\u1ee5ng \u2018desde\u2019 v\u00e0 \u2018hace\u2019. B\u1ea3y video \u0111\u01b0\u1ee3c d\u00e0nh ri\u00eang cho ph\u00e1t \u00e2m ti\u1ebfng T\u00e2y Ban Nha. Kh\u00f3a h\u1ecdc n\u00e0y bao g\u1ed3m 42 b\u00e0i h\u1ecdc kh\u00e1c nhau, m\u1ed7i b\u00e0i c\u00f3 gi\u1ea3i th\u00edch video t\u01b0\u01a1ng t\u00e1c (b\u1eb1ng ti\u1ebfng T\u00e2y Ban Nha) v\u00e0 t\u00e0i li\u1ec7u PDF c\u00f3 th\u1ec3 t\u1ea3i xu\u1ed1ng (b\u1eb1ng ti\u1ebfng Anh), c\u00f9ng v\u1edbi c\u00e1c b\u00e0i t\u1eadp. Sau khi mua, b\u1ea1n s\u1ebd c\u00f3 quy\u1ec1n truy c\u1eadp tr\u1ecdn \u0111\u1eddi v\u00e0o kh\u00f3a h\u1ecdc, bao g\u1ed3m c\u1ea3 n\u1ed9i dung m\u1edbi m\u00e0 ch\u00fang t\u00f4i ti\u1ebfp t\u1ee5c c\u1eadp nh\u1eadt. <a href=\"https:\/\/crlanguages.com\/vi\/cac-khoa-hoc\/tieng-tay-ban-nha-1-voi-julieta\/\">Xem c\u00e1c b\u00e0i h\u1ecdc m\u1eabu t\u1ea1i \u0111\u00e2y<\/a>.<\/p>","protected":false},"featured_media":28610,"template":"","meta":{"_acf_changed":false},"product_brand":[],"product_cat":[106],"product_tag":[153],"class_list":{"0":"post-7426","1":"product","2":"type-product","3":"status-publish","4":"has-post-thumbnail","6":"product_cat-online-course","7":"product_tag-spanish-with-julieta","9":"first","10":"instock","11":"virtual","12":"sold-individually","13":"taxable","14":"purchasable","15":"product-type-simple"},"acf":[],"_links":{"self":[{"href":"https:\/\/crlanguages.com\/vi\/wp-json\/wp\/v2\/product\/7426","targetHints":{"allow":["GET"]}}],"collection":[{"href":"https:\/\/crlanguages.com\/vi\/wp-json\/wp\/v2\/product"}],"about":[{"href":"https:\/\/crlanguages.com\/vi\/wp-json\/wp\/v2\/types\/product"}],"wp:featuredmedia":[{"embeddable":true,"href":"https:\/\/crlanguages.com\/vi\/wp-json\/wp\/v2\/media\/28610"}],"wp:attachment":[{"href":"https:\/\/crlanguages.com\/vi\/wp-json\/wp\/v2\/media?parent=7426"}],"wp:term":[{"taxonomy":"product_brand","embeddable":true,"href":"https:\/\/crlanguages.com\/vi\/wp-json\/wp\/v2\/product_brand?post=7426"},{"taxonomy":"product_cat","embeddable":true,"href":"https:\/\/crlanguages.com\/vi\/wp-json\/wp\/v2\/product_cat?post=7426"},{"taxonomy":"product_tag","embeddable":true,"href":"https:\/\/crlanguages.com\/vi\/wp-json\/wp\/v2\/product_tag?post=7426"}],"curies":[{"name":"wp","href":"https:\/\/api.w.org\/{rel}","templated":true}]}}