{"id":7424,"date":"2020-08-11T12:36:22","date_gmt":"2020-08-11T18:36:22","guid":{"rendered":"https:\/\/portal.crlanguages.com\/?post_type=product&#038;p=7424"},"modified":"2025-05-26T22:51:32","modified_gmt":"2025-05-27T04:51:32","slug":"gioi-thieu-bang-tieng-tay-ban-nha-voi-julieta","status":"publish","type":"product","link":"https:\/\/crlanguages.com\/vi\/product\/spanish-intro-with-julieta\/","title":{"rendered":"Gi\u1edbi thi\u1ec7u ti\u1ebfng T\u00e2y Ban Nha v\u1edbi Julieta"},"content":{"rendered":"<p>V\u1edbi s\u1ef1 h\u01b0\u1edbng d\u1eabn c\u1ee7a gi\u00e1o vi\u00ean gi\u1ecfi Julieta v\u00e0 ch\u01b0\u01a1ng tr\u00ecnh h\u1ecdc \u0111\u01b0\u1ee3c thi\u1ebft k\u1ebf ri\u00eang, h\u1ecdc vi\u00ean s\u1ebd x\u00e2y d\u1ef1ng n\u1ec1n t\u1ea3ng v\u1eefng ch\u1eafc v\u1ec1 c\u00e1c ki\u1ebfn th\u1ee9c c\u01a1 b\u1ea3n c\u1ee7a ti\u1ebfng T\u00e2y Ban Nha. Kh\u00f3a h\u1ecdc n\u00e0y bao g\u1ed3m c\u00e1c video b\u1eb1ng c\u1ea3 ti\u1ebfng T\u00e2y Ban Nha c\u01a1 b\u1ea3n v\u00e0 ti\u1ebfng Anh, danh s\u00e1ch t\u1eeb v\u1ef1ng v\u00e0 c\u00e1c b\u00e0i ki\u1ec3m tra. V\u1edbi 57 b\u00e0i h\u1ecdc kh\u00e1c nhau, h\u1ecdc vi\u00ean s\u1ebd b\u1eaft \u0111\u1ea7u x\u00e2y d\u1ef1ng n\u1ec1n t\u1ea3ng r\u1ed9ng r\u00e3i v\u1ec1 c\u1ea5u tr\u00fac ng\u1eef ph\u00e1p ti\u1ebfng T\u00e2y Ban Nha, t\u1eeb v\u1ef1ng c\u01a1 b\u1ea3n, ph\u00e1t \u00e2m v\u00e0 c\u00e1c c\u1ea5u tr\u00fac h\u1ed9i tho\u1ea1i h\u1eefu \u00edch. Kh\u00f3a h\u1ecdc tr\u1ef1c tuy\u1ebfn n\u00e0y l\u00e0 m\u1ed9t gi\u1edbi thi\u1ec7u tuy\u1ec7t v\u1eddi v\u00e0 l\u00e0 m\u1ed9t b\u1ed5 sung xu\u1ea5t s\u1eafc cho l\u1edbp h\u1ecdc ti\u1ebfng T\u00e2y Ban Nha c\u01a1 b\u1ea3n tr\u1ef1c ti\u1ebfp c\u1ee7a ch\u00fang t\u00f4i. <a href=\"https:\/\/crlanguages.com\/vi\/cac-khoa-hoc\/gioi-thieu-bang-tieng-tay-ban-nha-voi-julieta\/\">Xem c\u00e1c b\u00e0i h\u1ecdc m\u1eabu t\u1ea1i \u0111\u00e2y<\/a>.<\/p>","protected":false},"excerpt":{"rendered":"<p>V\u1edbi s\u1ef1 h\u01b0\u1edbng d\u1eabn c\u1ee7a gi\u00e1o vi\u00ean gi\u1ecfi Julieta v\u00e0 ch\u01b0\u01a1ng tr\u00ecnh h\u1ecdc \u0111\u01b0\u1ee3c thi\u1ebft k\u1ebf ri\u00eang, h\u1ecdc vi\u00ean s\u1ebd x\u00e2y d\u1ef1ng n\u1ec1n t\u1ea3ng v\u1eefng ch\u1eafc v\u1ec1 c\u00e1c ki\u1ebfn th\u1ee9c c\u01a1 b\u1ea3n c\u1ee7a ti\u1ebfng T\u00e2y Ban Nha. Kh\u00f3a h\u1ecdc n\u00e0y bao g\u1ed3m c\u00e1c video b\u1eb1ng c\u1ea3 ti\u1ebfng T\u00e2y Ban Nha c\u01a1 b\u1ea3n v\u00e0 ti\u1ebfng Anh, danh s\u00e1ch t\u1eeb v\u1ef1ng v\u00e0 c\u00e1c b\u00e0i ki\u1ec3m tra. V\u1edbi 57 b\u00e0i h\u1ecdc kh\u00e1c nhau, h\u1ecdc vi\u00ean s\u1ebd b\u1eaft \u0111\u1ea7u x\u00e2y d\u1ef1ng n\u1ec1n t\u1ea3ng r\u1ed9ng r\u00e3i v\u1ec1 c\u1ea5u tr\u00fac ng\u1eef ph\u00e1p ti\u1ebfng T\u00e2y Ban Nha, t\u1eeb v\u1ef1ng c\u01a1 b\u1ea3n, ph\u00e1t \u00e2m v\u00e0 c\u00e1c c\u1ea5u tr\u00fac h\u1ed9i tho\u1ea1i h\u1eefu \u00edch. Kh\u00f3a h\u1ecdc tr\u1ef1c tuy\u1ebfn n\u00e0y l\u00e0 m\u1ed9t gi\u1edbi thi\u1ec7u tuy\u1ec7t v\u1eddi v\u00e0 l\u00e0 m\u1ed9t b\u1ed5 sung xu\u1ea5t s\u1eafc cho l\u1edbp h\u1ecdc ti\u1ebfng T\u00e2y Ban Nha c\u01a1 b\u1ea3n tr\u1ef1c ti\u1ebfp c\u1ee7a ch\u00fang t\u00f4i. <a href=\"https:\/\/crlanguages.com\/vi\/cac-khoa-hoc\/gioi-thieu-bang-tieng-tay-ban-nha-voi-julieta\/\">Xem c\u00e1c b\u00e0i h\u1ecdc m\u1eabu t\u1ea1i \u0111\u00e2y<\/a>.<\/p>","protected":false},"featured_media":28608,"template":"","meta":{"_acf_changed":false},"product_brand":[],"product_cat":[106],"product_tag":[153],"class_list":{"0":"post-7424","1":"product","2":"type-product","3":"status-publish","4":"has-post-thumbnail","6":"product_cat-online-course","7":"product_tag-spanish-with-julieta","9":"first","10":"instock","11":"virtual","12":"sold-individually","13":"taxable","14":"purchasable","15":"product-type-simple"},"acf":[],"_links":{"self":[{"href":"https:\/\/crlanguages.com\/vi\/wp-json\/wp\/v2\/product\/7424","targetHints":{"allow":["GET"]}}],"collection":[{"href":"https:\/\/crlanguages.com\/vi\/wp-json\/wp\/v2\/product"}],"about":[{"href":"https:\/\/crlanguages.com\/vi\/wp-json\/wp\/v2\/types\/product"}],"wp:featuredmedia":[{"embeddable":true,"href":"https:\/\/crlanguages.com\/vi\/wp-json\/wp\/v2\/media\/28608"}],"wp:attachment":[{"href":"https:\/\/crlanguages.com\/vi\/wp-json\/wp\/v2\/media?parent=7424"}],"wp:term":[{"taxonomy":"product_brand","embeddable":true,"href":"https:\/\/crlanguages.com\/vi\/wp-json\/wp\/v2\/product_brand?post=7424"},{"taxonomy":"product_cat","embeddable":true,"href":"https:\/\/crlanguages.com\/vi\/wp-json\/wp\/v2\/product_cat?post=7424"},{"taxonomy":"product_tag","embeddable":true,"href":"https:\/\/crlanguages.com\/vi\/wp-json\/wp\/v2\/product_tag?post=7424"}],"curies":[{"name":"wp","href":"https:\/\/api.w.org\/{rel}","templated":true}]}}