{"id":67256,"date":"2024-05-02T12:19:00","date_gmt":"2024-05-02T18:19:00","guid":{"rendered":"https:\/\/crlanguages.com\/?post_type=product&#038;p=67256"},"modified":"2024-05-03T10:12:38","modified_gmt":"2024-05-03T16:12:38","slug":"khoa-hoc-kinh-doanh-tieng-anh-va-tieng-tay-ban-nha","status":"publish","type":"product","link":"https:\/\/crlanguages.com\/vi\/product\/business-course-english-spanish\/","title":{"rendered":"Kh\u00f3a h\u1ecdc Kinh doanh: Ti\u1ebfng Anh \u2013 Ti\u1ebfng T\u00e2y Ban Nha"},"content":{"rendered":"<div class=\"TypographyPresentation TypographyPresentation--m RichText3-paragraph--withVSpacingNormal RichText3-paragraph\">Are you a Spanish learner with a keen interest in mastering essential business vocabulary? Our comprehensive Business Vocabulary course is designed to equip you with the linguistic tools necessary for success in the corporate world.<\/div>\n<div><\/div>\n<div class=\"TypographyPresentation TypographyPresentation--m RichText3-paragraph--withVSpacingNormal RichText3-paragraph\">Each module in this course is presented in PDF format, providing you with bilingual business vocabulary, and example sentences. But that&#8217;s not all &#8211; we understand the importance of pronunciation and auditory learning.<\/div>\n<div><\/div>\n<div class=\"TypographyPresentation TypographyPresentation--m RichText3-paragraph--withVSpacingNormal RichText3-paragraph\">That&#8217;s why each PDF is accompanied by an audio file, allowing you to listen and practice the correct pronunciation of each term and sentence.<\/div>\n<div><\/div>\n<div class=\"TypographyPresentation TypographyPresentation--m RichText3-paragraph--withVSpacingNormal RichText3-paragraph\">Here&#8217;s a glimpse of what you&#8217;ll learn in each module:<\/div>\n<ol class=\"RichTextList-numbered\">\n<li>\n<div class=\"TypographyPresentation TypographyPresentation--m RichText3-paragraph--withVSpacingNormal RichText3-paragraph\">Research and Development (5 pages)<\/div>\n<\/li>\n<li>\n<div class=\"TypographyPresentation TypographyPresentation--m RichText3-paragraph--withVSpacingNormal RichText3-paragraph\">General Business (4 pages)<\/div>\n<\/li>\n<li>\n<div class=\"TypographyPresentation TypographyPresentation--m RichText3-paragraph--withVSpacingNormal RichText3-paragraph\">Production (3 pages)<\/div>\n<\/li>\n<li>\n<div class=\"TypographyPresentation TypographyPresentation--m RichText3-paragraph--withVSpacingNormal RichText3-paragraph\">Sales (4 pages)<\/div>\n<\/li>\n<li>\n<div class=\"TypographyPresentation TypographyPresentation--m RichText3-paragraph--withVSpacingNormal RichText3-paragraph\">Food Division (5 pages)<\/div>\n<\/li>\n<li>\n<div class=\"TypographyPresentation TypographyPresentation--m RichText3-paragraph--withVSpacingNormal RichText3-paragraph\">Food Import Regulations (5 pages)<\/div>\n<\/li>\n<li>\n<div class=\"TypographyPresentation TypographyPresentation--m RichText3-paragraph--withVSpacingNormal RichText3-paragraph\">Supply Chain (6 pages)<\/div>\n<\/li>\n<li>\n<div class=\"TypographyPresentation TypographyPresentation--m RichText3-paragraph--withVSpacingNormal RichText3-paragraph\">Sales Operations (6 pages)<\/div>\n<\/li>\n<li>\n<div class=\"TypographyPresentation TypographyPresentation--m RichText3-paragraph--withVSpacingNormal RichText3-paragraph\">Finance (8 pages)<\/div>\n<\/li>\n<li>\n<div class=\"TypographyPresentation TypographyPresentation--m RichText3-paragraph--withVSpacingNormal RichText3-paragraph\">International Business (11 pages)<\/div>\n<\/li>\n<li>\n<div class=\"TypographyPresentation TypographyPresentation--m RichText3-paragraph--withVSpacingNormal RichText3-paragraph\">Creative Strategist (12 pages)<\/div>\n<\/li>\n<li>\n<div class=\"TypographyPresentation TypographyPresentation--m RichText3-paragraph--withVSpacingNormal RichText3-paragraph\">Cost (7 pages)<\/div>\n<\/li>\n<li>\n<div class=\"TypographyPresentation TypographyPresentation--m RichText3-paragraph--withVSpacingNormal RichText3-paragraph\">Human Resources (8 pages)<\/div>\n<\/li>\n<\/ol>\n<div class=\"TypographyPresentation TypographyPresentation--m RichText3-paragraph--withVSpacingNormal RichText3-paragraph\">Whether you&#8217;re a budding entrepreneur, a seasoned professional, or simply eager to enhance your Spanish language skills for business purposes, our Business Vocabulary course has something for everyone. Access it now and take the first step towards mastering the language of commerce!<\/div>","protected":false},"excerpt":{"rendered":"<div class=\"TypographyPresentation TypographyPresentation--m RichText3-paragraph--withVSpacingNormal RichText3-paragraph\">Kh\u00f3a h\u1ecdc T\u1eeb v\u1ef1ng Kinh doanh To\u00e0n di\u1ec7n c\u1ee7a ch\u00fang t\u00f4i \u0111\u01b0\u1ee3c thi\u1ebft k\u1ebf \u0111\u1ec3 trang b\u1ecb cho b\u1ea1n nh\u1eefng c\u00f4ng c\u1ee5 ng\u00f4n ng\u1eef c\u1ea7n thi\u1ebft \u0111\u1ec3 th\u00e0nh c\u00f4ng trong m\u00f4i tr\u01b0\u1eddng doanh nghi\u1ec7p. M\u1ed7i m\u00f4-\u0111un trong kh\u00f3a h\u1ecdc n\u00e0y \u0111\u01b0\u1ee3c tr\u00ecnh b\u00e0y d\u01b0\u1edbi d\u1ea1ng PDF, cung c\u1ea5p cho b\u1ea1n t\u1eeb v\u1ef1ng kinh doanh song ng\u1eef v\u00e0 c\u00e1c v\u00ed d\u1ee5 c\u00e2u.<\/div>","protected":false},"featured_media":67232,"template":"","meta":{"_acf_changed":false},"product_brand":[],"product_cat":[167,106],"product_tag":[165],"class_list":{"0":"post-67256","1":"product","2":"type-product","3":"status-publish","4":"has-post-thumbnail","6":"product_cat-topic-courses","7":"product_cat-online-course","8":"product_tag-english-spanish","10":"first","11":"instock","12":"virtual","13":"sold-individually","14":"purchasable","15":"product-type-course"},"acf":[],"_links":{"self":[{"href":"https:\/\/crlanguages.com\/vi\/wp-json\/wp\/v2\/product\/67256","targetHints":{"allow":["GET"]}}],"collection":[{"href":"https:\/\/crlanguages.com\/vi\/wp-json\/wp\/v2\/product"}],"about":[{"href":"https:\/\/crlanguages.com\/vi\/wp-json\/wp\/v2\/types\/product"}],"wp:featuredmedia":[{"embeddable":true,"href":"https:\/\/crlanguages.com\/vi\/wp-json\/wp\/v2\/media\/67232"}],"wp:attachment":[{"href":"https:\/\/crlanguages.com\/vi\/wp-json\/wp\/v2\/media?parent=67256"}],"wp:term":[{"taxonomy":"product_brand","embeddable":true,"href":"https:\/\/crlanguages.com\/vi\/wp-json\/wp\/v2\/product_brand?post=67256"},{"taxonomy":"product_cat","embeddable":true,"href":"https:\/\/crlanguages.com\/vi\/wp-json\/wp\/v2\/product_cat?post=67256"},{"taxonomy":"product_tag","embeddable":true,"href":"https:\/\/crlanguages.com\/vi\/wp-json\/wp\/v2\/product_tag?post=67256"}],"curies":[{"name":"wp","href":"https:\/\/api.w.org\/{rel}","templated":true}]}}