{"id":63714,"date":"2024-01-04T12:18:54","date_gmt":"2024-01-04T19:18:54","guid":{"rendered":"https:\/\/crlanguages.com\/?post_type=product&#038;p=63714"},"modified":"2024-01-04T12:28:50","modified_gmt":"2024-01-04T19:28:50","slug":"tieng-tay-ban-nha-5-sach-noi","status":"publish","type":"product","link":"https:\/\/crlanguages.com\/vi\/product\/spanish-5-audiobook\/","title":{"rendered":"Ti\u1ebfng T\u00e2y Ban Nha 5 - S\u00e1ch n\u00f3i"},"content":{"rendered":"<p>Nghe s\u00e1ch n\u00f3i k\u00e8m theo \u0111\u00e1p \u00e1n \u0111\u1ec3 n\u00e2ng cao k\u1ef9 n\u0103ng nghe c\u1ee7a b\u1ea1n v\u00e0 ki\u1ec3m tra \u0111\u00e1p \u00e1n c\u1ee7a m\u00ecnh.<\/p>","protected":false},"excerpt":{"rendered":"<p>Nghe s\u00e1ch n\u00f3i k\u00e8m theo \u0111\u00e1p \u00e1n \u0111\u1ec3 n\u00e2ng cao k\u1ef9 n\u0103ng nghe c\u1ee7a b\u1ea1n v\u00e0 ki\u1ec3m tra \u0111\u00e1p \u00e1n c\u1ee7a m\u00ecnh.<\/p>","protected":false},"featured_media":11292,"template":"","meta":{"_acf_changed":false},"product_brand":[],"product_cat":[84,160],"product_tag":[],"class_list":{"0":"post-63714","1":"product","2":"type-product","3":"status-publish","4":"has-post-thumbnail","6":"product_cat-books","7":"product_cat-books-free-audiobook","9":"first","10":"instock","11":"sale","12":"virtual","13":"taxable","14":"purchasable","15":"product-type-simple"},"acf":[],"_links":{"self":[{"href":"https:\/\/crlanguages.com\/vi\/wp-json\/wp\/v2\/product\/63714","targetHints":{"allow":["GET"]}}],"collection":[{"href":"https:\/\/crlanguages.com\/vi\/wp-json\/wp\/v2\/product"}],"about":[{"href":"https:\/\/crlanguages.com\/vi\/wp-json\/wp\/v2\/types\/product"}],"wp:featuredmedia":[{"embeddable":true,"href":"https:\/\/crlanguages.com\/vi\/wp-json\/wp\/v2\/media\/11292"}],"wp:attachment":[{"href":"https:\/\/crlanguages.com\/vi\/wp-json\/wp\/v2\/media?parent=63714"}],"wp:term":[{"taxonomy":"product_brand","embeddable":true,"href":"https:\/\/crlanguages.com\/vi\/wp-json\/wp\/v2\/product_brand?post=63714"},{"taxonomy":"product_cat","embeddable":true,"href":"https:\/\/crlanguages.com\/vi\/wp-json\/wp\/v2\/product_cat?post=63714"},{"taxonomy":"product_tag","embeddable":true,"href":"https:\/\/crlanguages.com\/vi\/wp-json\/wp\/v2\/product_tag?post=63714"}],"curies":[{"name":"wp","href":"https:\/\/api.w.org\/{rel}","templated":true}]}}