{"id":11291,"date":"2021-05-14T09:54:12","date_gmt":"2021-05-14T15:54:12","guid":{"rendered":"https:\/\/portal.crlanguages.com\/?post_type=product&#038;p=11291"},"modified":"2023-11-16T12:38:04","modified_gmt":"2023-11-16T19:38:04","slug":"spanish-2-audio-book","status":"publish","type":"product","link":"https:\/\/crlanguages.com\/vi\/product\/spanish-2-audio-book\/","title":{"rendered":"Spanish 2 Audiobook"},"content":{"rendered":"<p>Nghe s\u00e1ch n\u00f3i k\u00e8m theo \u0111\u00e1p \u00e1n \u0111\u1ec3 n\u00e2ng cao k\u1ef9 n\u0103ng nghe c\u1ee7a b\u1ea1n v\u00e0 ki\u1ec3m tra \u0111\u00e1p \u00e1n c\u1ee7a m\u00ecnh.<\/p>","protected":false},"excerpt":{"rendered":"<p>Nghe s\u00e1ch n\u00f3i k\u00e8m theo \u0111\u00e1p \u00e1n \u0111\u1ec3 n\u00e2ng cao k\u1ef9 n\u0103ng nghe c\u1ee7a b\u1ea1n v\u00e0 ki\u1ec3m tra \u0111\u00e1p \u00e1n c\u1ee7a m\u00ecnh.<\/p>","protected":false},"featured_media":11292,"template":"","meta":{"_acf_changed":false},"product_brand":[],"product_cat":[81],"product_tag":[],"class_list":{"0":"post-11291","1":"product","2":"type-product","3":"status-publish","4":"has-post-thumbnail","6":"product_cat-audio-books","8":"first","9":"instock","10":"sale","11":"downloadable","12":"virtual","13":"sold-individually","14":"taxable","15":"purchasable","16":"product-type-simple"},"acf":[],"_links":{"self":[{"href":"https:\/\/crlanguages.com\/vi\/wp-json\/wp\/v2\/product\/11291","targetHints":{"allow":["GET"]}}],"collection":[{"href":"https:\/\/crlanguages.com\/vi\/wp-json\/wp\/v2\/product"}],"about":[{"href":"https:\/\/crlanguages.com\/vi\/wp-json\/wp\/v2\/types\/product"}],"wp:featuredmedia":[{"embeddable":true,"href":"https:\/\/crlanguages.com\/vi\/wp-json\/wp\/v2\/media\/11292"}],"wp:attachment":[{"href":"https:\/\/crlanguages.com\/vi\/wp-json\/wp\/v2\/media?parent=11291"}],"wp:term":[{"taxonomy":"product_brand","embeddable":true,"href":"https:\/\/crlanguages.com\/vi\/wp-json\/wp\/v2\/product_brand?post=11291"},{"taxonomy":"product_cat","embeddable":true,"href":"https:\/\/crlanguages.com\/vi\/wp-json\/wp\/v2\/product_cat?post=11291"},{"taxonomy":"product_tag","embeddable":true,"href":"https:\/\/crlanguages.com\/vi\/wp-json\/wp\/v2\/product_tag?post=11291"}],"curies":[{"name":"wp","href":"https:\/\/api.w.org\/{rel}","templated":true}]}}