{"id":80347,"date":"2025-04-30T17:35:41","date_gmt":"2025-04-30T23:35:41","guid":{"rendered":"https:\/\/crlanguages.com\/?post_type=product&#038;p=80347"},"modified":"2025-04-30T17:36:25","modified_gmt":"2025-04-30T23:36:25","slug":"suplemento-de-negocios-para-espanhol-2","status":"publish","type":"product","link":"https:\/\/crlanguages.com\/pt\/product\/business-supplement-for-spanish-2\/","title":{"rendered":"Suplemento de neg\u00f3cios para espanhol 2"},"content":{"rendered":"","protected":false},"excerpt":{"rendered":"<p>Eleve sua jornada no Espanhol 2 com <b>Suplemento de neg\u00f3cios para espanhol 2 com Julieta<\/b>, um <b>Espanhol para neg\u00f3cios<\/b> livro de exerc\u00edcios complementar focado em refor\u00e7ar a gram\u00e1tica e o vocabul\u00e1rio que voc\u00ea j\u00e1 est\u00e1 aprendendo. Concebido como um recurso espec\u00edfico, este suplemento oferece exerc\u00edcios pr\u00e1ticos e cen\u00e1rios com temas empresariais \u2014 todos apresentados inteiramente em espanhol \u2014 para aprofundar sua compreens\u00e3o de conceitos como objetos diretos e indiretos, bem como os tempos imperfeito e pret\u00e9rito. No entanto, para obter melhores resultados, use-o em conjunto com o livro mais abrangente. <i><b>Espanhol com Julieta<\/b><\/i> series for comprehensive practice and exposure.<\/p>\n<p>Ready to strengthen your <b>Espanhol para neg\u00f3cios<\/b> habilidades? Mergulhe de cabe\u00e7a, seja consistente com sua pr\u00e1tica e deixe que cada passo o guie para mais perto da flu\u00eancia. Boa sorte!<\/p>","protected":false},"featured_media":80392,"template":"","meta":{"_acf_changed":false},"product_brand":[],"product_cat":[200],"product_tag":[],"class_list":{"0":"post-80347","1":"product","2":"type-product","3":"status-publish","4":"has-post-thumbnail","6":"product_cat-supplements-books","8":"first","9":"instock","10":"taxable","11":"shipping-taxable","12":"purchasable","13":"product-type-simple"},"acf":[],"_links":{"self":[{"href":"https:\/\/crlanguages.com\/pt\/wp-json\/wp\/v2\/product\/80347","targetHints":{"allow":["GET"]}}],"collection":[{"href":"https:\/\/crlanguages.com\/pt\/wp-json\/wp\/v2\/product"}],"about":[{"href":"https:\/\/crlanguages.com\/pt\/wp-json\/wp\/v2\/types\/product"}],"wp:featuredmedia":[{"embeddable":true,"href":"https:\/\/crlanguages.com\/pt\/wp-json\/wp\/v2\/media\/80392"}],"wp:attachment":[{"href":"https:\/\/crlanguages.com\/pt\/wp-json\/wp\/v2\/media?parent=80347"}],"wp:term":[{"taxonomy":"product_brand","embeddable":true,"href":"https:\/\/crlanguages.com\/pt\/wp-json\/wp\/v2\/product_brand?post=80347"},{"taxonomy":"product_cat","embeddable":true,"href":"https:\/\/crlanguages.com\/pt\/wp-json\/wp\/v2\/product_cat?post=80347"},{"taxonomy":"product_tag","embeddable":true,"href":"https:\/\/crlanguages.com\/pt\/wp-json\/wp\/v2\/product_tag?post=80347"}],"curies":[{"name":"wp","href":"https:\/\/api.w.org\/{rel}","templated":true}]}}