{"id":7430,"date":"2020-08-11T13:15:48","date_gmt":"2020-08-11T19:15:48","guid":{"rendered":"https:\/\/portal.crlanguages.com\/?post_type=product&#038;p=7430"},"modified":"2025-01-23T11:25:38","modified_gmt":"2025-01-23T18:25:38","slug":"teste-de-nivelamento-de-frances","status":"publish","type":"product","link":"https:\/\/crlanguages.com\/pt\/product\/french-placement-test\/","title":{"rendered":"Teste de N\u00edvel de Franc\u00eas"},"content":{"rendered":"<p>Este \u00e9 um exame de nivelamento de franc\u00eas, que testar\u00e1 suas habilidades atuais para determinar qual dos nossos n\u00edveis de franc\u00eas seria o mais adequado para voc\u00ea. O objetivo n\u00e3o \u00e9 obter a pontua\u00e7\u00e3o mais alta, mas ter uma vis\u00e3o precisa do seu n\u00edvel atual.<\/p>","protected":false},"excerpt":{"rendered":"<p>Este \u00e9 um exame de nivelamento de franc\u00eas, que testar\u00e1 suas habilidades atuais para determinar qual dos nossos n\u00edveis de franc\u00eas seria o mais adequado para voc\u00ea. O objetivo n\u00e3o \u00e9 obter a pontua\u00e7\u00e3o mais alta, mas ter uma vis\u00e3o precisa do seu n\u00edvel atual.<\/p>","protected":false},"featured_media":28614,"template":"","meta":{"_acf_changed":false},"product_brand":[],"product_cat":[108],"product_tag":[],"class_list":{"0":"post-7430","1":"product","2":"type-product","3":"status-publish","4":"has-post-thumbnail","6":"product_cat-placement-tests","8":"first","9":"instock","10":"virtual","11":"sold-individually","12":"purchasable","13":"product-type-course"},"acf":[],"_links":{"self":[{"href":"https:\/\/crlanguages.com\/pt\/wp-json\/wp\/v2\/product\/7430","targetHints":{"allow":["GET"]}}],"collection":[{"href":"https:\/\/crlanguages.com\/pt\/wp-json\/wp\/v2\/product"}],"about":[{"href":"https:\/\/crlanguages.com\/pt\/wp-json\/wp\/v2\/types\/product"}],"wp:featuredmedia":[{"embeddable":true,"href":"https:\/\/crlanguages.com\/pt\/wp-json\/wp\/v2\/media\/28614"}],"wp:attachment":[{"href":"https:\/\/crlanguages.com\/pt\/wp-json\/wp\/v2\/media?parent=7430"}],"wp:term":[{"taxonomy":"product_brand","embeddable":true,"href":"https:\/\/crlanguages.com\/pt\/wp-json\/wp\/v2\/product_brand?post=7430"},{"taxonomy":"product_cat","embeddable":true,"href":"https:\/\/crlanguages.com\/pt\/wp-json\/wp\/v2\/product_cat?post=7430"},{"taxonomy":"product_tag","embeddable":true,"href":"https:\/\/crlanguages.com\/pt\/wp-json\/wp\/v2\/product_tag?post=7430"}],"curies":[{"name":"wp","href":"https:\/\/api.w.org\/{rel}","templated":true}]}}