{"id":7429,"date":"2020-08-11T13:13:30","date_gmt":"2020-08-11T19:13:30","guid":{"rendered":"https:\/\/portal.crlanguages.com\/?post_type=product&#038;p=7429"},"modified":"2025-01-03T11:23:35","modified_gmt":"2025-01-03T18:23:35","slug":"espanhol-2-com-julieta","status":"publish","type":"product","link":"https:\/\/crlanguages.com\/pt\/product\/spanish-2-with-julieta\/","title":{"rendered":"Espanhol 2 com Julieta"},"content":{"rendered":"<p>No curso de espanhol 2, os alunos levar\u00e3o suas habilidades de comunica\u00e7\u00e3o para o pr\u00f3ximo n\u00edvel, aprendendo os principais tempos verbais do passado, o uso correto de \u2018para\u2019 e \u2018por\u2019 e como usar o objeto direto e o objeto indireto. Atualmente, este curso cont\u00e9m diferentes li\u00e7\u00f5es, cada uma com explica\u00e7\u00f5es interativas em v\u00eddeo (em espanhol) e PDFs para download (em ingl\u00eas). Outras ser\u00e3o adicionadas em um futuro pr\u00f3ximo. <a href=\"https:\/\/crlanguages.com\/pt\/cursos\/espanhol-2-com-julieta\/\">Veja exemplos de li\u00e7\u00f5es aqui<\/a>.<\/p>","protected":false},"excerpt":{"rendered":"<p>No curso de espanhol 2, os alunos levar\u00e3o suas habilidades de comunica\u00e7\u00e3o para o pr\u00f3ximo n\u00edvel, aprendendo os principais tempos verbais do passado, o uso correto de \u2018para\u2019 e \u2018por\u2019 e como usar o objeto direto e o objeto indireto. Atualmente, este curso cont\u00e9m diferentes li\u00e7\u00f5es, cada uma com explica\u00e7\u00f5es interativas em v\u00eddeo (em espanhol) e PDFs para download (em ingl\u00eas). Outras ser\u00e3o adicionadas em um futuro pr\u00f3ximo. <a href=\"https:\/\/crlanguages.com\/pt\/cursos\/espanhol-2-com-julieta\/\">Veja exemplos de li\u00e7\u00f5es aqui<\/a>.<\/p>","protected":false},"featured_media":28613,"template":"","meta":{"_acf_changed":false},"product_brand":[],"product_cat":[106],"product_tag":[153],"class_list":{"0":"post-7429","1":"product","2":"type-product","3":"status-publish","4":"has-post-thumbnail","6":"product_cat-online-course","7":"product_tag-spanish-with-julieta","9":"first","10":"instock","11":"virtual","12":"sold-individually","13":"taxable","14":"purchasable","15":"product-type-course"},"acf":[],"_links":{"self":[{"href":"https:\/\/crlanguages.com\/pt\/wp-json\/wp\/v2\/product\/7429","targetHints":{"allow":["GET"]}}],"collection":[{"href":"https:\/\/crlanguages.com\/pt\/wp-json\/wp\/v2\/product"}],"about":[{"href":"https:\/\/crlanguages.com\/pt\/wp-json\/wp\/v2\/types\/product"}],"wp:featuredmedia":[{"embeddable":true,"href":"https:\/\/crlanguages.com\/pt\/wp-json\/wp\/v2\/media\/28613"}],"wp:attachment":[{"href":"https:\/\/crlanguages.com\/pt\/wp-json\/wp\/v2\/media?parent=7429"}],"wp:term":[{"taxonomy":"product_brand","embeddable":true,"href":"https:\/\/crlanguages.com\/pt\/wp-json\/wp\/v2\/product_brand?post=7429"},{"taxonomy":"product_cat","embeddable":true,"href":"https:\/\/crlanguages.com\/pt\/wp-json\/wp\/v2\/product_cat?post=7429"},{"taxonomy":"product_tag","embeddable":true,"href":"https:\/\/crlanguages.com\/pt\/wp-json\/wp\/v2\/product_tag?post=7429"}],"curies":[{"name":"wp","href":"https:\/\/api.w.org\/{rel}","templated":true}]}}