{"id":7428,"date":"2020-08-11T13:12:06","date_gmt":"2020-08-11T19:12:06","guid":{"rendered":"https:\/\/portal.crlanguages.com\/?post_type=product&#038;p=7428"},"modified":"2023-01-08T19:06:12","modified_gmt":"2023-01-09T02:06:12","slug":"verbos-como-gostar","status":"publish","type":"product","link":"https:\/\/crlanguages.com\/pt\/product\/verbs-like-gustar\/","title":{"rendered":"Verbos como Gustar"},"content":{"rendered":"<p>Este minicurso aborda v\u00e1rios verbos diferentes que utilizam a mesma estrutura que \u2018Gustar\u2019. Julieta explica o uso correto do pronome objeto indireto, al\u00e9m de um verbo, tanto na terceira pessoa do singular quanto na terceira pessoa do plural. Todos os exemplos e explica\u00e7\u00f5es utilizam o tempo presente. As li\u00e7\u00f5es deste curso tamb\u00e9m est\u00e3o inclu\u00eddas no curso completo do n\u00edvel 1.<\/p>","protected":false},"excerpt":{"rendered":"<p>Este minicurso aborda v\u00e1rios verbos diferentes que utilizam a mesma estrutura que \u2018Gustar\u2019. Julieta explica o uso correto do pronome objeto indireto, al\u00e9m de um verbo, tanto na terceira pessoa do singular quanto na terceira pessoa do plural. Todos os exemplos e explica\u00e7\u00f5es utilizam o tempo presente. As li\u00e7\u00f5es deste curso tamb\u00e9m est\u00e3o inclu\u00eddas no curso completo do n\u00edvel 1.<\/p>","protected":false},"featured_media":28612,"template":"","meta":{"_acf_changed":false},"product_brand":[],"product_cat":[106],"product_tag":[],"class_list":{"0":"post-7428","1":"product","2":"type-product","3":"status-publish","4":"has-post-thumbnail","6":"product_cat-online-course","8":"first","9":"instock","10":"virtual","11":"sold-individually","12":"taxable","13":"purchasable","14":"product-type-course"},"acf":[],"_links":{"self":[{"href":"https:\/\/crlanguages.com\/pt\/wp-json\/wp\/v2\/product\/7428","targetHints":{"allow":["GET"]}}],"collection":[{"href":"https:\/\/crlanguages.com\/pt\/wp-json\/wp\/v2\/product"}],"about":[{"href":"https:\/\/crlanguages.com\/pt\/wp-json\/wp\/v2\/types\/product"}],"wp:featuredmedia":[{"embeddable":true,"href":"https:\/\/crlanguages.com\/pt\/wp-json\/wp\/v2\/media\/28612"}],"wp:attachment":[{"href":"https:\/\/crlanguages.com\/pt\/wp-json\/wp\/v2\/media?parent=7428"}],"wp:term":[{"taxonomy":"product_brand","embeddable":true,"href":"https:\/\/crlanguages.com\/pt\/wp-json\/wp\/v2\/product_brand?post=7428"},{"taxonomy":"product_cat","embeddable":true,"href":"https:\/\/crlanguages.com\/pt\/wp-json\/wp\/v2\/product_cat?post=7428"},{"taxonomy":"product_tag","embeddable":true,"href":"https:\/\/crlanguages.com\/pt\/wp-json\/wp\/v2\/product_tag?post=7428"}],"curies":[{"name":"wp","href":"https:\/\/api.w.org\/{rel}","templated":true}]}}