{"id":7426,"date":"2020-08-11T13:09:34","date_gmt":"2020-08-11T19:09:34","guid":{"rendered":"https:\/\/portal.crlanguages.com\/?post_type=product&#038;p=7426"},"modified":"2025-01-03T11:22:34","modified_gmt":"2025-01-03T18:22:34","slug":"espanhol-1-com-julieta","status":"publish","type":"product","link":"https:\/\/crlanguages.com\/pt\/product\/spanish-1-with-julieta\/","title":{"rendered":"Espanhol 1 com Julieta"},"content":{"rendered":"<p>Este curso \u00e9 o equivalente online do nosso curso presencial de Espanhol 1. \u00c9 uma explora\u00e7\u00e3o aprofundada dos fundamentos do espanhol, incluindo todas as formas do presente com verbos regulares, verbos irregulares, ger\u00fandios, verbos reflexivos e verbos como \u2018gustar\u2019. Tamb\u00e9m cont\u00e9m compara\u00e7\u00f5es como mais do que, menos do que, tanto quanto, etc. As aulas tamb\u00e9m abordam como fazer perguntas usando \u2018desde\u2019 e \u2018hace\u2019. Sete v\u00eddeos s\u00e3o dedicados exclusivamente \u00e0 pron\u00fancia do espanhol. Este curso cont\u00e9m 42 li\u00e7\u00f5es diferentes, cada uma com explica\u00e7\u00f5es em v\u00eddeo interativas (em espanhol) e PDFs para download (em ingl\u00eas), al\u00e9m de exerc\u00edcios. Ap\u00f3s a compra, voc\u00ea ter\u00e1 acesso vital\u00edcio ao curso, incluindo o novo material que continuamos a adicionar. <a href=\"https:\/\/crlanguages.com\/pt\/cursos\/espanhol-1-com-julieta\/\">Veja exemplos de li\u00e7\u00f5es aqui<\/a>.<\/p>","protected":false},"excerpt":{"rendered":"<p>Este curso \u00e9 o equivalente online do nosso curso presencial de Espanhol 1. \u00c9 uma explora\u00e7\u00e3o aprofundada dos fundamentos do espanhol, incluindo todas as formas do presente com verbos regulares, verbos irregulares, ger\u00fandios, verbos reflexivos e verbos como \u2018gustar\u2019. Tamb\u00e9m cont\u00e9m compara\u00e7\u00f5es como mais do que, menos do que, tanto quanto, etc. As aulas tamb\u00e9m abordam como fazer perguntas usando \u2018desde\u2019 e \u2018hace\u2019. Sete v\u00eddeos s\u00e3o dedicados exclusivamente \u00e0 pron\u00fancia do espanhol. Este curso cont\u00e9m 42 li\u00e7\u00f5es diferentes, cada uma com explica\u00e7\u00f5es em v\u00eddeo interativas (em espanhol) e PDFs para download (em ingl\u00eas), al\u00e9m de exerc\u00edcios. Ap\u00f3s a compra, voc\u00ea ter\u00e1 acesso vital\u00edcio ao curso, incluindo o novo material que continuamos a adicionar. <a href=\"https:\/\/crlanguages.com\/pt\/cursos\/espanhol-1-com-julieta\/\">Veja exemplos de li\u00e7\u00f5es aqui<\/a>.<\/p>","protected":false},"featured_media":28610,"template":"","meta":{"_acf_changed":false},"product_brand":[],"product_cat":[106],"product_tag":[153],"class_list":{"0":"post-7426","1":"product","2":"type-product","3":"status-publish","4":"has-post-thumbnail","6":"product_cat-online-course","7":"product_tag-spanish-with-julieta","9":"first","10":"instock","11":"virtual","12":"sold-individually","13":"taxable","14":"purchasable","15":"product-type-simple"},"acf":[],"_links":{"self":[{"href":"https:\/\/crlanguages.com\/pt\/wp-json\/wp\/v2\/product\/7426","targetHints":{"allow":["GET"]}}],"collection":[{"href":"https:\/\/crlanguages.com\/pt\/wp-json\/wp\/v2\/product"}],"about":[{"href":"https:\/\/crlanguages.com\/pt\/wp-json\/wp\/v2\/types\/product"}],"wp:featuredmedia":[{"embeddable":true,"href":"https:\/\/crlanguages.com\/pt\/wp-json\/wp\/v2\/media\/28610"}],"wp:attachment":[{"href":"https:\/\/crlanguages.com\/pt\/wp-json\/wp\/v2\/media?parent=7426"}],"wp:term":[{"taxonomy":"product_brand","embeddable":true,"href":"https:\/\/crlanguages.com\/pt\/wp-json\/wp\/v2\/product_brand?post=7426"},{"taxonomy":"product_cat","embeddable":true,"href":"https:\/\/crlanguages.com\/pt\/wp-json\/wp\/v2\/product_cat?post=7426"},{"taxonomy":"product_tag","embeddable":true,"href":"https:\/\/crlanguages.com\/pt\/wp-json\/wp\/v2\/product_tag?post=7426"}],"curies":[{"name":"wp","href":"https:\/\/api.w.org\/{rel}","templated":true}]}}