{"id":7424,"date":"2020-08-11T12:36:22","date_gmt":"2020-08-11T18:36:22","guid":{"rendered":"https:\/\/portal.crlanguages.com\/?post_type=product&#038;p=7424"},"modified":"2025-05-26T22:51:32","modified_gmt":"2025-05-27T04:51:32","slug":"introducao-ao-espanhol-com-julieta","status":"publish","type":"product","link":"https:\/\/crlanguages.com\/pt\/product\/spanish-intro-with-julieta\/","title":{"rendered":"Introdu\u00e7\u00e3o ao espanhol com Julieta"},"content":{"rendered":"<p>Com uma professora experiente, Julieta, e um curr\u00edculo personalizado, os alunos construir\u00e3o uma base s\u00f3lida nos fundamentos do espanhol. Este curso cont\u00e9m v\u00eddeos em espanhol b\u00e1sico e ingl\u00eas, listas de vocabul\u00e1rio e question\u00e1rios. Com 57 li\u00e7\u00f5es diferentes, os alunos come\u00e7ar\u00e3o a construir uma base ampla na estrutura gramatical do espanhol, vocabul\u00e1rio b\u00e1sico, pron\u00fancia e estruturas de conversa\u00e7\u00e3o \u00fateis. Este curso online \u00e9 uma introdu\u00e7\u00e3o fant\u00e1stica e um excelente complemento para nossa aula introdut\u00f3ria de espanhol ao vivo. <a href=\"https:\/\/crlanguages.com\/pt\/cursos\/introducao-ao-espanhol-com-julieta\/\">Veja exemplos de li\u00e7\u00f5es aqui<\/a>.<\/p>","protected":false},"excerpt":{"rendered":"<p>Com uma professora experiente, Julieta, e um curr\u00edculo personalizado, os alunos construir\u00e3o uma base s\u00f3lida nos fundamentos do espanhol. Este curso cont\u00e9m v\u00eddeos em espanhol b\u00e1sico e ingl\u00eas, listas de vocabul\u00e1rio e question\u00e1rios. Com 57 li\u00e7\u00f5es diferentes, os alunos come\u00e7ar\u00e3o a construir uma base ampla na estrutura gramatical do espanhol, vocabul\u00e1rio b\u00e1sico, pron\u00fancia e estruturas de conversa\u00e7\u00e3o \u00fateis. Este curso online \u00e9 uma introdu\u00e7\u00e3o fant\u00e1stica e um excelente complemento para nossa aula introdut\u00f3ria de espanhol ao vivo. <a href=\"https:\/\/crlanguages.com\/pt\/cursos\/introducao-ao-espanhol-com-julieta\/\">Veja exemplos de li\u00e7\u00f5es aqui<\/a>.<\/p>","protected":false},"featured_media":28608,"template":"","meta":{"_acf_changed":false},"product_brand":[],"product_cat":[106],"product_tag":[153],"class_list":{"0":"post-7424","1":"product","2":"type-product","3":"status-publish","4":"has-post-thumbnail","6":"product_cat-online-course","7":"product_tag-spanish-with-julieta","9":"first","10":"instock","11":"virtual","12":"sold-individually","13":"taxable","14":"purchasable","15":"product-type-simple"},"acf":[],"_links":{"self":[{"href":"https:\/\/crlanguages.com\/pt\/wp-json\/wp\/v2\/product\/7424","targetHints":{"allow":["GET"]}}],"collection":[{"href":"https:\/\/crlanguages.com\/pt\/wp-json\/wp\/v2\/product"}],"about":[{"href":"https:\/\/crlanguages.com\/pt\/wp-json\/wp\/v2\/types\/product"}],"wp:featuredmedia":[{"embeddable":true,"href":"https:\/\/crlanguages.com\/pt\/wp-json\/wp\/v2\/media\/28608"}],"wp:attachment":[{"href":"https:\/\/crlanguages.com\/pt\/wp-json\/wp\/v2\/media?parent=7424"}],"wp:term":[{"taxonomy":"product_brand","embeddable":true,"href":"https:\/\/crlanguages.com\/pt\/wp-json\/wp\/v2\/product_brand?post=7424"},{"taxonomy":"product_cat","embeddable":true,"href":"https:\/\/crlanguages.com\/pt\/wp-json\/wp\/v2\/product_cat?post=7424"},{"taxonomy":"product_tag","embeddable":true,"href":"https:\/\/crlanguages.com\/pt\/wp-json\/wp\/v2\/product_tag?post=7424"}],"curies":[{"name":"wp","href":"https:\/\/api.w.org\/{rel}","templated":true}]}}