{"id":18700,"date":"2022-01-04T13:33:50","date_gmt":"2022-01-04T20:33:50","guid":{"rendered":"https:\/\/portal.crlanguages.com\/?post_type=product&#038;p=18700"},"modified":"2024-03-27T17:43:26","modified_gmt":"2024-03-27T23:43:26","slug":"livro-de-espanhol-5","status":"publish","type":"product","link":"https:\/\/crlanguages.com\/pt\/product\/spanish-5-book\/","title":{"rendered":"Livro Espanhol 5"},"content":{"rendered":"","protected":false},"excerpt":{"rendered":"<p><i>Espanhol 5<\/i> \u00e9 o \u00faltimo livro da s\u00e9rie \u2018Espanhol com Julieta\u2019 e leva os alunos do n\u00edvel intermedi\u00e1rio ao n\u00edvel intermedi\u00e1rio avan\u00e7ado. \u00c9 ideal para alunos que precisam aprender o condicional perfeito, o pret\u00e9rito perfeito e o presente perfeito do subjuntivo. O livro \u00e9 inteiramente em espanhol e inclui explica\u00e7\u00f5es pr\u00e1ticas de gram\u00e1tica, exemplos e exerc\u00edcios para praticar cada conceito. N\u00e3o sabe por qual n\u00edvel come\u00e7ar? Experimente este <a href=\"\/pt\/teste-de-nivelamento-de-espanhol-gratuito\/\">teste de nivelamento de espanhol online gratuito<\/a>. Compre a s\u00e9rie completa de <a href=\"https:\/\/crlanguages.com\/pt\/livros\/\">Livros em espanhol<\/a>.<\/p>","protected":false},"featured_media":18701,"template":"","meta":{"_acf_changed":false},"product_brand":[],"product_cat":[84,160],"product_tag":[],"class_list":{"0":"post-18700","1":"product","2":"type-product","3":"status-publish","4":"has-post-thumbnail","6":"product_cat-books","7":"product_cat-books-free-audiobook","9":"first","10":"instock","11":"taxable","12":"shipping-taxable","13":"purchasable","14":"product-type-simple"},"acf":[],"_links":{"self":[{"href":"https:\/\/crlanguages.com\/pt\/wp-json\/wp\/v2\/product\/18700","targetHints":{"allow":["GET"]}}],"collection":[{"href":"https:\/\/crlanguages.com\/pt\/wp-json\/wp\/v2\/product"}],"about":[{"href":"https:\/\/crlanguages.com\/pt\/wp-json\/wp\/v2\/types\/product"}],"wp:featuredmedia":[{"embeddable":true,"href":"https:\/\/crlanguages.com\/pt\/wp-json\/wp\/v2\/media\/18701"}],"wp:attachment":[{"href":"https:\/\/crlanguages.com\/pt\/wp-json\/wp\/v2\/media?parent=18700"}],"wp:term":[{"taxonomy":"product_brand","embeddable":true,"href":"https:\/\/crlanguages.com\/pt\/wp-json\/wp\/v2\/product_brand?post=18700"},{"taxonomy":"product_cat","embeddable":true,"href":"https:\/\/crlanguages.com\/pt\/wp-json\/wp\/v2\/product_cat?post=18700"},{"taxonomy":"product_tag","embeddable":true,"href":"https:\/\/crlanguages.com\/pt\/wp-json\/wp\/v2\/product_tag?post=18700"}],"curies":[{"name":"wp","href":"https:\/\/api.w.org\/{rel}","templated":true}]}}