{"id":18176,"date":"2021-11-11T10:31:24","date_gmt":"2021-11-11T17:31:24","guid":{"rendered":"https:\/\/portal.crlanguages.com\/?post_type=product&#038;p=18176"},"modified":"2025-03-11T11:29:35","modified_gmt":"2025-03-11T17:29:35","slug":"espanhol-4-com-julieta","status":"publish","type":"product","link":"https:\/\/crlanguages.com\/pt\/product\/spanish-4-with-julieta\/","title":{"rendered":"Espanhol 4 com Julieta"},"content":{"rendered":"<p data-pm-slice=\"1 1 []\">Este curso de espanhol de n\u00edvel intermedi\u00e1rio baixo leva os alunos ao n\u00edvel intermedi\u00e1rio. Atualmente, este curso tem 28 v\u00eddeos, mas estamos adicionando mais materiais o mais r\u00e1pido poss\u00edvel!  Atualmente, ele est\u00e1 sendo oferecido com desconto. Este curso \u00e9 combinado com o <em>Espanhol 4<\/em>\u00a0livro no <em>Espanhol com Julieta<\/em> s\u00e9rie. <a href=\"https:\/\/crlanguages.com\/pt\/cursos\/espanhol-4-com-julieta\/\">Veja exemplos de li\u00e7\u00f5es aqui<\/a>.<\/p>","protected":false},"excerpt":{"rendered":"<p>Este curso de espanhol de n\u00edvel intermedi\u00e1rio baixo leva os alunos ao n\u00edvel intermedi\u00e1rio. Atualmente, este curso tem 28 v\u00eddeos, mas estamos adicionando mais materiais o mais r\u00e1pido poss\u00edvel!  Atualmente, ele est\u00e1 sendo oferecido com desconto. Este curso \u00e9 combinado com o <em>Espanhol 4<\/em>\u00a0livro no <em>Espanhol com Julieta<\/em> s\u00e9rie. <a href=\"https:\/\/crlanguages.com\/pt\/cursos\/espanhol-4-com-julieta\/\">Veja exemplos de li\u00e7\u00f5es aqui<\/a>.<\/p>","protected":false},"featured_media":16874,"template":"","meta":{"_acf_changed":false},"product_brand":[],"product_cat":[106],"product_tag":[153],"class_list":{"0":"post-18176","1":"product","2":"type-product","3":"status-publish","4":"has-post-thumbnail","6":"product_cat-online-course","7":"product_tag-spanish-with-julieta","9":"first","10":"instock","11":"sale","12":"virtual","13":"sold-individually","14":"taxable","15":"purchasable","16":"product-type-course"},"acf":[],"_links":{"self":[{"href":"https:\/\/crlanguages.com\/pt\/wp-json\/wp\/v2\/product\/18176","targetHints":{"allow":["GET"]}}],"collection":[{"href":"https:\/\/crlanguages.com\/pt\/wp-json\/wp\/v2\/product"}],"about":[{"href":"https:\/\/crlanguages.com\/pt\/wp-json\/wp\/v2\/types\/product"}],"wp:featuredmedia":[{"embeddable":true,"href":"https:\/\/crlanguages.com\/pt\/wp-json\/wp\/v2\/media\/16874"}],"wp:attachment":[{"href":"https:\/\/crlanguages.com\/pt\/wp-json\/wp\/v2\/media?parent=18176"}],"wp:term":[{"taxonomy":"product_brand","embeddable":true,"href":"https:\/\/crlanguages.com\/pt\/wp-json\/wp\/v2\/product_brand?post=18176"},{"taxonomy":"product_cat","embeddable":true,"href":"https:\/\/crlanguages.com\/pt\/wp-json\/wp\/v2\/product_cat?post=18176"},{"taxonomy":"product_tag","embeddable":true,"href":"https:\/\/crlanguages.com\/pt\/wp-json\/wp\/v2\/product_tag?post=18176"}],"curies":[{"name":"wp","href":"https:\/\/api.w.org\/{rel}","templated":true}]}}