{"id":17108,"date":"2021-09-24T14:49:18","date_gmt":"2021-09-24T20:49:18","guid":{"rendered":"https:\/\/portal.crlanguages.com\/?post_type=product&#038;p=17108"},"modified":"2024-03-27T17:39:19","modified_gmt":"2024-03-27T23:39:19","slug":"livro-de-espanhol-4","status":"publish","type":"product","link":"https:\/\/crlanguages.com\/pt\/product\/spanish-4-book\/","title":{"rendered":"Livro Espanhol 4"},"content":{"rendered":"","protected":false},"excerpt":{"rendered":"<p><i>Espanhol 4<\/i> leva os alunos de espanhol ao n\u00edvel intermedi\u00e1rio. \u00c9 ideal para alunos de n\u00edvel pr\u00e9-intermedi\u00e1rio que tenham um dom\u00ednio s\u00f3lido do presente, bem como do futuro simples, do condicional simples e de todos os tempos verbais do pret\u00e9rito no modo indicativo. O livro \u00e9 inteiramente em espanhol e inclui explica\u00e7\u00f5es gramaticais pr\u00e1ticas, di\u00e1logos e textos, al\u00e9m de exerc\u00edcios para praticar cada conceito. N\u00e3o sabe por qual n\u00edvel come\u00e7ar? Experimente este <a href=\"\/pt\/teste-de-nivelamento-de-espanhol-gratuito\/\">teste de nivelamento de espanhol online gratuito<\/a>. Acompanhe as nossas <a href=\"https:\/\/crlanguages.com\/pt\/product\/livro-de-espanhol-5\/\">Livro de espanhol 5<\/a>.<\/p>","protected":false},"featured_media":17109,"template":"","meta":{"_acf_changed":false},"product_brand":[],"product_cat":[84,160],"product_tag":[],"class_list":{"0":"post-17108","1":"product","2":"type-product","3":"status-publish","4":"has-post-thumbnail","6":"product_cat-books","7":"product_cat-books-free-audiobook","9":"first","10":"instock","11":"taxable","12":"shipping-taxable","13":"purchasable","14":"product-type-simple"},"acf":[],"_links":{"self":[{"href":"https:\/\/crlanguages.com\/pt\/wp-json\/wp\/v2\/product\/17108","targetHints":{"allow":["GET"]}}],"collection":[{"href":"https:\/\/crlanguages.com\/pt\/wp-json\/wp\/v2\/product"}],"about":[{"href":"https:\/\/crlanguages.com\/pt\/wp-json\/wp\/v2\/types\/product"}],"wp:featuredmedia":[{"embeddable":true,"href":"https:\/\/crlanguages.com\/pt\/wp-json\/wp\/v2\/media\/17109"}],"wp:attachment":[{"href":"https:\/\/crlanguages.com\/pt\/wp-json\/wp\/v2\/media?parent=17108"}],"wp:term":[{"taxonomy":"product_brand","embeddable":true,"href":"https:\/\/crlanguages.com\/pt\/wp-json\/wp\/v2\/product_brand?post=17108"},{"taxonomy":"product_cat","embeddable":true,"href":"https:\/\/crlanguages.com\/pt\/wp-json\/wp\/v2\/product_cat?post=17108"},{"taxonomy":"product_tag","embeddable":true,"href":"https:\/\/crlanguages.com\/pt\/wp-json\/wp\/v2\/product_tag?post=17108"}],"curies":[{"name":"wp","href":"https:\/\/api.w.org\/{rel}","templated":true}]}}