{"id":11574,"date":"2021-05-20T15:53:50","date_gmt":"2021-05-20T21:53:50","guid":{"rendered":"https:\/\/portal.crlanguages.com\/?post_type=product&#038;p=11574"},"modified":"2024-03-27T17:32:37","modified_gmt":"2024-03-27T23:32:37","slug":"livro-de-espanhol-2","status":"publish","type":"product","link":"https:\/\/crlanguages.com\/pt\/product\/spanish-2-book\/","title":{"rendered":"Livro Espanhol 2"},"content":{"rendered":"","protected":false},"excerpt":{"rendered":"<p data-pm-slice=\"1 1 []\">O Espanhol 2 leva os alunos iniciantes de espanhol para o pr\u00f3ximo n\u00edvel. \u00c9 ideal para iniciantes avan\u00e7ados que t\u00eam um dom\u00ednio s\u00f3lido do tempo presente e verbos como \u2018gustar\u2019. O livro inteiro est\u00e1 em espanhol e inclui explica\u00e7\u00f5es pr\u00e1ticas de gram\u00e1tica, di\u00e1logos e textos, al\u00e9m de exerc\u00edcios para praticar cada conceito. N\u00e3o sabe por qual n\u00edvel come\u00e7ar? Experimente este <a href=\"\/pt\/teste-de-nivelamento-de-espanhol-gratuito\/\">teste de nivelamento de espanhol online gratuito<\/a>. Acompanhe as nossas <a href=\"https:\/\/crlanguages.com\/pt\/product\/spanish-3-book\/\">Livro de espanhol 3<\/a>.<\/p>","protected":false},"featured_media":11575,"template":"","meta":{"_acf_changed":false},"product_brand":[],"product_cat":[84,160],"product_tag":[],"class_list":{"0":"post-11574","1":"product","2":"type-product","3":"status-publish","4":"has-post-thumbnail","6":"product_cat-books","7":"product_cat-books-free-audiobook","9":"first","10":"instock","11":"taxable","12":"shipping-taxable","13":"purchasable","14":"product-type-simple"},"acf":[],"_links":{"self":[{"href":"https:\/\/crlanguages.com\/pt\/wp-json\/wp\/v2\/product\/11574","targetHints":{"allow":["GET"]}}],"collection":[{"href":"https:\/\/crlanguages.com\/pt\/wp-json\/wp\/v2\/product"}],"about":[{"href":"https:\/\/crlanguages.com\/pt\/wp-json\/wp\/v2\/types\/product"}],"wp:featuredmedia":[{"embeddable":true,"href":"https:\/\/crlanguages.com\/pt\/wp-json\/wp\/v2\/media\/11575"}],"wp:attachment":[{"href":"https:\/\/crlanguages.com\/pt\/wp-json\/wp\/v2\/media?parent=11574"}],"wp:term":[{"taxonomy":"product_brand","embeddable":true,"href":"https:\/\/crlanguages.com\/pt\/wp-json\/wp\/v2\/product_brand?post=11574"},{"taxonomy":"product_cat","embeddable":true,"href":"https:\/\/crlanguages.com\/pt\/wp-json\/wp\/v2\/product_cat?post=11574"},{"taxonomy":"product_tag","embeddable":true,"href":"https:\/\/crlanguages.com\/pt\/wp-json\/wp\/v2\/product_tag?post=11574"}],"curies":[{"name":"wp","href":"https:\/\/api.w.org\/{rel}","templated":true}]}}