{"id":47401,"date":"2023-02-17T17:02:06","date_gmt":"2023-02-18T00:02:06","guid":{"rendered":"https:\/\/portal.crlanguages.com\/?post_type=product&#038;p=47401"},"modified":"2023-11-16T11:11:16","modified_gmt":"2023-11-16T18:11:16","slug":"test-di-livello-di-inglese","status":"publish","type":"product","link":"https:\/\/crlanguages.com\/it\/product\/english-placement-test\/","title":{"rendered":"Test di livello di inglese"},"content":{"rendered":"<p>Questo \u00e8 un test di livello di inglese che valuter\u00e0 le tue attuali competenze per capire quale dei nostri livelli di inglese \u00e8 pi\u00f9 adatto a te. L'obiettivo non \u00e8 ottenere il punteggio pi\u00f9 alto, ma avere un quadro accurato del tuo livello attuale.<\/p>","protected":false},"excerpt":{"rendered":"<p>Questo \u00e8 un test di livello di inglese che valuter\u00e0 le tue attuali competenze per capire quale dei nostri livelli di inglese \u00e8 pi\u00f9 adatto a te. L'obiettivo non \u00e8 ottenere il punteggio pi\u00f9 alto, ma avere un quadro accurato del tuo livello attuale.<\/p>","protected":false},"featured_media":0,"template":"","meta":{"_acf_changed":false},"product_brand":[],"product_cat":[108],"product_tag":[],"class_list":{"0":"post-47401","1":"product","2":"type-product","3":"status-publish","5":"product_cat-placement-tests","7":"first","8":"instock","9":"virtual","10":"sold-individually","11":"purchasable","12":"product-type-course"},"acf":[],"_links":{"self":[{"href":"https:\/\/crlanguages.com\/it\/wp-json\/wp\/v2\/product\/47401","targetHints":{"allow":["GET"]}}],"collection":[{"href":"https:\/\/crlanguages.com\/it\/wp-json\/wp\/v2\/product"}],"about":[{"href":"https:\/\/crlanguages.com\/it\/wp-json\/wp\/v2\/types\/product"}],"wp:attachment":[{"href":"https:\/\/crlanguages.com\/it\/wp-json\/wp\/v2\/media?parent=47401"}],"wp:term":[{"taxonomy":"product_brand","embeddable":true,"href":"https:\/\/crlanguages.com\/it\/wp-json\/wp\/v2\/product_brand?post=47401"},{"taxonomy":"product_cat","embeddable":true,"href":"https:\/\/crlanguages.com\/it\/wp-json\/wp\/v2\/product_cat?post=47401"},{"taxonomy":"product_tag","embeddable":true,"href":"https:\/\/crlanguages.com\/it\/wp-json\/wp\/v2\/product_tag?post=47401"}],"curies":[{"name":"wp","href":"https:\/\/api.w.org\/{rel}","templated":true}]}}