{"id":18176,"date":"2021-11-11T10:31:24","date_gmt":"2021-11-11T17:31:24","guid":{"rendered":"https:\/\/portal.crlanguages.com\/?post_type=product&#038;p=18176"},"modified":"2025-03-11T11:29:35","modified_gmt":"2025-03-11T17:29:35","slug":"spagnolo-4-con-julieta","status":"publish","type":"product","link":"https:\/\/crlanguages.com\/it\/product\/spanish-4-with-julieta\/","title":{"rendered":"Spagnolo 4 con Julieta"},"content":{"rendered":"<p data-pm-slice=\"1 1 []\">Questo corso di spagnolo di livello intermedio basso porta gli studenti al livello intermedio. Il corso attualmente comprende 28 video, ma stiamo aggiungendo altro materiale il pi\u00f9 rapidamente possibile!  Al momento \u00e8 disponibile con uno sconto. Questo corso \u00e8 abbinato al <em>Spagnolo 4<\/em>\u00a0libro nel <em>Spagnolo con Julieta<\/em> serie. <a href=\"https:\/\/crlanguages.com\/it\/corsi\/spagnolo-4-con-julieta\/\">Guarda qui alcune lezioni di esempio<\/a>.<\/p>","protected":false},"excerpt":{"rendered":"<p>Questo corso di spagnolo di livello intermedio basso porta gli studenti al livello intermedio. Il corso attualmente comprende 28 video, ma stiamo aggiungendo altro materiale il pi\u00f9 rapidamente possibile!  Al momento \u00e8 disponibile con uno sconto. Questo corso \u00e8 abbinato al <em>Spagnolo 4<\/em>\u00a0libro nel <em>Spagnolo con Julieta<\/em> serie. <a href=\"https:\/\/crlanguages.com\/it\/corsi\/spagnolo-4-con-julieta\/\">Guarda qui alcune lezioni di esempio<\/a>.<\/p>","protected":false},"featured_media":16874,"template":"","meta":{"_acf_changed":false},"product_brand":[],"product_cat":[106],"product_tag":[153],"class_list":{"0":"post-18176","1":"product","2":"type-product","3":"status-publish","4":"has-post-thumbnail","6":"product_cat-online-course","7":"product_tag-spanish-with-julieta","9":"first","10":"instock","11":"sale","12":"virtual","13":"sold-individually","14":"taxable","15":"purchasable","16":"product-type-course"},"acf":[],"_links":{"self":[{"href":"https:\/\/crlanguages.com\/it\/wp-json\/wp\/v2\/product\/18176","targetHints":{"allow":["GET"]}}],"collection":[{"href":"https:\/\/crlanguages.com\/it\/wp-json\/wp\/v2\/product"}],"about":[{"href":"https:\/\/crlanguages.com\/it\/wp-json\/wp\/v2\/types\/product"}],"wp:featuredmedia":[{"embeddable":true,"href":"https:\/\/crlanguages.com\/it\/wp-json\/wp\/v2\/media\/16874"}],"wp:attachment":[{"href":"https:\/\/crlanguages.com\/it\/wp-json\/wp\/v2\/media?parent=18176"}],"wp:term":[{"taxonomy":"product_brand","embeddable":true,"href":"https:\/\/crlanguages.com\/it\/wp-json\/wp\/v2\/product_brand?post=18176"},{"taxonomy":"product_cat","embeddable":true,"href":"https:\/\/crlanguages.com\/it\/wp-json\/wp\/v2\/product_cat?post=18176"},{"taxonomy":"product_tag","embeddable":true,"href":"https:\/\/crlanguages.com\/it\/wp-json\/wp\/v2\/product_tag?post=18176"}],"curies":[{"name":"wp","href":"https:\/\/api.w.org\/{rel}","templated":true}]}}