{"id":2,"date":"2022-06-21T19:27:58","date_gmt":"2022-06-21T19:27:58","guid":{"rendered":"http:\/\/crportal.mysites.io\/?page_id=2"},"modified":"2022-06-21T19:27:58","modified_gmt":"2022-06-21T19:27:58","slug":"pagina-di-esempio","status":"publish","type":"page","link":"https:\/\/crlanguages.com\/it\/sample-page\/","title":{"rendered":"Pagina di esempio"},"content":{"rendered":"<p>Questa \u00e8 una pagina di esempio. \u00c8 diversa da un post di blog perch\u00e9 rimarr\u00e0 in un unico posto e apparir\u00e0 nella navigazione del tuo sito (nella maggior parte dei temi). La maggior parte delle persone inizia con una pagina \"Chi siamo\" che presenta il sito ai potenziali visitatori. Potrebbe dire qualcosa del genere:<\/p>\n\n\n\n<blockquote class=\"wp-block-quote is-layout-flow wp-block-quote-is-layout-flow\"><p>Ciao! Di giorno faccio il corriere in bicicletta, di notte aspirante attore, e questo \u00e8 il mio sito web. Vivo a Los Angeles, ho un cane fantastico che si chiama Jack e mi piacciono le pi\u00f1a colada. (E farmi sorprendere dalla pioggia.)<\/p><\/blockquote>\n\n\n\n<p>...o qualcosa del genere:<\/p>\n\n\n\n<blockquote class=\"wp-block-quote is-layout-flow wp-block-quote-is-layout-flow\"><p>La XYZ Doohickey Company \u00e8 stata fondata nel 1971 e da allora fornisce al pubblico doohickey di alta qualit\u00e0. Con sede a Gotham City, XYZ impiega oltre 2.000 persone e fa cose fantastiche per la comunit\u00e0 di Gotham.<\/p><\/blockquote>\n\n\n\n<p>Come nuovo utente WordPress, dovresti andare su <a href=\"https:\/\/crlanguages.com\/wp-admin\/\">la tua dashboard<\/a> per eliminare questa pagina e creare nuove pagine per i tuoi contenuti. Buon divertimento!<\/p>","protected":false},"excerpt":{"rendered":"<p>This is an example page. It&#8217;s different from a blog post because it will stay in one place and will show up in your site&hellip;<\/p>","protected":false},"author":1,"featured_media":0,"parent":0,"menu_order":0,"comment_status":"closed","ping_status":"open","template":"","meta":{"_acf_changed":false,"footnotes":""},"class_list":["post-2","page","type-page","status-publish","hentry"],"acf":[],"_links":{"self":[{"href":"https:\/\/crlanguages.com\/it\/wp-json\/wp\/v2\/pages\/2","targetHints":{"allow":["GET"]}}],"collection":[{"href":"https:\/\/crlanguages.com\/it\/wp-json\/wp\/v2\/pages"}],"about":[{"href":"https:\/\/crlanguages.com\/it\/wp-json\/wp\/v2\/types\/page"}],"author":[{"embeddable":true,"href":"https:\/\/crlanguages.com\/it\/wp-json\/wp\/v2\/users\/1"}],"replies":[{"embeddable":true,"href":"https:\/\/crlanguages.com\/it\/wp-json\/wp\/v2\/comments?post=2"}],"version-history":[{"count":0,"href":"https:\/\/crlanguages.com\/it\/wp-json\/wp\/v2\/pages\/2\/revisions"}],"wp:attachment":[{"href":"https:\/\/crlanguages.com\/it\/wp-json\/wp\/v2\/media?parent=2"}],"curies":[{"name":"wp","href":"https:\/\/api.w.org\/{rel}","templated":true}]}}