{"id":9348,"date":"2021-01-25T22:12:26","date_gmt":"2021-01-26T05:12:26","guid":{"rendered":"https:\/\/portal.crlanguages.com\/?post_type=product&#038;p=9348"},"modified":"2024-03-27T17:30:08","modified_gmt":"2024-03-27T23:30:08","slug":"espagnol-1-livre","status":"publish","type":"product","link":"https:\/\/crlanguages.com\/fr\/product\/spanish-1-book\/","title":{"rendered":"Livre d'espagnol 1"},"content":{"rendered":"","protected":false},"excerpt":{"rendered":"<p>Le cours d'espagnol 1 s'adresse aux \u2018 faux d\u00e9butants \u2019 et s'appuie sur tout ce qui a \u00e9t\u00e9 appris dans notre <a href=\"https:\/\/crlanguages.com\/fr\/product\/spanish-intro-book\/\">Livre d'introduction \u00e0 l'espagnol<\/a>. Si vous \u00eates capable de former des phrases simples au pr\u00e9sent ou si vous avez d\u00e9j\u00e0 \u00e9tudi\u00e9 une autre langue romane, Spanish One vous permettra de passer au niveau sup\u00e9rieur. Ce cours est enti\u00e8rement en espagnol et comprend un glossaire t\u00e9l\u00e9chargeable en ligne, ce qui vous incite \u00e0 utiliser imm\u00e9diatement la langue. En plus du glossaire t\u00e9l\u00e9chargeable, les \u00e9tudiants peuvent b\u00e9n\u00e9ficier d'un soutien suppl\u00e9mentaire gr\u00e2ce \u00e0 d'autres ressources en ligne, notamment la possibilit\u00e9 de soumettre leurs r\u00e9ponses \u00e0 certains exercices pour les faire corriger, un cours en ligne \u00e0 suivre \u00e0 leur rythme, des enregistrements audio, des cours en ligne en direct et m\u00eame des cours particuliers avec Julieta, l'auteure. Vous ne savez pas par quel niveau commencer ? Essayez ceci <a href=\"\/fr\/test-de-niveau-despagnol-gratuit\/\">test de niveau d'espagnol gratuit en ligne<\/a>.<\/p>","protected":false},"featured_media":28618,"template":"","meta":{"_acf_changed":false},"product_brand":[],"product_cat":[84,160],"product_tag":[],"class_list":{"0":"post-9348","1":"product","2":"type-product","3":"status-publish","4":"has-post-thumbnail","6":"product_cat-books","7":"product_cat-books-free-audiobook","9":"first","10":"instock","11":"taxable","12":"shipping-taxable","13":"purchasable","14":"product-type-simple"},"acf":[],"_links":{"self":[{"href":"https:\/\/crlanguages.com\/fr\/wp-json\/wp\/v2\/product\/9348","targetHints":{"allow":["GET"]}}],"collection":[{"href":"https:\/\/crlanguages.com\/fr\/wp-json\/wp\/v2\/product"}],"about":[{"href":"https:\/\/crlanguages.com\/fr\/wp-json\/wp\/v2\/types\/product"}],"wp:featuredmedia":[{"embeddable":true,"href":"https:\/\/crlanguages.com\/fr\/wp-json\/wp\/v2\/media\/28618"}],"wp:attachment":[{"href":"https:\/\/crlanguages.com\/fr\/wp-json\/wp\/v2\/media?parent=9348"}],"wp:term":[{"taxonomy":"product_brand","embeddable":true,"href":"https:\/\/crlanguages.com\/fr\/wp-json\/wp\/v2\/product_brand?post=9348"},{"taxonomy":"product_cat","embeddable":true,"href":"https:\/\/crlanguages.com\/fr\/wp-json\/wp\/v2\/product_cat?post=9348"},{"taxonomy":"product_tag","embeddable":true,"href":"https:\/\/crlanguages.com\/fr\/wp-json\/wp\/v2\/product_tag?post=9348"}],"curies":[{"name":"wp","href":"https:\/\/api.w.org\/{rel}","templated":true}]}}