{"id":7483,"date":"2020-08-13T22:22:23","date_gmt":"2020-08-14T04:22:23","guid":{"rendered":"https:\/\/portal.crlanguages.com\/?post_type=product&#038;p=7483"},"modified":"2023-09-29T16:46:49","modified_gmt":"2023-09-29T22:46:49","slug":"spanish-intro-audio-book","status":"publish","type":"product","link":"https:\/\/crlanguages.com\/fr\/product\/spanish-intro-audio-book\/","title":{"rendered":"Spanish Intro Audiobook"},"content":{"rendered":"<p>\u00c9coutez le livre audio avec les r\u00e9ponses pour am\u00e9liorer votre capacit\u00e9 d'\u00e9coute et v\u00e9rifiez vos r\u00e9ponses.<\/p>","protected":false},"excerpt":{"rendered":"<p>\u00c9coutez le livre audio avec les r\u00e9ponses pour am\u00e9liorer votre capacit\u00e9 d'\u00e9coute et v\u00e9rifiez vos r\u00e9ponses.<\/p>","protected":false},"featured_media":11292,"template":"","meta":{"_acf_changed":false},"product_brand":[],"product_cat":[81],"product_tag":[],"class_list":{"0":"post-7483","1":"product","2":"type-product","3":"status-publish","4":"has-post-thumbnail","6":"product_cat-audio-books","8":"first","9":"instock","10":"sale","11":"downloadable","12":"virtual","13":"sold-individually","14":"taxable","15":"purchasable","16":"product-type-simple"},"acf":[],"_links":{"self":[{"href":"https:\/\/crlanguages.com\/fr\/wp-json\/wp\/v2\/product\/7483","targetHints":{"allow":["GET"]}}],"collection":[{"href":"https:\/\/crlanguages.com\/fr\/wp-json\/wp\/v2\/product"}],"about":[{"href":"https:\/\/crlanguages.com\/fr\/wp-json\/wp\/v2\/types\/product"}],"wp:featuredmedia":[{"embeddable":true,"href":"https:\/\/crlanguages.com\/fr\/wp-json\/wp\/v2\/media\/11292"}],"wp:attachment":[{"href":"https:\/\/crlanguages.com\/fr\/wp-json\/wp\/v2\/media?parent=7483"}],"wp:term":[{"taxonomy":"product_brand","embeddable":true,"href":"https:\/\/crlanguages.com\/fr\/wp-json\/wp\/v2\/product_brand?post=7483"},{"taxonomy":"product_cat","embeddable":true,"href":"https:\/\/crlanguages.com\/fr\/wp-json\/wp\/v2\/product_cat?post=7483"},{"taxonomy":"product_tag","embeddable":true,"href":"https:\/\/crlanguages.com\/fr\/wp-json\/wp\/v2\/product_tag?post=7483"}],"curies":[{"name":"wp","href":"https:\/\/api.w.org\/{rel}","templated":true}]}}