{"id":7430,"date":"2020-08-11T13:15:48","date_gmt":"2020-08-11T19:15:48","guid":{"rendered":"https:\/\/portal.crlanguages.com\/?post_type=product&#038;p=7430"},"modified":"2025-01-23T11:25:38","modified_gmt":"2025-01-23T18:25:38","slug":"test-de-niveau-de-francais","status":"publish","type":"product","link":"https:\/\/crlanguages.com\/fr\/product\/french-placement-test\/","title":{"rendered":"Test d'\u00e9valuation du fran\u00e7ais"},"content":{"rendered":"<p>Il s'agit d'un test de niveau en fran\u00e7ais qui \u00e9valuera vos comp\u00e9tences actuelles afin de d\u00e9terminer le niveau qui vous convient le mieux. L'objectif n'est pas d'obtenir le meilleur score possible, mais d'avoir une id\u00e9e pr\u00e9cise de votre niveau actuel.<\/p>","protected":false},"excerpt":{"rendered":"<p>Il s'agit d'un test de niveau en fran\u00e7ais qui \u00e9valuera vos comp\u00e9tences actuelles afin de d\u00e9terminer le niveau qui vous convient le mieux. L'objectif n'est pas d'obtenir le meilleur score possible, mais d'avoir une id\u00e9e pr\u00e9cise de votre niveau actuel.<\/p>","protected":false},"featured_media":28614,"template":"","meta":{"_acf_changed":false},"product_brand":[],"product_cat":[108],"product_tag":[],"class_list":{"0":"post-7430","1":"product","2":"type-product","3":"status-publish","4":"has-post-thumbnail","6":"product_cat-placement-tests","8":"first","9":"instock","10":"virtual","11":"sold-individually","12":"purchasable","13":"product-type-course"},"acf":[],"_links":{"self":[{"href":"https:\/\/crlanguages.com\/fr\/wp-json\/wp\/v2\/product\/7430","targetHints":{"allow":["GET"]}}],"collection":[{"href":"https:\/\/crlanguages.com\/fr\/wp-json\/wp\/v2\/product"}],"about":[{"href":"https:\/\/crlanguages.com\/fr\/wp-json\/wp\/v2\/types\/product"}],"wp:featuredmedia":[{"embeddable":true,"href":"https:\/\/crlanguages.com\/fr\/wp-json\/wp\/v2\/media\/28614"}],"wp:attachment":[{"href":"https:\/\/crlanguages.com\/fr\/wp-json\/wp\/v2\/media?parent=7430"}],"wp:term":[{"taxonomy":"product_brand","embeddable":true,"href":"https:\/\/crlanguages.com\/fr\/wp-json\/wp\/v2\/product_brand?post=7430"},{"taxonomy":"product_cat","embeddable":true,"href":"https:\/\/crlanguages.com\/fr\/wp-json\/wp\/v2\/product_cat?post=7430"},{"taxonomy":"product_tag","embeddable":true,"href":"https:\/\/crlanguages.com\/fr\/wp-json\/wp\/v2\/product_tag?post=7430"}],"curies":[{"name":"wp","href":"https:\/\/api.w.org\/{rel}","templated":true}]}}