{"id":7427,"date":"2020-08-11T13:10:43","date_gmt":"2020-08-11T19:10:43","guid":{"rendered":"https:\/\/portal.crlanguages.com\/?post_type=product&#038;p=7427"},"modified":"2023-01-08T19:06:12","modified_gmt":"2023-01-09T02:06:12","slug":"verbes-pronominaux","status":"publish","type":"product","link":"https:\/\/crlanguages.com\/fr\/product\/reflexive-verbs\/","title":{"rendered":"Verbes pronominaux"},"content":{"rendered":"<p>Ce mini-cours traite en d\u00e9tail des verbes pronominaux et de la place du pronom lorsqu'il y a plusieurs verbes, ainsi que de l'utilisation du g\u00e9rondif. Tous les exemples et explications utilisent le pr\u00e9sent. Les le\u00e7ons de ce cours sont \u00e9galement incluses dans le cours complet de niveau 1.<\/p>","protected":false},"excerpt":{"rendered":"<p>Ce mini-cours traite en d\u00e9tail des verbes pronominaux et de la place du pronom lorsqu'il y a plusieurs verbes, ainsi que de l'utilisation du g\u00e9rondif. Tous les exemples et explications utilisent le pr\u00e9sent. Les le\u00e7ons de ce cours sont \u00e9galement incluses dans le cours complet de niveau 1.<\/p>","protected":false},"featured_media":28611,"template":"","meta":{"_acf_changed":false},"product_brand":[],"product_cat":[106],"product_tag":[],"class_list":{"0":"post-7427","1":"product","2":"type-product","3":"status-publish","4":"has-post-thumbnail","6":"product_cat-online-course","8":"first","9":"instock","10":"virtual","11":"sold-individually","12":"taxable","13":"purchasable","14":"product-type-course"},"acf":[],"_links":{"self":[{"href":"https:\/\/crlanguages.com\/fr\/wp-json\/wp\/v2\/product\/7427","targetHints":{"allow":["GET"]}}],"collection":[{"href":"https:\/\/crlanguages.com\/fr\/wp-json\/wp\/v2\/product"}],"about":[{"href":"https:\/\/crlanguages.com\/fr\/wp-json\/wp\/v2\/types\/product"}],"wp:featuredmedia":[{"embeddable":true,"href":"https:\/\/crlanguages.com\/fr\/wp-json\/wp\/v2\/media\/28611"}],"wp:attachment":[{"href":"https:\/\/crlanguages.com\/fr\/wp-json\/wp\/v2\/media?parent=7427"}],"wp:term":[{"taxonomy":"product_brand","embeddable":true,"href":"https:\/\/crlanguages.com\/fr\/wp-json\/wp\/v2\/product_brand?post=7427"},{"taxonomy":"product_cat","embeddable":true,"href":"https:\/\/crlanguages.com\/fr\/wp-json\/wp\/v2\/product_cat?post=7427"},{"taxonomy":"product_tag","embeddable":true,"href":"https:\/\/crlanguages.com\/fr\/wp-json\/wp\/v2\/product_tag?post=7427"}],"curies":[{"name":"wp","href":"https:\/\/api.w.org\/{rel}","templated":true}]}}