{"id":7426,"date":"2020-08-11T13:09:34","date_gmt":"2020-08-11T19:09:34","guid":{"rendered":"https:\/\/portal.crlanguages.com\/?post_type=product&#038;p=7426"},"modified":"2025-01-03T11:22:34","modified_gmt":"2025-01-03T18:22:34","slug":"espagnol-1-avec-julieta","status":"publish","type":"product","link":"https:\/\/crlanguages.com\/fr\/product\/spanish-1-with-julieta\/","title":{"rendered":"Espagnol 1 avec Julieta"},"content":{"rendered":"<p>Ce cours est l'\u00e9quivalent en ligne de notre cours d'espagnol 1 en pr\u00e9sentiel. Il s'agit d'une exploration approfondie des bases de l'espagnol, y compris toutes les formes du pr\u00e9sent avec les verbes r\u00e9guliers, les verbes irr\u00e9guliers, les g\u00e9rondifs, les verbes pronominaux et les verbes tels que \u2018 gustar \u2019. Il contient \u00e9galement des comparaisons telles que \u2018 plus que \u2019, \u2018 moins que \u2019, \u00ab autant que \u00bb, etc. Les le\u00e7ons couvrent \u00e9galement la formulation de questions \u00e0 l'aide de \u00ab desde \u00bb et \u00ab hace \u00bb. Sept vid\u00e9os sont consacr\u00e9es exclusivement \u00e0 la prononciation espagnole. Ce cours comprend 42 le\u00e7ons diff\u00e9rentes, chacune avec des explications vid\u00e9o interactives (en espagnol) et des PDF t\u00e9l\u00e9chargeables (en anglais), ainsi que des exercices. Une fois achet\u00e9, vous aurez acc\u00e8s \u00e0 vie au cours, y compris au nouveau mat\u00e9riel que nous continuons d'ajouter. <a href=\"https:\/\/crlanguages.com\/fr\/cours\/espagnol-1-avec-julieta\/\">Voir des exemples de le\u00e7ons ici<\/a>.<\/p>","protected":false},"excerpt":{"rendered":"<p>Ce cours est l'\u00e9quivalent en ligne de notre cours d'espagnol 1 en pr\u00e9sentiel. Il s'agit d'une exploration approfondie des bases de l'espagnol, y compris toutes les formes du pr\u00e9sent avec les verbes r\u00e9guliers, les verbes irr\u00e9guliers, les g\u00e9rondifs, les verbes pronominaux et les verbes tels que \u2018 gustar \u2019. Il contient \u00e9galement des comparaisons telles que \u2018 plus que \u2019, \u2018 moins que \u2019, \u00ab autant que \u00bb, etc. Les le\u00e7ons couvrent \u00e9galement la formulation de questions \u00e0 l'aide de \u00ab desde \u00bb et \u00ab hace \u00bb. Sept vid\u00e9os sont consacr\u00e9es exclusivement \u00e0 la prononciation espagnole. Ce cours comprend 42 le\u00e7ons diff\u00e9rentes, chacune avec des explications vid\u00e9o interactives (en espagnol) et des PDF t\u00e9l\u00e9chargeables (en anglais), ainsi que des exercices. Une fois achet\u00e9, vous aurez acc\u00e8s \u00e0 vie au cours, y compris au nouveau mat\u00e9riel que nous continuons d'ajouter. <a href=\"https:\/\/crlanguages.com\/fr\/cours\/espagnol-1-avec-julieta\/\">Voir des exemples de le\u00e7ons ici<\/a>.<\/p>","protected":false},"featured_media":28610,"template":"","meta":{"_acf_changed":false},"product_brand":[],"product_cat":[106],"product_tag":[153],"class_list":{"0":"post-7426","1":"product","2":"type-product","3":"status-publish","4":"has-post-thumbnail","6":"product_cat-online-course","7":"product_tag-spanish-with-julieta","9":"first","10":"instock","11":"virtual","12":"sold-individually","13":"taxable","14":"purchasable","15":"product-type-simple"},"acf":[],"_links":{"self":[{"href":"https:\/\/crlanguages.com\/fr\/wp-json\/wp\/v2\/product\/7426","targetHints":{"allow":["GET"]}}],"collection":[{"href":"https:\/\/crlanguages.com\/fr\/wp-json\/wp\/v2\/product"}],"about":[{"href":"https:\/\/crlanguages.com\/fr\/wp-json\/wp\/v2\/types\/product"}],"wp:featuredmedia":[{"embeddable":true,"href":"https:\/\/crlanguages.com\/fr\/wp-json\/wp\/v2\/media\/28610"}],"wp:attachment":[{"href":"https:\/\/crlanguages.com\/fr\/wp-json\/wp\/v2\/media?parent=7426"}],"wp:term":[{"taxonomy":"product_brand","embeddable":true,"href":"https:\/\/crlanguages.com\/fr\/wp-json\/wp\/v2\/product_brand?post=7426"},{"taxonomy":"product_cat","embeddable":true,"href":"https:\/\/crlanguages.com\/fr\/wp-json\/wp\/v2\/product_cat?post=7426"},{"taxonomy":"product_tag","embeddable":true,"href":"https:\/\/crlanguages.com\/fr\/wp-json\/wp\/v2\/product_tag?post=7426"}],"curies":[{"name":"wp","href":"https:\/\/api.w.org\/{rel}","templated":true}]}}