{"id":7424,"date":"2020-08-11T12:36:22","date_gmt":"2020-08-11T18:36:22","guid":{"rendered":"https:\/\/portal.crlanguages.com\/?post_type=product&#038;p=7424"},"modified":"2025-05-26T22:51:32","modified_gmt":"2025-05-27T04:51:32","slug":"intro-espagnole-avec-julieta","status":"publish","type":"product","link":"https:\/\/crlanguages.com\/fr\/product\/spanish-intro-with-julieta\/","title":{"rendered":"Introduction \u00e0 l'espagnol avec Julieta"},"content":{"rendered":"<p>Gr\u00e2ce \u00e0 Julieta, une enseignante chevronn\u00e9e, et \u00e0 un programme personnalis\u00e9, les \u00e9tudiants acquerront des bases solides dans les fondamentaux de l'espagnol. Ce cours comprend des vid\u00e9os en espagnol et en anglais, des listes de vocabulaire et des quiz. \u00c0 travers 57 le\u00e7ons diff\u00e9rentes, les \u00e9tudiants commenceront \u00e0 acqu\u00e9rir des bases solides dans la structure grammaticale de l'espagnol, le vocabulaire de base, la prononciation et les structures de conversation utiles. Ce cours en ligne est une excellente introduction et un excellent compl\u00e9ment \u00e0 notre cours d'initiation \u00e0 l'espagnol en direct. <a href=\"https:\/\/crlanguages.com\/fr\/cours\/intro-espagnole-avec-julieta\/\">Voir des exemples de le\u00e7ons ici<\/a>.<\/p>","protected":false},"excerpt":{"rendered":"<p>Gr\u00e2ce \u00e0 Julieta, une enseignante chevronn\u00e9e, et \u00e0 un programme personnalis\u00e9, les \u00e9tudiants acquerront des bases solides dans les fondamentaux de l'espagnol. Ce cours comprend des vid\u00e9os en espagnol et en anglais, des listes de vocabulaire et des quiz. \u00c0 travers 57 le\u00e7ons diff\u00e9rentes, les \u00e9tudiants commenceront \u00e0 acqu\u00e9rir des bases solides dans la structure grammaticale de l'espagnol, le vocabulaire de base, la prononciation et les structures de conversation utiles. Ce cours en ligne est une excellente introduction et un excellent compl\u00e9ment \u00e0 notre cours d'initiation \u00e0 l'espagnol en direct. <a href=\"https:\/\/crlanguages.com\/fr\/cours\/intro-espagnole-avec-julieta\/\">Voir des exemples de le\u00e7ons ici<\/a>.<\/p>","protected":false},"featured_media":28608,"template":"","meta":{"_acf_changed":false},"product_brand":[],"product_cat":[106],"product_tag":[153],"class_list":{"0":"post-7424","1":"product","2":"type-product","3":"status-publish","4":"has-post-thumbnail","6":"product_cat-online-course","7":"product_tag-spanish-with-julieta","9":"first","10":"instock","11":"virtual","12":"sold-individually","13":"taxable","14":"purchasable","15":"product-type-simple"},"acf":[],"_links":{"self":[{"href":"https:\/\/crlanguages.com\/fr\/wp-json\/wp\/v2\/product\/7424","targetHints":{"allow":["GET"]}}],"collection":[{"href":"https:\/\/crlanguages.com\/fr\/wp-json\/wp\/v2\/product"}],"about":[{"href":"https:\/\/crlanguages.com\/fr\/wp-json\/wp\/v2\/types\/product"}],"wp:featuredmedia":[{"embeddable":true,"href":"https:\/\/crlanguages.com\/fr\/wp-json\/wp\/v2\/media\/28608"}],"wp:attachment":[{"href":"https:\/\/crlanguages.com\/fr\/wp-json\/wp\/v2\/media?parent=7424"}],"wp:term":[{"taxonomy":"product_brand","embeddable":true,"href":"https:\/\/crlanguages.com\/fr\/wp-json\/wp\/v2\/product_brand?post=7424"},{"taxonomy":"product_cat","embeddable":true,"href":"https:\/\/crlanguages.com\/fr\/wp-json\/wp\/v2\/product_cat?post=7424"},{"taxonomy":"product_tag","embeddable":true,"href":"https:\/\/crlanguages.com\/fr\/wp-json\/wp\/v2\/product_tag?post=7424"}],"curies":[{"name":"wp","href":"https:\/\/api.w.org\/{rel}","templated":true}]}}