{"id":63714,"date":"2024-01-04T12:18:54","date_gmt":"2024-01-04T19:18:54","guid":{"rendered":"https:\/\/crlanguages.com\/?post_type=product&#038;p=63714"},"modified":"2024-01-04T12:28:50","modified_gmt":"2024-01-04T19:28:50","slug":"spanish-5-audiobook","status":"publish","type":"product","link":"https:\/\/crlanguages.com\/fr\/product\/spanish-5-audiobook\/","title":{"rendered":"Espagnol 5 Audiobook"},"content":{"rendered":"<p>\u00c9coutez le livre audio avec les r\u00e9ponses pour am\u00e9liorer votre capacit\u00e9 d'\u00e9coute et v\u00e9rifiez vos r\u00e9ponses.<\/p>","protected":false},"excerpt":{"rendered":"<p>\u00c9coutez le livre audio avec les r\u00e9ponses pour am\u00e9liorer votre capacit\u00e9 d'\u00e9coute et v\u00e9rifiez vos r\u00e9ponses.<\/p>","protected":false},"featured_media":11292,"template":"","meta":{"_acf_changed":false},"product_brand":[],"product_cat":[84,160],"product_tag":[],"class_list":{"0":"post-63714","1":"product","2":"type-product","3":"status-publish","4":"has-post-thumbnail","6":"product_cat-books","7":"product_cat-books-free-audiobook","9":"first","10":"instock","11":"sale","12":"virtual","13":"taxable","14":"purchasable","15":"product-type-simple"},"acf":[],"_links":{"self":[{"href":"https:\/\/crlanguages.com\/fr\/wp-json\/wp\/v2\/product\/63714","targetHints":{"allow":["GET"]}}],"collection":[{"href":"https:\/\/crlanguages.com\/fr\/wp-json\/wp\/v2\/product"}],"about":[{"href":"https:\/\/crlanguages.com\/fr\/wp-json\/wp\/v2\/types\/product"}],"wp:featuredmedia":[{"embeddable":true,"href":"https:\/\/crlanguages.com\/fr\/wp-json\/wp\/v2\/media\/11292"}],"wp:attachment":[{"href":"https:\/\/crlanguages.com\/fr\/wp-json\/wp\/v2\/media?parent=63714"}],"wp:term":[{"taxonomy":"product_brand","embeddable":true,"href":"https:\/\/crlanguages.com\/fr\/wp-json\/wp\/v2\/product_brand?post=63714"},{"taxonomy":"product_cat","embeddable":true,"href":"https:\/\/crlanguages.com\/fr\/wp-json\/wp\/v2\/product_cat?post=63714"},{"taxonomy":"product_tag","embeddable":true,"href":"https:\/\/crlanguages.com\/fr\/wp-json\/wp\/v2\/product_tag?post=63714"}],"curies":[{"name":"wp","href":"https:\/\/api.w.org\/{rel}","templated":true}]}}