{"id":28625,"date":"2022-12-22T11:51:41","date_gmt":"2022-12-22T18:51:41","guid":{"rendered":"https:\/\/portal.crlanguages.com\/?post_type=product&#038;p=28625"},"modified":"2023-08-11T17:03:00","modified_gmt":"2023-08-11T23:03:00","slug":"test-de-niveau-dallemand","status":"publish","type":"product","link":"https:\/\/crlanguages.com\/fr\/product\/german-placement-test\/","title":{"rendered":"Test d'\u00e9valuation de l'allemand"},"content":{"rendered":"<p>Il s'agit d'un examen de placement en allemand, qui testera vos capacit\u00e9s actuelles afin de d\u00e9terminer le niveau d'allemand qui vous conviendrait le mieux. Le but n'est pas d'obtenir le score le plus \u00e9lev\u00e9, mais d'avoir une id\u00e9e pr\u00e9cise de votre niveau actuel.<\/p>","protected":false},"excerpt":{"rendered":"<p>Il s'agit d'un examen de placement en allemand, qui testera vos capacit\u00e9s actuelles afin de d\u00e9terminer le niveau d'allemand qui vous conviendrait le mieux. Le but n'est pas d'obtenir le score le plus \u00e9lev\u00e9, mais d'avoir une id\u00e9e pr\u00e9cise de votre niveau actuel.<\/p>","protected":false},"featured_media":28626,"template":"","meta":{"_acf_changed":false},"product_brand":[],"product_cat":[108],"product_tag":[],"class_list":{"0":"post-28625","1":"product","2":"type-product","3":"status-publish","4":"has-post-thumbnail","6":"product_cat-placement-tests","8":"first","9":"instock","10":"virtual","11":"sold-individually","12":"purchasable","13":"product-type-course"},"acf":[],"_links":{"self":[{"href":"https:\/\/crlanguages.com\/fr\/wp-json\/wp\/v2\/product\/28625","targetHints":{"allow":["GET"]}}],"collection":[{"href":"https:\/\/crlanguages.com\/fr\/wp-json\/wp\/v2\/product"}],"about":[{"href":"https:\/\/crlanguages.com\/fr\/wp-json\/wp\/v2\/types\/product"}],"wp:featuredmedia":[{"embeddable":true,"href":"https:\/\/crlanguages.com\/fr\/wp-json\/wp\/v2\/media\/28626"}],"wp:attachment":[{"href":"https:\/\/crlanguages.com\/fr\/wp-json\/wp\/v2\/media?parent=28625"}],"wp:term":[{"taxonomy":"product_brand","embeddable":true,"href":"https:\/\/crlanguages.com\/fr\/wp-json\/wp\/v2\/product_brand?post=28625"},{"taxonomy":"product_cat","embeddable":true,"href":"https:\/\/crlanguages.com\/fr\/wp-json\/wp\/v2\/product_cat?post=28625"},{"taxonomy":"product_tag","embeddable":true,"href":"https:\/\/crlanguages.com\/fr\/wp-json\/wp\/v2\/product_tag?post=28625"}],"curies":[{"name":"wp","href":"https:\/\/api.w.org\/{rel}","templated":true}]}}