{"id":18700,"date":"2022-01-04T13:33:50","date_gmt":"2022-01-04T20:33:50","guid":{"rendered":"https:\/\/portal.crlanguages.com\/?post_type=product&#038;p=18700"},"modified":"2024-03-27T17:43:26","modified_gmt":"2024-03-27T23:43:26","slug":"espagnol-5-livre","status":"publish","type":"product","link":"https:\/\/crlanguages.com\/fr\/product\/spanish-5-book\/","title":{"rendered":"Livre d'espagnol 5"},"content":{"rendered":"","protected":false},"excerpt":{"rendered":"<p><i>Espagnol 5<\/i> est le dernier livre de la s\u00e9rie \u2018Spanish with Julieta\u2019 et permet aux \u00e9tudiants de passer de l'espagnol interm\u00e9diaire \u00e0 l'espagnol interm\u00e9diaire sup\u00e9rieur. Il est id\u00e9al pour les \u00e9tudiants qui ont besoin d'apprendre le parfait conditionnel, le parfait pass\u00e9 et le subjonctif pr\u00e9sent parfait. Le livre entier est en espagnol et inclut des explications grammaticales pratiques, des exemples et des exercices pour pratiquer chaque concept. Vous ne savez pas par quel niveau commencer ? Essayez ceci <a href=\"\/fr\/test-de-niveau-despagnol-gratuit\/\">test de niveau d'espagnol gratuit en ligne<\/a>. Achetez la s\u00e9rie compl\u00e8te de <a href=\"https:\/\/crlanguages.com\/fr\/livres\/\">Livres en espagnol<\/a>.<\/p>","protected":false},"featured_media":18701,"template":"","meta":{"_acf_changed":false},"product_brand":[],"product_cat":[84,160],"product_tag":[],"class_list":{"0":"post-18700","1":"product","2":"type-product","3":"status-publish","4":"has-post-thumbnail","6":"product_cat-books","7":"product_cat-books-free-audiobook","9":"first","10":"instock","11":"taxable","12":"shipping-taxable","13":"purchasable","14":"product-type-simple"},"acf":[],"_links":{"self":[{"href":"https:\/\/crlanguages.com\/fr\/wp-json\/wp\/v2\/product\/18700","targetHints":{"allow":["GET"]}}],"collection":[{"href":"https:\/\/crlanguages.com\/fr\/wp-json\/wp\/v2\/product"}],"about":[{"href":"https:\/\/crlanguages.com\/fr\/wp-json\/wp\/v2\/types\/product"}],"wp:featuredmedia":[{"embeddable":true,"href":"https:\/\/crlanguages.com\/fr\/wp-json\/wp\/v2\/media\/18701"}],"wp:attachment":[{"href":"https:\/\/crlanguages.com\/fr\/wp-json\/wp\/v2\/media?parent=18700"}],"wp:term":[{"taxonomy":"product_brand","embeddable":true,"href":"https:\/\/crlanguages.com\/fr\/wp-json\/wp\/v2\/product_brand?post=18700"},{"taxonomy":"product_cat","embeddable":true,"href":"https:\/\/crlanguages.com\/fr\/wp-json\/wp\/v2\/product_cat?post=18700"},{"taxonomy":"product_tag","embeddable":true,"href":"https:\/\/crlanguages.com\/fr\/wp-json\/wp\/v2\/product_tag?post=18700"}],"curies":[{"name":"wp","href":"https:\/\/api.w.org\/{rel}","templated":true}]}}