{"id":17985,"date":"2021-11-11T15:39:19","date_gmt":"2021-11-11T22:39:19","guid":{"rendered":"https:\/\/portal.crlanguages.com\/?post_type=product&#038;p=17985"},"modified":"2023-12-04T12:37:08","modified_gmt":"2023-12-04T19:37:08","slug":"spanish-4-audio-book","status":"publish","type":"product","link":"https:\/\/crlanguages.com\/fr\/product\/spanish-4-audio-book\/","title":{"rendered":"Spanish 4 Audiobook"},"content":{"rendered":"<p>\u00c9coutez le livre audio avec les r\u00e9ponses pour am\u00e9liorer votre capacit\u00e9 d'\u00e9coute et v\u00e9rifiez vos r\u00e9ponses.<\/p>","protected":false},"excerpt":{"rendered":"<p>\u00c9coutez le livre audio avec les r\u00e9ponses pour am\u00e9liorer votre capacit\u00e9 d'\u00e9coute et v\u00e9rifiez vos r\u00e9ponses.<\/p>","protected":false},"featured_media":11292,"template":"","meta":{"_acf_changed":false},"product_brand":[],"product_cat":[81],"product_tag":[],"class_list":{"0":"post-17985","1":"product","2":"type-product","3":"status-publish","4":"has-post-thumbnail","6":"product_cat-audio-books","8":"first","9":"instock","10":"sale","11":"downloadable","12":"virtual","13":"taxable","14":"purchasable","15":"product-type-simple"},"acf":[],"_links":{"self":[{"href":"https:\/\/crlanguages.com\/fr\/wp-json\/wp\/v2\/product\/17985","targetHints":{"allow":["GET"]}}],"collection":[{"href":"https:\/\/crlanguages.com\/fr\/wp-json\/wp\/v2\/product"}],"about":[{"href":"https:\/\/crlanguages.com\/fr\/wp-json\/wp\/v2\/types\/product"}],"wp:featuredmedia":[{"embeddable":true,"href":"https:\/\/crlanguages.com\/fr\/wp-json\/wp\/v2\/media\/11292"}],"wp:attachment":[{"href":"https:\/\/crlanguages.com\/fr\/wp-json\/wp\/v2\/media?parent=17985"}],"wp:term":[{"taxonomy":"product_brand","embeddable":true,"href":"https:\/\/crlanguages.com\/fr\/wp-json\/wp\/v2\/product_brand?post=17985"},{"taxonomy":"product_cat","embeddable":true,"href":"https:\/\/crlanguages.com\/fr\/wp-json\/wp\/v2\/product_cat?post=17985"},{"taxonomy":"product_tag","embeddable":true,"href":"https:\/\/crlanguages.com\/fr\/wp-json\/wp\/v2\/product_tag?post=17985"}],"curies":[{"name":"wp","href":"https:\/\/api.w.org\/{rel}","templated":true}]}}