{"id":16873,"date":"2021-09-07T10:26:23","date_gmt":"2021-09-07T16:26:23","guid":{"rendered":"https:\/\/portal.crlanguages.com\/?post_type=product&#038;p=16873"},"modified":"2025-01-03T11:24:07","modified_gmt":"2025-01-03T18:24:07","slug":"spanish-3-with-julieta","status":"publish","type":"product","link":"https:\/\/crlanguages.com\/fr\/product\/spanish-3-with-julieta\/","title":{"rendered":"Espagnol 3 avec Julieta"},"content":{"rendered":"<p data-pm-slice=\"1 1 []\">Ce cours d'espagnol pour d\u00e9butants avanc\u00e9s permet aux \u00e9tudiants d'atteindre le niveau interm\u00e9diaire. Ce cours comprend actuellement 47 vid\u00e9os, 31 exercices et 14 fichiers PDF bilingues t\u00e9l\u00e9chargeables. Et d'autres supports sont ajout\u00e9s au fur et \u00e0 mesure. Il est actuellement propos\u00e9 \u00e0 prix r\u00e9duit. Ce cours est associ\u00e9 au <em>Espagnol 3<\/em> r\u00e9server dans le <em>Espagnol avec Julieta<\/em> s\u00e9rie. <a href=\"https:\/\/crlanguages.com\/fr\/cours\/spanish-3-with-julieta\/\">Voir des exemples de le\u00e7ons ici<\/a>.<\/p>","protected":false},"excerpt":{"rendered":"<p>Ce cours d'espagnol pour d\u00e9butants avanc\u00e9s permet aux \u00e9tudiants d'atteindre le niveau interm\u00e9diaire. Ce cours comprend actuellement 47 vid\u00e9os, 31 exercices et 14 fichiers PDF bilingues t\u00e9l\u00e9chargeables. Et d'autres supports sont ajout\u00e9s au fur et \u00e0 mesure. Il est actuellement propos\u00e9 \u00e0 prix r\u00e9duit. Ce cours est associ\u00e9 au <em>Espagnol 3<\/em> r\u00e9server dans le <em>Espagnol avec Julieta<\/em> s\u00e9rie. <a href=\"https:\/\/crlanguages.com\/fr\/cours\/spanish-3-with-julieta\/\">Voir des exemples de le\u00e7ons ici<\/a>.<\/p>","protected":false},"featured_media":16874,"template":"","meta":{"_acf_changed":false},"product_brand":[],"product_cat":[84,160],"product_tag":[153],"class_list":{"0":"post-16873","1":"product","2":"type-product","3":"status-publish","4":"has-post-thumbnail","6":"product_cat-books","7":"product_cat-books-free-audiobook","8":"product_tag-spanish-with-julieta","10":"first","11":"instock","12":"virtual","13":"sold-individually","14":"taxable","15":"purchasable","16":"product-type-course"},"acf":[],"_links":{"self":[{"href":"https:\/\/crlanguages.com\/fr\/wp-json\/wp\/v2\/product\/16873","targetHints":{"allow":["GET"]}}],"collection":[{"href":"https:\/\/crlanguages.com\/fr\/wp-json\/wp\/v2\/product"}],"about":[{"href":"https:\/\/crlanguages.com\/fr\/wp-json\/wp\/v2\/types\/product"}],"wp:featuredmedia":[{"embeddable":true,"href":"https:\/\/crlanguages.com\/fr\/wp-json\/wp\/v2\/media\/16874"}],"wp:attachment":[{"href":"https:\/\/crlanguages.com\/fr\/wp-json\/wp\/v2\/media?parent=16873"}],"wp:term":[{"taxonomy":"product_brand","embeddable":true,"href":"https:\/\/crlanguages.com\/fr\/wp-json\/wp\/v2\/product_brand?post=16873"},{"taxonomy":"product_cat","embeddable":true,"href":"https:\/\/crlanguages.com\/fr\/wp-json\/wp\/v2\/product_cat?post=16873"},{"taxonomy":"product_tag","embeddable":true,"href":"https:\/\/crlanguages.com\/fr\/wp-json\/wp\/v2\/product_tag?post=16873"}],"curies":[{"name":"wp","href":"https:\/\/api.w.org\/{rel}","templated":true}]}}