{"id":16869,"date":"2021-09-07T16:28:00","date_gmt":"2021-09-07T22:28:00","guid":{"rendered":"https:\/\/portal.crlanguages.com\/?post_type=product&#038;p=16869"},"modified":"2024-03-27T17:35:48","modified_gmt":"2024-03-27T23:35:48","slug":"espagnol-3-livre","status":"publish","type":"product","link":"https:\/\/crlanguages.com\/fr\/product\/spanish-3-book\/","title":{"rendered":"Espagnol 3 Livre"},"content":{"rendered":"","protected":false},"excerpt":{"rendered":"<p>Ce livre d'espagnol pour d\u00e9butants avanc\u00e9s permet aux \u00e9tudiants d'atteindre le niveau interm\u00e9diaire, gr\u00e2ce \u00e0 des instructions et des explications \u00e9tape par \u00e9tape, ainsi qu'\u00e0 de nombreux exercices pratiques. Ce qui rend ce livre unique, c'est <em>Espagnol avec Julieta<\/em> Cette s\u00e9rie de cahiers d'exercices se distingue des autres manuels d'espagnol pour d\u00e9butants par le fait qu'elle est enti\u00e8rement r\u00e9dig\u00e9e en espagnol. Apprendre l'espagnol en espagnol incite les \u00e9tudiants \u00e0 d\u00e9velopper d\u00e8s le d\u00e9but les comp\u00e9tences n\u00e9cessaires pour parler couramment. Vous ne savez pas par quel niveau commencer ? Essayez ceci <a href=\"\/fr\/test-de-niveau-despagnol-gratuit\/\">test de niveau d'espagnol gratuit en ligne<\/a>. Suivez-nous sur notre <a href=\"https:\/\/crlanguages.com\/fr\/product\/spanish-4-book\/\">Livre d'espagnol 4<\/a>.<\/p>","protected":false},"featured_media":16870,"template":"","meta":{"_acf_changed":false},"product_brand":[],"product_cat":[84,160],"product_tag":[],"class_list":{"0":"post-16869","1":"product","2":"type-product","3":"status-publish","4":"has-post-thumbnail","6":"product_cat-books","7":"product_cat-books-free-audiobook","9":"first","10":"instock","11":"taxable","12":"shipping-taxable","13":"purchasable","14":"product-type-simple"},"acf":[],"_links":{"self":[{"href":"https:\/\/crlanguages.com\/fr\/wp-json\/wp\/v2\/product\/16869","targetHints":{"allow":["GET"]}}],"collection":[{"href":"https:\/\/crlanguages.com\/fr\/wp-json\/wp\/v2\/product"}],"about":[{"href":"https:\/\/crlanguages.com\/fr\/wp-json\/wp\/v2\/types\/product"}],"wp:featuredmedia":[{"embeddable":true,"href":"https:\/\/crlanguages.com\/fr\/wp-json\/wp\/v2\/media\/16870"}],"wp:attachment":[{"href":"https:\/\/crlanguages.com\/fr\/wp-json\/wp\/v2\/media?parent=16869"}],"wp:term":[{"taxonomy":"product_brand","embeddable":true,"href":"https:\/\/crlanguages.com\/fr\/wp-json\/wp\/v2\/product_brand?post=16869"},{"taxonomy":"product_cat","embeddable":true,"href":"https:\/\/crlanguages.com\/fr\/wp-json\/wp\/v2\/product_cat?post=16869"},{"taxonomy":"product_tag","embeddable":true,"href":"https:\/\/crlanguages.com\/fr\/wp-json\/wp\/v2\/product_tag?post=16869"}],"curies":[{"name":"wp","href":"https:\/\/api.w.org\/{rel}","templated":true}]}}