{"id":62628,"date":"2023-12-01T15:28:56","date_gmt":"2023-12-01T22:28:56","guid":{"rendered":"https:\/\/crlanguages.com\/?post_type=product&#038;p=62628"},"modified":"2024-05-03T10:07:59","modified_gmt":"2024-05-03T16:07:59","slug":"travelers-course-english-spanish","status":"publish","type":"product","link":"https:\/\/crlanguages.com\/es\/product\/travelers-course-english-spanish\/","title":{"rendered":"Curso para viajeros: ingl\u00e9s \u2013 espa\u00f1ol"},"content":{"rendered":"<p>Este curso est\u00e1 dise\u00f1ado para que adquieras los conocimientos necesarios para comunicarte con mayor confianza en tu pr\u00f3ximo viaje. El objetivo es que sea un curso breve y f\u00e1cil de entender.<\/p>\n<ul>\n<li>Communicate with greater confidence.<\/li>\n<li>Navigate more effectively at the airport.<\/li>\n<li>Get around better on the streets using transportation.<\/li>\n<li>Gain confidence in the hotel or restaurant.<\/li>\n<\/ul>","protected":false},"excerpt":{"rendered":"<p>Este curso est\u00e1 dise\u00f1ado para que adquieras los conocimientos necesarios para comunicarte con mayor confianza en tu pr\u00f3ximo viaje. El objetivo es que sea un curso breve y f\u00e1cil de entender.<\/p>","protected":false},"featured_media":61767,"template":"","meta":{"_acf_changed":false},"product_brand":[],"product_cat":[167,106],"product_tag":[165],"class_list":{"0":"post-62628","1":"product","2":"type-product","3":"status-publish","4":"has-post-thumbnail","6":"product_cat-topic-courses","7":"product_cat-online-course","8":"product_tag-english-spanish","10":"first","11":"instock","12":"virtual","13":"sold-individually","14":"purchasable","15":"product-type-course"},"acf":[],"_links":{"self":[{"href":"https:\/\/crlanguages.com\/es\/wp-json\/wp\/v2\/product\/62628","targetHints":{"allow":["GET"]}}],"collection":[{"href":"https:\/\/crlanguages.com\/es\/wp-json\/wp\/v2\/product"}],"about":[{"href":"https:\/\/crlanguages.com\/es\/wp-json\/wp\/v2\/types\/product"}],"wp:featuredmedia":[{"embeddable":true,"href":"https:\/\/crlanguages.com\/es\/wp-json\/wp\/v2\/media\/61767"}],"wp:attachment":[{"href":"https:\/\/crlanguages.com\/es\/wp-json\/wp\/v2\/media?parent=62628"}],"wp:term":[{"taxonomy":"product_brand","embeddable":true,"href":"https:\/\/crlanguages.com\/es\/wp-json\/wp\/v2\/product_brand?post=62628"},{"taxonomy":"product_cat","embeddable":true,"href":"https:\/\/crlanguages.com\/es\/wp-json\/wp\/v2\/product_cat?post=62628"},{"taxonomy":"product_tag","embeddable":true,"href":"https:\/\/crlanguages.com\/es\/wp-json\/wp\/v2\/product_tag?post=62628"}],"curies":[{"name":"wp","href":"https:\/\/api.w.org\/{rel}","templated":true}]}}