{"id":18700,"date":"2022-01-04T13:33:50","date_gmt":"2022-01-04T20:33:50","guid":{"rendered":"https:\/\/portal.crlanguages.com\/?post_type=product&#038;p=18700"},"modified":"2024-03-27T17:43:26","modified_gmt":"2024-03-27T23:43:26","slug":"libro-espanol-5","status":"publish","type":"product","link":"https:\/\/crlanguages.com\/es\/product\/spanish-5-book\/","title":{"rendered":"Libro de espa\u00f1ol 5"},"content":{"rendered":"","protected":false},"excerpt":{"rendered":"<p><i>Espa\u00f1ol 5<\/i> es el \u00faltimo libro de la serie \u2018Espa\u00f1ol con Julieta\u2019 y permite a los estudiantes pasar del nivel intermedio al nivel intermedio alto. Es ideal para estudiantes que necesitan aprender el condicional perfecto, el pasado perfecto y el presente perfecto de subjuntivo. Todo el libro est\u00e1 en espa\u00f1ol e incluye explicaciones pr\u00e1cticas de gram\u00e1tica, ejemplos y ejercicios para practicar cada concepto. \u00bfNo est\u00e1s seguro de por qu\u00e9 nivel empezar? Prueba esto. <a href=\"\/es\/prueba-de-nivel-de-espanol-gratuita\/\">Prueba de nivel de espa\u00f1ol online gratuita<\/a>. Adquiera la serie completa de <a href=\"https:\/\/crlanguages.com\/es\/libros\/\">Libros en espa\u00f1ol<\/a>.<\/p>","protected":false},"featured_media":18701,"template":"","meta":{"_acf_changed":false},"product_brand":[],"product_cat":[84,160],"product_tag":[],"class_list":{"0":"post-18700","1":"product","2":"type-product","3":"status-publish","4":"has-post-thumbnail","6":"product_cat-books","7":"product_cat-books-free-audiobook","9":"first","10":"instock","11":"taxable","12":"shipping-taxable","13":"purchasable","14":"product-type-simple"},"acf":[],"_links":{"self":[{"href":"https:\/\/crlanguages.com\/es\/wp-json\/wp\/v2\/product\/18700","targetHints":{"allow":["GET"]}}],"collection":[{"href":"https:\/\/crlanguages.com\/es\/wp-json\/wp\/v2\/product"}],"about":[{"href":"https:\/\/crlanguages.com\/es\/wp-json\/wp\/v2\/types\/product"}],"wp:featuredmedia":[{"embeddable":true,"href":"https:\/\/crlanguages.com\/es\/wp-json\/wp\/v2\/media\/18701"}],"wp:attachment":[{"href":"https:\/\/crlanguages.com\/es\/wp-json\/wp\/v2\/media?parent=18700"}],"wp:term":[{"taxonomy":"product_brand","embeddable":true,"href":"https:\/\/crlanguages.com\/es\/wp-json\/wp\/v2\/product_brand?post=18700"},{"taxonomy":"product_cat","embeddable":true,"href":"https:\/\/crlanguages.com\/es\/wp-json\/wp\/v2\/product_cat?post=18700"},{"taxonomy":"product_tag","embeddable":true,"href":"https:\/\/crlanguages.com\/es\/wp-json\/wp\/v2\/product_tag?post=18700"}],"curies":[{"name":"wp","href":"https:\/\/api.w.org\/{rel}","templated":true}]}}