{"id":54739,"date":"2023-07-29T15:41:51","date_gmt":"2023-07-29T21:41:51","guid":{"rendered":"https:\/\/portal.crlanguages.com\/?page_id=54739"},"modified":"2024-05-03T15:13:04","modified_gmt":"2024-05-03T21:13:04","slug":"acreditacion","status":"publish","type":"page","link":"https:\/\/crlanguages.com\/es\/accreditation\/","title":{"rendered":"Acreditaci\u00f3n"},"content":{"rendered":"<div data-elementor-type=\"wp-page\" data-elementor-id=\"54739\" class=\"elementor elementor-54739\" data-elementor-post-type=\"page\">\n\t\t\t\t<div class=\"elementor-element elementor-element-bd8b214 e-flex e-con-boxed e-con e-parent\" data-id=\"bd8b214\" data-element_type=\"container\" data-e-type=\"container\" data-settings=\"{&quot;background_background&quot;:&quot;classic&quot;,&quot;shape_divider_bottom&quot;:&quot;waves&quot;}\">\n\t\t\t\t\t<div class=\"e-con-inner\">\n\t\t\t\t<div class=\"elementor-shape elementor-shape-bottom\" aria-hidden=\"true\" data-negative=\"false\">\n\t\t\t<svg xmlns=\"http:\/\/www.w3.org\/2000\/svg\" viewbox=\"0 0 1000 100\" preserveaspectratio=\"none\">\n\t<path class=\"elementor-shape-fill\" d=\"M421.9,6.5c22.6-2.5,51.5,0.4,75.5,5.3c23.6,4.9,70.9,23.5,100.5,35.7c75.8,32.2,133.7,44.5,192.6,49.7\tc23.6,2.1,48.7,3.5,103.4-2.5c54.7-6,106.2-25.6,106.2-25.6V0H0v30.3c0,0,72,32.6,158.4,30.5c39.2-0.7,92.8-6.7,134-22.4\tc21.2-8.1,52.2-18.2,79.7-24.2C399.3,7.9,411.6,7.5,421.9,6.5z\"\/>\n<\/svg>\t\t<\/div>\n\t\t<div class=\"elementor-element elementor-element-62180c9 e-con-full e-flex e-con e-child\" data-id=\"62180c9\" data-element_type=\"container\" data-e-type=\"container\">\n\t\t\t\t<div class=\"elementor-element elementor-element-267b33f elementor-widget__width-inherit elementor-widget elementor-widget-heading\" data-id=\"267b33f\" data-element_type=\"widget\" data-e-type=\"widget\" data-widget_type=\"heading.default\">\n\t\t\t\t<div class=\"elementor-widget-container\">\n\t\t\t\t\t<h1 class=\"elementor-heading-title elementor-size-default\">Acreditaci\u00f3n<\/h1>\t\t\t\t<\/div>\n\t\t\t\t<\/div>\n\t\t\t\t<div class=\"elementor-element elementor-element-7d47827 elementor-widget__width-initial elementor-widget elementor-widget-text-editor\" data-id=\"7d47827\" data-element_type=\"widget\" data-e-type=\"widget\" data-widget_type=\"text-editor.default\">\n\t\t\t\t<div class=\"elementor-widget-container\">\n\t\t\t\t\t<div class=\"bb-theme-elementor-wrap bb-elementor-custom-color\">\t\t\t\t<p><b>CR Languages es un instituto de aprendizaje no profesional acreditado por ACCET, el Consejo de Acreditaci\u00f3n para la Educaci\u00f3n y Formaci\u00f3n Continua, y reconocido por el Departamento de Educaci\u00f3n de los Estados Unidos.<\/b><\/p><p>Como instituci\u00f3n acreditada, CR Languages se ha comprometido a seguir pr\u00e1cticas educativas y de gesti\u00f3n s\u00f3lidas, y es evaluada peri\u00f3dicamente por el organismo de acreditaci\u00f3n y por sus pares para garantizar que seguimos cumpliendo con los rigurosos est\u00e1ndares de acreditaci\u00f3n.<\/p>\t\t\t\t<\/div>\t\t\t\t<\/div>\n\t\t\t\t<\/div>\n\t\t\t\t<div class=\"elementor-element elementor-element-7012978 elementor-widget__width-auto elementor-widget elementor-widget-image\" data-id=\"7012978\" data-element_type=\"widget\" data-e-type=\"widget\" data-widget_type=\"image.default\">\n\t\t\t\t<div class=\"elementor-widget-container\">\n\t\t\t\t\t\t\t\t\t\t\t\t\t\t\t\t<a href=\"https:\/\/accet.org\/\" target=\"_blank\" rel=\"noopener\">\n\t\t\t\t\t\t\t<img decoding=\"async\" width=\"200\" height=\"90\" src=\"https:\/\/crl-media.sfo3.digitaloceanspaces.com\/wp-content\/uploads\/2024\/03\/28131016\/AccreditedbyACCETlogo_white_200p.png\" class=\"attachment-large size-large wp-image-65908\" alt=\"\" \/>\t\t\t\t\t\t\t\t<\/a>\n\t\t\t\t\t\t\t\t\t\t\t\t\t\t\t<\/div>\n\t\t\t\t<\/div>\n\t\t\t\t<\/div>\n\t\t\t\t\t<\/div>\n\t\t\t\t<\/div>\n\t\t<div class=\"elementor-element elementor-element-f1601ab e-flex e-con-boxed e-con e-parent\" data-id=\"f1601ab\" data-element_type=\"container\" data-e-type=\"container\" data-settings=\"{&quot;background_background&quot;:&quot;classic&quot;,&quot;shape_divider_bottom&quot;:&quot;waves&quot;,&quot;shape_divider_bottom_negative&quot;:&quot;yes&quot;}\">\n\t\t\t\t\t<div class=\"e-con-inner\">\n\t\t\t\t<div class=\"elementor-shape elementor-shape-bottom\" aria-hidden=\"true\" data-negative=\"true\">\n\t\t\t<svg xmlns=\"http:\/\/www.w3.org\/2000\/svg\" viewbox=\"0 0 1000 100\" preserveaspectratio=\"none\">\n\t<path class=\"elementor-shape-fill\" d=\"M790.5,93.1c-59.3-5.3-116.8-18-192.6-50c-29.6-12.7-76.9-31-100.5-35.9c-23.6-4.9-52.6-7.8-75.5-5.3\tc-10.2,1.1-22.6,1.4-50.1,7.4c-27.2,6.3-58.2,16.6-79.4,24.7c-41.3,15.9-94.9,21.9-134,22.6C72,58.2,0,25.8,0,25.8V100h1000V65.3\tc0,0-51.5,19.4-106.2,25.7C839.5,97,814.1,95.2,790.5,93.1z\"\/>\n<\/svg>\t\t<\/div>\n\t\t<div class=\"elementor-element elementor-element-380f761 e-con-full e-flex e-con e-child\" data-id=\"380f761\" data-element_type=\"container\" data-e-type=\"container\">\n\t\t\t\t<div class=\"elementor-element elementor-element-39a5538 elementor-widget elementor-widget-heading\" data-id=\"39a5538\" data-element_type=\"widget\" data-e-type=\"widget\" data-widget_type=\"heading.default\">\n\t\t\t\t<div class=\"elementor-widget-container\">\n\t\t\t\t\t<h2 class=\"elementor-heading-title elementor-size-default\">Qu\u00e9 significa la acreditaci\u00f3n para la calidad<\/h2>\t\t\t\t<\/div>\n\t\t\t\t<\/div>\n\t\t\t\t<div class=\"elementor-element elementor-element-1ff5f03 elementor-widget elementor-widget-text-editor\" data-id=\"1ff5f03\" data-element_type=\"widget\" data-e-type=\"widget\" data-widget_type=\"text-editor.default\">\n\t\t\t\t<div class=\"elementor-widget-container\">\n\t\t\t\t\t<div class=\"bb-theme-elementor-wrap bb-elementor-custom-color bb-elementor-custom-family bb-elementor-custom-size\">\t\t\t\t<ul><li>Todos nuestros instructores deben tener como m\u00ednimo una licenciatura, tener <b>amplia experiencia docente<\/b>, y continuar con el desarrollo profesional.<br \/><br \/><\/li><li>Nuestro plan de estudios est\u00e1 cuidadosamente elaborado y se actualiza continuamente. <b>Revisado para comprobar su eficacia y cumplir con los \u00edndices de aprobaci\u00f3n establecidos.<\/b>.<br \/><br \/><\/li><li>Nuestras pol\u00edticas de inscripci\u00f3n y reembolso cumplen o superan <b>Normas de ACCET y principios \u00e9ticos de ACCET<\/b>.<br \/><br \/><\/li><li>Nuestros procesos y procedimientos garantizan que el <b>La escuela se gu\u00eda por una visi\u00f3n integral de los comentarios de los estudiantes, los comentarios de los instructores y las mejores pr\u00e1cticas.<\/b><\/li><\/ul>\t\t\t\t<\/div>\t\t\t\t<\/div>\n\t\t\t\t<\/div>\n\t\t\t\t<\/div>\n\t\t\t\t<div class=\"elementor-element elementor-element-c793b2f elementor-hidden-mobile elementor-widget__width-initial elementor-widget elementor-widget-image\" data-id=\"c793b2f\" data-element_type=\"widget\" data-e-type=\"widget\" data-widget_type=\"image.default\">\n\t\t\t\t<div class=\"elementor-widget-container\">\n\t\t\t\t\t\t\t\t\t\t\t\t\t\t\t<img fetchpriority=\"high\" decoding=\"async\" width=\"640\" height=\"640\" src=\"https:\/\/crl-media.sfo3.digitaloceanspaces.com\/wp-content\/uploads\/2023\/12\/06233039\/accreditation-photo.png\" class=\"attachment-large size-large wp-image-62664\" alt=\"\" srcset=\"https:\/\/crl-media.sfo3.digitaloceanspaces.com\/wp-content\/uploads\/2023\/12\/06233039\/accreditation-photo.png 1024w, https:\/\/crl-media.sfo3.digitaloceanspaces.com\/wp-content\/uploads\/2023\/12\/06233039\/accreditation-photo-300x300.png 300w, https:\/\/crl-media.sfo3.digitaloceanspaces.com\/wp-content\/uploads\/2023\/12\/06233039\/accreditation-photo-150x150.png 150w, https:\/\/crl-media.sfo3.digitaloceanspaces.com\/wp-content\/uploads\/2023\/12\/06233039\/accreditation-photo-768x768.png 768w, https:\/\/crl-media.sfo3.digitaloceanspaces.com\/wp-content\/uploads\/2023\/12\/06233039\/accreditation-photo-624x624.png 624w, https:\/\/crl-media.sfo3.digitaloceanspaces.com\/wp-content\/uploads\/2023\/12\/06233039\/accreditation-photo-600x600.png 600w, https:\/\/crl-media.sfo3.digitaloceanspaces.com\/wp-content\/uploads\/2023\/12\/06233039\/accreditation-photo-100x100.png 100w\" sizes=\"(max-width: 640px) 100vw, 640px\" \/>\t\t\t\t\t\t\t\t\t\t\t\t\t\t\t<\/div>\n\t\t\t\t<\/div>\n\t\t\t\t\t<\/div>\n\t\t\t\t<\/div>\n\t\t<div class=\"elementor-element elementor-element-798cfc4 e-flex e-con-boxed e-con e-parent\" data-id=\"798cfc4\" data-element_type=\"container\" data-e-type=\"container\" data-settings=\"{&quot;background_background&quot;:&quot;classic&quot;,&quot;shape_divider_bottom&quot;:&quot;waves&quot;,&quot;shape_divider_bottom_negative&quot;:&quot;yes&quot;}\">\n\t\t\t\t\t<div class=\"e-con-inner\">\n\t\t\t\t<div class=\"elementor-shape elementor-shape-bottom\" aria-hidden=\"true\" data-negative=\"true\">\n\t\t\t<svg xmlns=\"http:\/\/www.w3.org\/2000\/svg\" viewbox=\"0 0 1000 100\" preserveaspectratio=\"none\">\n\t<path class=\"elementor-shape-fill\" d=\"M790.5,93.1c-59.3-5.3-116.8-18-192.6-50c-29.6-12.7-76.9-31-100.5-35.9c-23.6-4.9-52.6-7.8-75.5-5.3\tc-10.2,1.1-22.6,1.4-50.1,7.4c-27.2,6.3-58.2,16.6-79.4,24.7c-41.3,15.9-94.9,21.9-134,22.6C72,58.2,0,25.8,0,25.8V100h1000V65.3\tc0,0-51.5,19.4-106.2,25.7C839.5,97,814.1,95.2,790.5,93.1z\"\/>\n<\/svg>\t\t<\/div>\n\t\t\t\t<div class=\"elementor-element elementor-element-5ec5988 elementor-widget__width-inherit elementor-widget elementor-widget-heading\" data-id=\"5ec5988\" data-element_type=\"widget\" data-e-type=\"widget\" data-widget_type=\"heading.default\">\n\t\t\t\t<div class=\"elementor-widget-container\">\n\t\t\t\t\t<h2 class=\"elementor-heading-title elementor-size-default\">Qu\u00e9 significa la acreditaci\u00f3n para los estudiantes<\/h2>\t\t\t\t<\/div>\n\t\t\t\t<\/div>\n\t\t<div class=\"elementor-element elementor-element-e88ed18 e-con-full e-flex e-con e-child\" data-id=\"e88ed18\" data-element_type=\"container\" data-e-type=\"container\">\n\t\t\t\t<div class=\"elementor-element elementor-element-6342003 elementor-widget__width-inherit elementor-widget elementor-widget-heading\" data-id=\"6342003\" data-element_type=\"widget\" data-e-type=\"widget\" data-widget_type=\"heading.default\">\n\t\t\t\t<div class=\"elementor-widget-container\">\n\t\t\t\t\t<h3 class=\"elementor-heading-title elementor-size-default\">Compromiso con el aprendizaje<\/h3>\t\t\t\t<\/div>\n\t\t\t\t<\/div>\n\t\t\t\t<div class=\"elementor-element elementor-element-57de309 elementor-widget elementor-widget-text-editor\" data-id=\"57de309\" data-element_type=\"widget\" data-e-type=\"widget\" data-widget_type=\"text-editor.default\">\n\t\t\t\t<div class=\"elementor-widget-container\">\n\t\t\t\t\t<div class=\"bb-theme-elementor-wrap bb-elementor-custom-color\">\t\t\t\tLos estudiantes que se inscriben en CR Languages est\u00e1n comprometidos con su educaci\u00f3n y con el aprendizaje de un idioma extranjero. Eso significa que tus compa\u00f1eros y tu escuela est\u00e1n tan motivados como t\u00fa para aprender y disfrutar de la experiencia de un idioma extranjero.\t\t\t\t<\/div>\t\t\t\t<\/div>\n\t\t\t\t<\/div>\n\t\t\t\t<div class=\"elementor-element elementor-element-e9d4506 elementor-widget__width-inherit elementor-widget elementor-widget-heading\" data-id=\"e9d4506\" data-element_type=\"widget\" data-e-type=\"widget\" data-widget_type=\"heading.default\">\n\t\t\t\t<div class=\"elementor-widget-container\">\n\t\t\t\t\t<h3 class=\"elementor-heading-title elementor-size-default\">CEU (Unidades de Educaci\u00f3n Continua)<\/h3>\t\t\t\t<\/div>\n\t\t\t\t<\/div>\n\t\t\t\t<div class=\"elementor-element elementor-element-96ec0b3 elementor-widget elementor-widget-text-editor\" data-id=\"96ec0b3\" data-element_type=\"widget\" data-e-type=\"widget\" data-widget_type=\"text-editor.default\">\n\t\t\t\t<div class=\"elementor-widget-container\">\n\t\t\t\t\t<div class=\"bb-theme-elementor-wrap bb-elementor-custom-color\">\t\t\t\tComo escuela vocacional, los estudiantes recibir\u00e1n unidades de educaci\u00f3n continua (CEU) como parte de su programa de estudios.\t\t\t\t<\/div>\t\t\t\t<\/div>\n\t\t\t\t<\/div>\n\t\t\t\t<div class=\"elementor-element elementor-element-3d3af93 elementor-widget__width-inherit elementor-widget elementor-widget-heading\" data-id=\"3d3af93\" data-element_type=\"widget\" data-e-type=\"widget\" data-widget_type=\"heading.default\">\n\t\t\t\t<div class=\"elementor-widget-container\">\n\t\t\t\t\t<h3 class=\"elementor-heading-title elementor-size-default\">Reembolso del empleador<\/h3>\t\t\t\t<\/div>\n\t\t\t\t<\/div>\n\t\t\t\t<div class=\"elementor-element elementor-element-e33da81 elementor-widget elementor-widget-text-editor\" data-id=\"e33da81\" data-element_type=\"widget\" data-e-type=\"widget\" data-widget_type=\"text-editor.default\">\n\t\t\t\t<div class=\"elementor-widget-container\">\n\t\t\t\t\t<div class=\"bb-theme-elementor-wrap bb-elementor-custom-color\">\t\t\t\tComo escuela acreditada que ofrece cr\u00e9ditos de educaci\u00f3n continua (CEU), los cursos de CR Languages suelen ser v\u00e1lidos para programas de desarrollo profesional. Consulte con su empleador. \t\t\t\t<\/div>\t\t\t\t<\/div>\n\t\t\t\t<\/div>\n\t\t\t\t<div class=\"elementor-element elementor-element-9bca116 elementor-widget__width-inherit elementor-widget elementor-widget-heading\" data-id=\"9bca116\" data-element_type=\"widget\" data-e-type=\"widget\" data-widget_type=\"heading.default\">\n\t\t\t\t<div class=\"elementor-widget-container\">\n\t\t\t\t\t<h3 class=\"elementor-heading-title elementor-size-default\">Transferencia de cr\u00e9ditos en universidades y facultades<\/h3>\t\t\t\t<\/div>\n\t\t\t\t<\/div>\n\t\t\t\t<div class=\"elementor-element elementor-element-3b1e71c elementor-widget elementor-widget-text-editor\" data-id=\"3b1e71c\" data-element_type=\"widget\" data-e-type=\"widget\" data-widget_type=\"text-editor.default\">\n\t\t\t\t<div class=\"elementor-widget-container\">\n\t\t\t\t\t<div class=\"bb-theme-elementor-wrap bb-elementor-custom-color\">\t\t\t\tEs posible que puedas obtener cr\u00e9ditos transferibles en universidades y facultades por los cursos que hayas cursado en CR Languages. Esto se decide caso por caso. Ponte en contacto con nosotros y haremos todo lo posible por establecer un acuerdo de matriculaci\u00f3n con la instituci\u00f3n a la que te transfieras.\t\t\t\t<\/div>\t\t\t\t<\/div>\n\t\t\t\t<\/div>\n\t\t\t\t<\/div>\n\t\t<div class=\"elementor-element elementor-element-819f68a e-con-full e-flex e-con e-child\" data-id=\"819f68a\" data-element_type=\"container\" data-e-type=\"container\">\n\t\t\t\t<div class=\"elementor-element elementor-element-b9de8c1 elementor-widget__width-inherit elementor-widget elementor-widget-heading\" data-id=\"b9de8c1\" data-element_type=\"widget\" data-e-type=\"widget\" data-widget_type=\"heading.default\">\n\t\t\t\t<div class=\"elementor-widget-container\">\n\t\t\t\t\t<h3 class=\"elementor-heading-title elementor-size-default\">I-20 para visas de estudiante F1 y F2<\/h3>\t\t\t\t<\/div>\n\t\t\t\t<\/div>\n\t\t\t\t<div class=\"elementor-element elementor-element-bf66790 elementor-widget elementor-widget-text-editor\" data-id=\"bf66790\" data-element_type=\"widget\" data-e-type=\"widget\" data-widget_type=\"text-editor.default\">\n\t\t\t\t<div class=\"elementor-widget-container\">\n\t\t\t\t\t<div class=\"bb-theme-elementor-wrap bb-elementor-custom-color\">\t\t\t\tUna vez que el Departamento de Seguridad Nacional apruebe el programa CR Languages, los estudiantes de ingl\u00e9s intensivo podr\u00e1n solicitar el formulario I-20, necesario para solicitar las visas de estudiante F1 y F2. Nuestra solicitud ante el Departamento de Seguridad Nacional est\u00e1 actualmente en tr\u00e1mite y esperamos recibir la aprobaci\u00f3n en alg\u00fan momento de 2024.\t\t\t\t<\/div>\t\t\t\t<\/div>\n\t\t\t\t<\/div>\n\t\t\t\t<div class=\"elementor-element elementor-element-3a2da87 elementor-widget__width-inherit elementor-widget elementor-widget-heading\" data-id=\"3a2da87\" data-element_type=\"widget\" data-e-type=\"widget\" data-widget_type=\"heading.default\">\n\t\t\t\t<div class=\"elementor-widget-container\">\n\t\t\t\t\t<h3 class=\"elementor-heading-title elementor-size-default\">No calificado para recibir fondos federales ni ayuda estudiantil.<\/h3>\t\t\t\t<\/div>\n\t\t\t\t<\/div>\n\t\t\t\t<div class=\"elementor-element elementor-element-b846ce7 elementor-widget elementor-widget-text-editor\" data-id=\"b846ce7\" data-element_type=\"widget\" data-e-type=\"widget\" data-widget_type=\"text-editor.default\">\n\t\t\t\t<div class=\"elementor-widget-container\">\n\t\t\t\t\t<div class=\"bb-theme-elementor-wrap bb-elementor-custom-color\">\t\t\t\tComo escuela no profesional, lamentablemente CR Languages no re\u00fane los requisitos para recibir financiaci\u00f3n federal en forma de becas o subvenciones, ni tampoco la GI Bill. CR Languages no es una escuela Title IV.\t\t\t\t<\/div>\t\t\t\t<\/div>\n\t\t\t\t<\/div>\n\t\t\t\t<div class=\"elementor-element elementor-element-26937b4 elementor-widget__width-inherit elementor-widget elementor-widget-heading\" data-id=\"26937b4\" data-element_type=\"widget\" data-e-type=\"widget\" data-widget_type=\"heading.default\">\n\t\t\t\t<div class=\"elementor-widget-container\">\n\t\t\t\t\t<h3 class=\"elementor-heading-title elementor-size-default\">No todos los programas se consideran cursos acreditados.<\/h3>\t\t\t\t<\/div>\n\t\t\t\t<\/div>\n\t\t\t\t<div class=\"elementor-element elementor-element-efd200e elementor-widget elementor-widget-text-editor\" data-id=\"efd200e\" data-element_type=\"widget\" data-e-type=\"widget\" data-widget_type=\"text-editor.default\">\n\t\t\t\t<div class=\"elementor-widget-container\">\n\t\t\t\t\t<div class=\"bb-theme-elementor-wrap bb-elementor-custom-color\">\t\t\t\tLa serie de cursos en l\u00ednea a tu propio ritmo \u2018Espa\u00f1ol con Julieta\u2019 y los programas de \u2018Autoaprendizaje\u2019 no se consideran cursos y, por lo tanto, no son elegibles para obtener cr\u00e9ditos de educaci\u00f3n continua (CEU).\t\t\t\t<\/div>\t\t\t\t<\/div>\n\t\t\t\t<\/div>\n\t\t\t\t<\/div>\n\t\t\t\t\t<\/div>\n\t\t\t\t<\/div>\n\t\t<div class=\"elementor-element elementor-element-0144455 e-flex e-con-boxed e-con e-parent\" data-id=\"0144455\" data-element_type=\"container\" data-e-type=\"container\" data-settings=\"{&quot;background_background&quot;:&quot;classic&quot;}\">\n\t\t\t\t\t<div class=\"e-con-inner\">\n\t\t<div class=\"elementor-element elementor-element-2e1c394 e-con-full e-flex e-con e-child\" data-id=\"2e1c394\" data-element_type=\"container\" data-e-type=\"container\" data-settings=\"{&quot;background_background&quot;:&quot;classic&quot;}\">\n\t\t<div class=\"elementor-element elementor-element-9862256 e-con-full e-flex e-con e-child\" data-id=\"9862256\" data-element_type=\"container\" data-e-type=\"container\">\n\t\t\t\t<div class=\"elementor-element elementor-element-7680458 e-transform elementor-widget elementor-widget-image\" data-id=\"7680458\" data-element_type=\"widget\" data-e-type=\"widget\" data-settings=\"{&quot;_transform_flipX_effect&quot;:&quot;transform&quot;}\" data-widget_type=\"image.default\">\n\t\t\t\t<div class=\"elementor-widget-container\">\n\t\t\t\t\t\t\t\t\t\t\t\t\t\t\t<img decoding=\"async\" width=\"500\" height=\"500\" src=\"https:\/\/crl-media.sfo3.digitaloceanspaces.com\/wp-content\/uploads\/2023\/04\/06233928\/Questions_Illustration.svg\" class=\"attachment-large size-large wp-image-50300\" alt=\"Ilustraci\u00f3n de una persona haci\u00e9ndose una pregunta\" \/>\t\t\t\t\t\t\t\t\t\t\t\t\t\t\t<\/div>\n\t\t\t\t<\/div>\n\t\t\t\t<\/div>\n\t\t<div class=\"elementor-element elementor-element-2192b39 e-con-full e-flex e-con e-child\" data-id=\"2192b39\" data-element_type=\"container\" data-e-type=\"container\">\n\t\t\t\t<div class=\"elementor-element elementor-element-33b04ac elementor-widget elementor-widget-heading\" data-id=\"33b04ac\" data-element_type=\"widget\" data-e-type=\"widget\" data-widget_type=\"heading.default\">\n\t\t\t\t<div class=\"elementor-widget-container\">\n\t\t\t\t\t<h3 class=\"elementor-heading-title elementor-size-default\">\u00bfPreguntas?<\/h3>\t\t\t\t<\/div>\n\t\t\t\t<\/div>\n\t\t\t\t<div class=\"elementor-element elementor-element-78ec98d elementor-widget elementor-widget-heading\" data-id=\"78ec98d\" data-element_type=\"widget\" data-e-type=\"widget\" data-widget_type=\"heading.default\">\n\t\t\t\t<div class=\"elementor-widget-container\">\n\t\t\t\t\t<h4 class=\"elementor-heading-title elementor-size-default\">P\u00f3ngase en contacto con nosotros para obtener m\u00e1s informaci\u00f3n sobre el programa de acreditaci\u00f3n y todas sus ventajas.<\/h4>\t\t\t\t<\/div>\n\t\t\t\t<\/div>\n\t\t\t\t<div class=\"elementor-element elementor-element-6717305 elementor-align-right elementor-mobile-align-right elementor-widget elementor-widget-button\" data-id=\"6717305\" data-element_type=\"widget\" data-e-type=\"widget\" data-widget_type=\"button.default\">\n\t\t\t\t<div class=\"elementor-widget-container\">\n\t\t\t\t\t\t\t\t\t<div class=\"elementor-button-wrapper\">\n\t\t\t\t\t<a class=\"elementor-button elementor-button-link elementor-size-sm\" href=\"\/es\/pongase-en-contacto-con\/\">\n\t\t\t\t\t\t<span class=\"elementor-button-content-wrapper\">\n\t\t\t\t\t\t\t\t\t<span class=\"elementor-button-text\">P\u00f3ngase en contacto<\/span>\n\t\t\t\t\t<\/span>\n\t\t\t\t\t<\/a>\n\t\t\t\t<\/div>\n\t\t\t\t\t\t\t\t<\/div>\n\t\t\t\t<\/div>\n\t\t\t\t<\/div>\n\t\t\t\t<\/div>\n\t\t\t\t\t<\/div>\n\t\t\t\t<\/div>\n\t\t\t\t<\/div>","protected":false},"excerpt":{"rendered":"<p>Accreditation CR Languages is an avocational learning institute accredited by ACCET, the Accrediting Council for Continuing Education and Training, and is recognized by the US&hellip;<\/p>","protected":false},"author":2,"featured_media":0,"parent":0,"menu_order":0,"comment_status":"closed","ping_status":"closed","template":"page-fullscreen.php","meta":{"_acf_changed":false,"footnotes":""},"class_list":["post-54739","page","type-page","status-publish","hentry"],"acf":[],"_links":{"self":[{"href":"https:\/\/crlanguages.com\/es\/wp-json\/wp\/v2\/pages\/54739","targetHints":{"allow":["GET"]}}],"collection":[{"href":"https:\/\/crlanguages.com\/es\/wp-json\/wp\/v2\/pages"}],"about":[{"href":"https:\/\/crlanguages.com\/es\/wp-json\/wp\/v2\/types\/page"}],"author":[{"embeddable":true,"href":"https:\/\/crlanguages.com\/es\/wp-json\/wp\/v2\/users\/2"}],"replies":[{"embeddable":true,"href":"https:\/\/crlanguages.com\/es\/wp-json\/wp\/v2\/comments?post=54739"}],"version-history":[{"count":0,"href":"https:\/\/crlanguages.com\/es\/wp-json\/wp\/v2\/pages\/54739\/revisions"}],"wp:attachment":[{"href":"https:\/\/crlanguages.com\/es\/wp-json\/wp\/v2\/media?parent=54739"}],"curies":[{"name":"wp","href":"https:\/\/api.w.org\/{rel}","templated":true}]}}