{"id":80347,"date":"2025-04-30T17:35:41","date_gmt":"2025-04-30T23:35:41","guid":{"rendered":"https:\/\/crlanguages.com\/?post_type=product&#038;p=80347"},"modified":"2025-04-30T17:36:25","modified_gmt":"2025-04-30T23:36:25","slug":"wirtschaftsbeilage-fur-spanisch-2","status":"publish","type":"product","link":"https:\/\/crlanguages.com\/de\/product\/business-supplement-for-spanish-2\/","title":{"rendered":"Business Supplement f\u00fcr Spanisch 2"},"content":{"rendered":"","protected":false},"excerpt":{"rendered":"<p>Verbessern Sie Ihre Spanischkenntnisse mit <b>Business-Erg\u00e4nzung f\u00fcr Spanisch 2 mit Julieta<\/b>, ein <b>Wirtschaftsspanisch<\/b> Begleitheft, das sich auf die Vertiefung der bereits gelernten Grammatik und Vokabeln konzentriert. Dieses Erg\u00e4nzungsmaterial wurde als gezielte Lernhilfe konzipiert und enth\u00e4lt praktische \u00dcbungen und gesch\u00e4ftsbezogene Szenarien \u2013 alles vollst\u00e4ndig auf Spanisch \u2013, um Ihr Verst\u00e4ndnis von Konzepten wie direkten und indirekten Objekten sowie der Imperfekt- und Pr\u00e4teritum-Zeitformen zu vertiefen. Um optimale Ergebnisse zu erzielen, sollten Sie es jedoch zusammen mit dem umfassenderen <i><b>Spanisch mit Julieta<\/b><\/i> series for comprehensive practice and exposure.<\/p>\n<p>Ready to strengthen your <b>Wirtschaftsspanisch<\/b> F\u00e4higkeiten? Tauchen Sie ein, \u00fcben Sie regelm\u00e4\u00dfig und lassen Sie sich von jedem Schritt n\u00e4her an die Sprachgewandtheit f\u00fchren. \u00a1Buena suerte!<\/p>","protected":false},"featured_media":80392,"template":"","meta":{"_acf_changed":false},"product_brand":[],"product_cat":[200],"product_tag":[],"class_list":{"0":"post-80347","1":"product","2":"type-product","3":"status-publish","4":"has-post-thumbnail","6":"product_cat-supplements-books","8":"first","9":"instock","10":"taxable","11":"shipping-taxable","12":"purchasable","13":"product-type-simple"},"acf":[],"_links":{"self":[{"href":"https:\/\/crlanguages.com\/de\/wp-json\/wp\/v2\/product\/80347","targetHints":{"allow":["GET"]}}],"collection":[{"href":"https:\/\/crlanguages.com\/de\/wp-json\/wp\/v2\/product"}],"about":[{"href":"https:\/\/crlanguages.com\/de\/wp-json\/wp\/v2\/types\/product"}],"wp:featuredmedia":[{"embeddable":true,"href":"https:\/\/crlanguages.com\/de\/wp-json\/wp\/v2\/media\/80392"}],"wp:attachment":[{"href":"https:\/\/crlanguages.com\/de\/wp-json\/wp\/v2\/media?parent=80347"}],"wp:term":[{"taxonomy":"product_brand","embeddable":true,"href":"https:\/\/crlanguages.com\/de\/wp-json\/wp\/v2\/product_brand?post=80347"},{"taxonomy":"product_cat","embeddable":true,"href":"https:\/\/crlanguages.com\/de\/wp-json\/wp\/v2\/product_cat?post=80347"},{"taxonomy":"product_tag","embeddable":true,"href":"https:\/\/crlanguages.com\/de\/wp-json\/wp\/v2\/product_tag?post=80347"}],"curies":[{"name":"wp","href":"https:\/\/api.w.org\/{rel}","templated":true}]}}