{"id":7432,"date":"2020-08-11T13:17:29","date_gmt":"2020-08-11T19:17:29","guid":{"rendered":"https:\/\/portal.crlanguages.com\/?post_type=product&#038;p=7432"},"modified":"2025-01-23T11:26:39","modified_gmt":"2025-01-23T18:26:39","slug":"italienisch-einstufungstest","status":"publish","type":"product","link":"https:\/\/crlanguages.com\/de\/product\/italian-placement-test\/","title":{"rendered":"Italienisch Einstufungstest"},"content":{"rendered":"<p>Dies ist ein Einstufungstest f\u00fcr Italienisch, mit dem Ihre aktuellen Kenntnisse gepr\u00fcft werden, um festzustellen, welches unserer Italienischniveaus f\u00fcr Sie am besten geeignet ist. Das Ziel ist nicht, die h\u00f6chste Punktzahl zu erreichen, sondern sich ein genaues Bild von Ihrem aktuellen Niveau zu machen.<\/p>","protected":false},"excerpt":{"rendered":"<p>Dies ist ein Einstufungstest f\u00fcr Italienisch, mit dem Ihre aktuellen Kenntnisse gepr\u00fcft werden, um festzustellen, welches unserer Italienischniveaus f\u00fcr Sie am besten geeignet ist. Das Ziel ist nicht, die h\u00f6chste Punktzahl zu erreichen, sondern sich ein genaues Bild von Ihrem aktuellen Niveau zu machen.<\/p>","protected":false},"featured_media":28615,"template":"","meta":{"_acf_changed":false},"product_brand":[],"product_cat":[108],"product_tag":[],"class_list":{"0":"post-7432","1":"product","2":"type-product","3":"status-publish","4":"has-post-thumbnail","6":"product_cat-placement-tests","8":"first","9":"instock","10":"virtual","11":"sold-individually","12":"purchasable","13":"product-type-course"},"acf":[],"_links":{"self":[{"href":"https:\/\/crlanguages.com\/de\/wp-json\/wp\/v2\/product\/7432","targetHints":{"allow":["GET"]}}],"collection":[{"href":"https:\/\/crlanguages.com\/de\/wp-json\/wp\/v2\/product"}],"about":[{"href":"https:\/\/crlanguages.com\/de\/wp-json\/wp\/v2\/types\/product"}],"wp:featuredmedia":[{"embeddable":true,"href":"https:\/\/crlanguages.com\/de\/wp-json\/wp\/v2\/media\/28615"}],"wp:attachment":[{"href":"https:\/\/crlanguages.com\/de\/wp-json\/wp\/v2\/media?parent=7432"}],"wp:term":[{"taxonomy":"product_brand","embeddable":true,"href":"https:\/\/crlanguages.com\/de\/wp-json\/wp\/v2\/product_brand?post=7432"},{"taxonomy":"product_cat","embeddable":true,"href":"https:\/\/crlanguages.com\/de\/wp-json\/wp\/v2\/product_cat?post=7432"},{"taxonomy":"product_tag","embeddable":true,"href":"https:\/\/crlanguages.com\/de\/wp-json\/wp\/v2\/product_tag?post=7432"}],"curies":[{"name":"wp","href":"https:\/\/api.w.org\/{rel}","templated":true}]}}