{"id":7429,"date":"2020-08-11T13:13:30","date_gmt":"2020-08-11T19:13:30","guid":{"rendered":"https:\/\/portal.crlanguages.com\/?post_type=product&#038;p=7429"},"modified":"2025-01-03T11:23:35","modified_gmt":"2025-01-03T18:23:35","slug":"spanisch-2-mit-julieta","status":"publish","type":"product","link":"https:\/\/crlanguages.com\/de\/product\/spanish-2-with-julieta\/","title":{"rendered":"Spanisch 2 mit Julieta"},"content":{"rendered":"<p>In Spanisch 2 vertiefen die Sch\u00fcler ihre Kommunikationsf\u00e4higkeiten, lernen die wichtigsten Vergangenheitsformen, die korrekte Verwendung von \u2018para\u2019 und \u2018por\u2019 sowie den Gebrauch des direkten und indirekten Objekts. Dieser Kurs umfasst derzeit verschiedene Lektionen mit interaktiven Videoerkl\u00e4rungen (auf Spanisch) und herunterladbaren PDF-Dateien (auf Englisch). Weitere Lektionen werden in K\u00fcrze hinzugef\u00fcgt. <a href=\"https:\/\/crlanguages.com\/de\/kurse\/spanisch-2-mit-julieta\/\">Beispielstunden finden Sie hier<\/a>.<\/p>","protected":false},"excerpt":{"rendered":"<p>In Spanisch 2 vertiefen die Sch\u00fcler ihre Kommunikationsf\u00e4higkeiten, lernen die wichtigsten Vergangenheitsformen, die korrekte Verwendung von \u2018para\u2019 und \u2018por\u2019 sowie den Gebrauch des direkten und indirekten Objekts. Dieser Kurs umfasst derzeit verschiedene Lektionen mit interaktiven Videoerkl\u00e4rungen (auf Spanisch) und herunterladbaren PDF-Dateien (auf Englisch). Weitere Lektionen werden in K\u00fcrze hinzugef\u00fcgt. <a href=\"https:\/\/crlanguages.com\/de\/kurse\/spanisch-2-mit-julieta\/\">Beispielstunden finden Sie hier<\/a>.<\/p>","protected":false},"featured_media":28613,"template":"","meta":{"_acf_changed":false},"product_brand":[],"product_cat":[106],"product_tag":[153],"class_list":{"0":"post-7429","1":"product","2":"type-product","3":"status-publish","4":"has-post-thumbnail","6":"product_cat-online-course","7":"product_tag-spanish-with-julieta","9":"first","10":"instock","11":"virtual","12":"sold-individually","13":"taxable","14":"purchasable","15":"product-type-course"},"acf":[],"_links":{"self":[{"href":"https:\/\/crlanguages.com\/de\/wp-json\/wp\/v2\/product\/7429","targetHints":{"allow":["GET"]}}],"collection":[{"href":"https:\/\/crlanguages.com\/de\/wp-json\/wp\/v2\/product"}],"about":[{"href":"https:\/\/crlanguages.com\/de\/wp-json\/wp\/v2\/types\/product"}],"wp:featuredmedia":[{"embeddable":true,"href":"https:\/\/crlanguages.com\/de\/wp-json\/wp\/v2\/media\/28613"}],"wp:attachment":[{"href":"https:\/\/crlanguages.com\/de\/wp-json\/wp\/v2\/media?parent=7429"}],"wp:term":[{"taxonomy":"product_brand","embeddable":true,"href":"https:\/\/crlanguages.com\/de\/wp-json\/wp\/v2\/product_brand?post=7429"},{"taxonomy":"product_cat","embeddable":true,"href":"https:\/\/crlanguages.com\/de\/wp-json\/wp\/v2\/product_cat?post=7429"},{"taxonomy":"product_tag","embeddable":true,"href":"https:\/\/crlanguages.com\/de\/wp-json\/wp\/v2\/product_tag?post=7429"}],"curies":[{"name":"wp","href":"https:\/\/api.w.org\/{rel}","templated":true}]}}