{"id":7426,"date":"2020-08-11T13:09:34","date_gmt":"2020-08-11T19:09:34","guid":{"rendered":"https:\/\/portal.crlanguages.com\/?post_type=product&#038;p=7426"},"modified":"2025-01-03T11:22:34","modified_gmt":"2025-01-03T18:22:34","slug":"spanisch-1-mit-julieta","status":"publish","type":"product","link":"https:\/\/crlanguages.com\/de\/product\/spanish-1-with-julieta\/","title":{"rendered":"Spanisch 1 mit Julieta"},"content":{"rendered":"<p>Dieser Kurs ist das Online-\u00c4quivalent zu unserem Pr\u00e4senzkurs Spanisch 1. Er bietet eine gr\u00fcndliche Einf\u00fchrung in die Grundlagen der spanischen Sprache, einschlie\u00dflich aller Formen der Gegenwartsform mit regelm\u00e4\u00dfigen Verben, unregelm\u00e4\u00dfigen Verben, Gerundien, reflexiven Verben und Verben wie \u2018gustar\u2019. Au\u00dferdem werden Vergleiche wie \u2018mehr als\u2019, \u2018weniger als\u2019, \u201egenauso viel wie\u201d usw. behandelt. Die Lektionen umfassen auch das Stellen von Fragen mit \u201edesde\u201d und \u201ehace\u201d. Sieben Videos widmen sich ausschlie\u00dflich der spanischen Aussprache. Dieser Kurs umfasst 42 verschiedene Lektionen mit interaktiven Videoerkl\u00e4rungen (auf Spanisch) und herunterladbaren PDF-Dateien (auf Englisch) sowie \u00dcbungen. Nach dem Kauf haben Sie lebenslangen Zugang zum Kurs, einschlie\u00dflich der neuen Materialien, die wir weiterhin hinzuf\u00fcgen. <a href=\"https:\/\/crlanguages.com\/de\/kurse\/spanisch-1-mit-julieta\/\">Beispielstunden finden Sie hier<\/a>.<\/p>","protected":false},"excerpt":{"rendered":"<p>Dieser Kurs ist das Online-\u00c4quivalent zu unserem Pr\u00e4senzkurs Spanisch 1. Er bietet eine gr\u00fcndliche Einf\u00fchrung in die Grundlagen der spanischen Sprache, einschlie\u00dflich aller Formen der Gegenwartsform mit regelm\u00e4\u00dfigen Verben, unregelm\u00e4\u00dfigen Verben, Gerundien, reflexiven Verben und Verben wie \u2018gustar\u2019. Au\u00dferdem werden Vergleiche wie \u2018mehr als\u2019, \u2018weniger als\u2019, \u201egenauso viel wie\u201d usw. behandelt. Die Lektionen umfassen auch das Stellen von Fragen mit \u201edesde\u201d und \u201ehace\u201d. Sieben Videos widmen sich ausschlie\u00dflich der spanischen Aussprache. Dieser Kurs umfasst 42 verschiedene Lektionen mit interaktiven Videoerkl\u00e4rungen (auf Spanisch) und herunterladbaren PDF-Dateien (auf Englisch) sowie \u00dcbungen. Nach dem Kauf haben Sie lebenslangen Zugang zum Kurs, einschlie\u00dflich der neuen Materialien, die wir weiterhin hinzuf\u00fcgen. <a href=\"https:\/\/crlanguages.com\/de\/kurse\/spanisch-1-mit-julieta\/\">Beispielstunden finden Sie hier<\/a>.<\/p>","protected":false},"featured_media":28610,"template":"","meta":{"_acf_changed":false},"product_brand":[],"product_cat":[106],"product_tag":[153],"class_list":{"0":"post-7426","1":"product","2":"type-product","3":"status-publish","4":"has-post-thumbnail","6":"product_cat-online-course","7":"product_tag-spanish-with-julieta","9":"first","10":"instock","11":"virtual","12":"sold-individually","13":"taxable","14":"purchasable","15":"product-type-simple"},"acf":[],"_links":{"self":[{"href":"https:\/\/crlanguages.com\/de\/wp-json\/wp\/v2\/product\/7426","targetHints":{"allow":["GET"]}}],"collection":[{"href":"https:\/\/crlanguages.com\/de\/wp-json\/wp\/v2\/product"}],"about":[{"href":"https:\/\/crlanguages.com\/de\/wp-json\/wp\/v2\/types\/product"}],"wp:featuredmedia":[{"embeddable":true,"href":"https:\/\/crlanguages.com\/de\/wp-json\/wp\/v2\/media\/28610"}],"wp:attachment":[{"href":"https:\/\/crlanguages.com\/de\/wp-json\/wp\/v2\/media?parent=7426"}],"wp:term":[{"taxonomy":"product_brand","embeddable":true,"href":"https:\/\/crlanguages.com\/de\/wp-json\/wp\/v2\/product_brand?post=7426"},{"taxonomy":"product_cat","embeddable":true,"href":"https:\/\/crlanguages.com\/de\/wp-json\/wp\/v2\/product_cat?post=7426"},{"taxonomy":"product_tag","embeddable":true,"href":"https:\/\/crlanguages.com\/de\/wp-json\/wp\/v2\/product_tag?post=7426"}],"curies":[{"name":"wp","href":"https:\/\/api.w.org\/{rel}","templated":true}]}}