{"id":7424,"date":"2020-08-11T12:36:22","date_gmt":"2020-08-11T18:36:22","guid":{"rendered":"https:\/\/portal.crlanguages.com\/?post_type=product&#038;p=7424"},"modified":"2025-05-26T22:51:32","modified_gmt":"2025-05-27T04:51:32","slug":"spanische-einfuhrung-mit-julieta","status":"publish","type":"product","link":"https:\/\/crlanguages.com\/de\/product\/spanish-intro-with-julieta\/","title":{"rendered":"Spanisch-Einf\u00fchrung mit Julieta"},"content":{"rendered":"<p>Mit einer erfahrenen Lehrerin, Julieta, und einem ma\u00dfgeschneiderten Lehrplan erwerben die Sch\u00fcler eine solide Grundlage in den Grundlagen der spanischen Sprache. Dieser Kurs umfasst Videos in einfachem Spanisch und Englisch, Vokabellisten und Quizfragen. In 57 verschiedenen Lektionen erwerben die Sch\u00fcler eine breite Grundlage in der grammatikalischen Struktur des Spanischen, im Grundwortschatz, in der Aussprache und in n\u00fctzlichen Konversationsstrukturen. Dieser Online-Kurs ist eine fantastische Einf\u00fchrung und eine hervorragende Erg\u00e4nzung zu unserem Live-Kurs \u201eSpanisch f\u00fcr Einsteiger\u201d. <a href=\"https:\/\/crlanguages.com\/de\/kurse\/spanische-einfuhrung-mit-julieta\/\">Beispielstunden finden Sie hier<\/a>.<\/p>","protected":false},"excerpt":{"rendered":"<p>Mit einer erfahrenen Lehrerin, Julieta, und einem ma\u00dfgeschneiderten Lehrplan erwerben die Sch\u00fcler eine solide Grundlage in den Grundlagen der spanischen Sprache. Dieser Kurs umfasst Videos in einfachem Spanisch und Englisch, Vokabellisten und Quizfragen. In 57 verschiedenen Lektionen erwerben die Sch\u00fcler eine breite Grundlage in der grammatikalischen Struktur des Spanischen, im Grundwortschatz, in der Aussprache und in n\u00fctzlichen Konversationsstrukturen. Dieser Online-Kurs ist eine fantastische Einf\u00fchrung und eine hervorragende Erg\u00e4nzung zu unserem Live-Kurs \u201eSpanisch f\u00fcr Einsteiger\u201d. <a href=\"https:\/\/crlanguages.com\/de\/kurse\/spanische-einfuhrung-mit-julieta\/\">Beispielstunden finden Sie hier<\/a>.<\/p>","protected":false},"featured_media":28608,"template":"","meta":{"_acf_changed":false},"product_brand":[],"product_cat":[106],"product_tag":[153],"class_list":{"0":"post-7424","1":"product","2":"type-product","3":"status-publish","4":"has-post-thumbnail","6":"product_cat-online-course","7":"product_tag-spanish-with-julieta","9":"first","10":"instock","11":"virtual","12":"sold-individually","13":"taxable","14":"purchasable","15":"product-type-simple"},"acf":[],"_links":{"self":[{"href":"https:\/\/crlanguages.com\/de\/wp-json\/wp\/v2\/product\/7424","targetHints":{"allow":["GET"]}}],"collection":[{"href":"https:\/\/crlanguages.com\/de\/wp-json\/wp\/v2\/product"}],"about":[{"href":"https:\/\/crlanguages.com\/de\/wp-json\/wp\/v2\/types\/product"}],"wp:featuredmedia":[{"embeddable":true,"href":"https:\/\/crlanguages.com\/de\/wp-json\/wp\/v2\/media\/28608"}],"wp:attachment":[{"href":"https:\/\/crlanguages.com\/de\/wp-json\/wp\/v2\/media?parent=7424"}],"wp:term":[{"taxonomy":"product_brand","embeddable":true,"href":"https:\/\/crlanguages.com\/de\/wp-json\/wp\/v2\/product_brand?post=7424"},{"taxonomy":"product_cat","embeddable":true,"href":"https:\/\/crlanguages.com\/de\/wp-json\/wp\/v2\/product_cat?post=7424"},{"taxonomy":"product_tag","embeddable":true,"href":"https:\/\/crlanguages.com\/de\/wp-json\/wp\/v2\/product_tag?post=7424"}],"curies":[{"name":"wp","href":"https:\/\/api.w.org\/{rel}","templated":true}]}}