{"id":69438,"date":"2024-07-29T12:00:39","date_gmt":"2024-07-29T18:00:39","guid":{"rendered":"https:\/\/crlanguages.com\/?post_type=product&#038;p=69438"},"modified":"2024-08-27T10:46:19","modified_gmt":"2024-08-27T16:46:19","slug":"business-course-english-german","status":"publish","type":"product","link":"https:\/\/crlanguages.com\/de\/product\/business-course-english-german\/","title":{"rendered":"Business-Kurs: Englisch - Deutsch"},"content":{"rendered":"<p>Are you a German learner with a keen interest in mastering essential business vocabulary? Our comprehensive Business Vocabulary course is designed to equip you with the linguistic tools necessary for success in the corporate world.<\/p>\r\n\r\n\r\n\r\n<p>Each module in this course is presented in PDF format, providing you with bilingual business vocabulary, and example sentences. But that&#8217;s not all &#8211; we understand the importance of pronunciation and auditory learning. That&#8217;s why each PDF is accompanied by an audio file, allowing you to listen and practice the correct pronunciation of each term and sentence.<\/p>\r\n\r\n\r\n\r\n<p>Here&#8217;s a glimpse of what you&#8217;ll learn in each module:<\/p>\r\n\r\n\r\n\r\n<ol class=\"wp-block-list\">\r\n<li>Research and Development (5 pages)<\/li>\r\n\r\n\r\n\r\n<li>General Business (4 pages)<\/li>\r\n\r\n\r\n\r\n<li>Production (4 pages)<\/li>\r\n\r\n\r\n\r\n<li>Sales (5 pages)<\/li>\r\n\r\n\r\n\r\n<li>Food Division (4 pages)<\/li>\r\n\r\n\r\n\r\n<li>Food Import Regulations (5 pages)<\/li>\r\n\r\n\r\n\r\n<li>Supply Chain (6 pages)<\/li>\r\n\r\n\r\n\r\n<li>Sales Operations (6 pages)<\/li>\r\n\r\n\r\n\r\n<li>Finance (8 pages)<\/li>\r\n\r\n\r\n\r\n<li>International Business (11 pages)<\/li>\r\n\r\n\r\n\r\n<li>Creative Strategist (12 pages)<\/li>\r\n\r\n\r\n\r\n<li>Cost (7 pages)<\/li>\r\n\r\n\r\n\r\n<li>Human Resources (8 pages)<\/li>\r\n<\/ol>\r\n\r\n\r\n\r\n<p>Whether you&#8217;re a budding entrepreneur, a seasoned professional, or simply eager to enhance your German language skills for business purposes, our Business Vocabulary course has something for everyone. Access it now and take the first step towards mastering the language of commerce!<\/p>","protected":false},"excerpt":{"rendered":"<div class=\"TypographyPresentation TypographyPresentation--m RichText3-paragraph--withVSpacingNormal RichText3-paragraph\">Unser umfassender Kurs \u201eBusiness Vocabulary\u201c vermittelt Ihnen die sprachlichen F\u00e4higkeiten, die Sie f\u00fcr den Erfolg in der Gesch\u00e4ftswelt ben\u00f6tigen. Jedes Modul dieses Kurses wird im PDF-Format pr\u00e4sentiert und enth\u00e4lt zweisprachiges Business-Vokabular sowie Beispiels\u00e4tze.<\/div>","protected":false},"featured_media":67232,"template":"","meta":{"_acf_changed":false},"product_brand":[],"product_cat":[167,106],"product_tag":[171],"class_list":{"0":"post-69438","1":"product","2":"type-product","3":"status-publish","4":"has-post-thumbnail","6":"product_cat-topic-courses","7":"product_cat-online-course","8":"product_tag-english-german","10":"first","11":"instock","12":"virtual","13":"sold-individually","14":"purchasable","15":"product-type-course"},"acf":[],"_links":{"self":[{"href":"https:\/\/crlanguages.com\/de\/wp-json\/wp\/v2\/product\/69438","targetHints":{"allow":["GET"]}}],"collection":[{"href":"https:\/\/crlanguages.com\/de\/wp-json\/wp\/v2\/product"}],"about":[{"href":"https:\/\/crlanguages.com\/de\/wp-json\/wp\/v2\/types\/product"}],"wp:featuredmedia":[{"embeddable":true,"href":"https:\/\/crlanguages.com\/de\/wp-json\/wp\/v2\/media\/67232"}],"wp:attachment":[{"href":"https:\/\/crlanguages.com\/de\/wp-json\/wp\/v2\/media?parent=69438"}],"wp:term":[{"taxonomy":"product_brand","embeddable":true,"href":"https:\/\/crlanguages.com\/de\/wp-json\/wp\/v2\/product_brand?post=69438"},{"taxonomy":"product_cat","embeddable":true,"href":"https:\/\/crlanguages.com\/de\/wp-json\/wp\/v2\/product_cat?post=69438"},{"taxonomy":"product_tag","embeddable":true,"href":"https:\/\/crlanguages.com\/de\/wp-json\/wp\/v2\/product_tag?post=69438"}],"curies":[{"name":"wp","href":"https:\/\/api.w.org\/{rel}","templated":true}]}}