{"id":47401,"date":"2023-02-17T17:02:06","date_gmt":"2023-02-18T00:02:06","guid":{"rendered":"https:\/\/portal.crlanguages.com\/?post_type=product&#038;p=47401"},"modified":"2023-11-16T11:11:16","modified_gmt":"2023-11-16T18:11:16","slug":"englisch-einstufungstest","status":"publish","type":"product","link":"https:\/\/crlanguages.com\/de\/product\/english-placement-test\/","title":{"rendered":"Einstufungstest Englisch"},"content":{"rendered":"<p>Dies ist ein Einstufungstest f\u00fcr Englisch, mit dem Ihre aktuellen Kenntnisse gepr\u00fcft werden, um festzustellen, welches unserer Englisch-Niveaus am besten zu Ihnen passt. Das Ziel ist nicht, die h\u00f6chste Punktzahl zu erreichen, sondern sich ein genaues Bild von Ihrem aktuellen Niveau zu machen.<\/p>","protected":false},"excerpt":{"rendered":"<p>Dies ist ein Einstufungstest f\u00fcr Englisch, mit dem Ihre aktuellen Kenntnisse gepr\u00fcft werden, um festzustellen, welches unserer Englisch-Niveaus am besten zu Ihnen passt. Das Ziel ist nicht, die h\u00f6chste Punktzahl zu erreichen, sondern sich ein genaues Bild von Ihrem aktuellen Niveau zu machen.<\/p>","protected":false},"featured_media":0,"template":"","meta":{"_acf_changed":false},"product_brand":[],"product_cat":[108],"product_tag":[],"class_list":{"0":"post-47401","1":"product","2":"type-product","3":"status-publish","5":"product_cat-placement-tests","7":"first","8":"instock","9":"virtual","10":"sold-individually","11":"purchasable","12":"product-type-course"},"acf":[],"_links":{"self":[{"href":"https:\/\/crlanguages.com\/de\/wp-json\/wp\/v2\/product\/47401","targetHints":{"allow":["GET"]}}],"collection":[{"href":"https:\/\/crlanguages.com\/de\/wp-json\/wp\/v2\/product"}],"about":[{"href":"https:\/\/crlanguages.com\/de\/wp-json\/wp\/v2\/types\/product"}],"wp:attachment":[{"href":"https:\/\/crlanguages.com\/de\/wp-json\/wp\/v2\/media?parent=47401"}],"wp:term":[{"taxonomy":"product_brand","embeddable":true,"href":"https:\/\/crlanguages.com\/de\/wp-json\/wp\/v2\/product_brand?post=47401"},{"taxonomy":"product_cat","embeddable":true,"href":"https:\/\/crlanguages.com\/de\/wp-json\/wp\/v2\/product_cat?post=47401"},{"taxonomy":"product_tag","embeddable":true,"href":"https:\/\/crlanguages.com\/de\/wp-json\/wp\/v2\/product_tag?post=47401"}],"curies":[{"name":"wp","href":"https:\/\/api.w.org\/{rel}","templated":true}]}}