{"id":28625,"date":"2022-12-22T11:51:41","date_gmt":"2022-12-22T18:51:41","guid":{"rendered":"https:\/\/portal.crlanguages.com\/?post_type=product&#038;p=28625"},"modified":"2023-08-11T17:03:00","modified_gmt":"2023-08-11T23:03:00","slug":"deutsch-einstufungstest","status":"publish","type":"product","link":"https:\/\/crlanguages.com\/de\/product\/german-placement-test\/","title":{"rendered":"Deutsch Einstufungstest"},"content":{"rendered":"<p>Dies ist ein Deutsch-Einstufungstest, mit dem Ihre aktuellen Kenntnisse \u00fcberpr\u00fcft werden, um herauszufinden, welches unserer Deutsch-Niveaus am besten zu Ihnen passt. Das Ziel ist nicht, die h\u00f6chste Punktzahl zu erreichen, sondern ein genaues Bild Ihres aktuellen Niveaus zu erhalten.<\/p>","protected":false},"excerpt":{"rendered":"<p>Dies ist ein Deutsch-Einstufungstest, mit dem Ihre aktuellen Kenntnisse \u00fcberpr\u00fcft werden, um herauszufinden, welches unserer Deutsch-Niveaus am besten zu Ihnen passt. Das Ziel ist nicht, die h\u00f6chste Punktzahl zu erreichen, sondern ein genaues Bild Ihres aktuellen Niveaus zu erhalten.<\/p>","protected":false},"featured_media":28626,"template":"","meta":{"_acf_changed":false},"product_brand":[],"product_cat":[108],"product_tag":[],"class_list":{"0":"post-28625","1":"product","2":"type-product","3":"status-publish","4":"has-post-thumbnail","6":"product_cat-placement-tests","8":"first","9":"instock","10":"virtual","11":"sold-individually","12":"purchasable","13":"product-type-course"},"acf":[],"_links":{"self":[{"href":"https:\/\/crlanguages.com\/de\/wp-json\/wp\/v2\/product\/28625","targetHints":{"allow":["GET"]}}],"collection":[{"href":"https:\/\/crlanguages.com\/de\/wp-json\/wp\/v2\/product"}],"about":[{"href":"https:\/\/crlanguages.com\/de\/wp-json\/wp\/v2\/types\/product"}],"wp:featuredmedia":[{"embeddable":true,"href":"https:\/\/crlanguages.com\/de\/wp-json\/wp\/v2\/media\/28626"}],"wp:attachment":[{"href":"https:\/\/crlanguages.com\/de\/wp-json\/wp\/v2\/media?parent=28625"}],"wp:term":[{"taxonomy":"product_brand","embeddable":true,"href":"https:\/\/crlanguages.com\/de\/wp-json\/wp\/v2\/product_brand?post=28625"},{"taxonomy":"product_cat","embeddable":true,"href":"https:\/\/crlanguages.com\/de\/wp-json\/wp\/v2\/product_cat?post=28625"},{"taxonomy":"product_tag","embeddable":true,"href":"https:\/\/crlanguages.com\/de\/wp-json\/wp\/v2\/product_tag?post=28625"}],"curies":[{"name":"wp","href":"https:\/\/api.w.org\/{rel}","templated":true}]}}