{"id":18700,"date":"2022-01-04T13:33:50","date_gmt":"2022-01-04T20:33:50","guid":{"rendered":"https:\/\/portal.crlanguages.com\/?post_type=product&#038;p=18700"},"modified":"2024-03-27T17:43:26","modified_gmt":"2024-03-27T23:43:26","slug":"spanisch-5-buch","status":"publish","type":"product","link":"https:\/\/crlanguages.com\/de\/product\/spanish-5-book\/","title":{"rendered":"Spanisch 5 Buch"},"content":{"rendered":"","protected":false},"excerpt":{"rendered":"<p><i>Spanisch 5<\/i> ist das letzte Buch der Reihe \u2018Spanisch mit Julieta\u2019 und bringt die Sch\u00fcler von der Mittelstufe zur Oberstufe. Es ist am besten f\u00fcr Sch\u00fcler geeignet, die das bedingte Perfekt, das Perfekt der Vergangenheit und den Konjunktiv des Perfekts der Gegenwart lernen m\u00fcssen. Das gesamte Buch ist auf Spanisch und enth\u00e4lt praktische Grammatikerkl\u00e4rungen, Beispiele und \u00dcbungen, um jedes Konzept zu \u00fcben. Sie sind nicht sicher, mit welchem Niveau Sie beginnen sollen? Versuchen Sie dies <a href=\"\/de\/kostenloser-spanisch-einstufungstest\/\">kostenloser Online-Einstufungstest f\u00fcr Spanisch<\/a>. Kaufen Sie die gesamte Serie von <a href=\"https:\/\/crlanguages.com\/de\/bucher\/\">Spanische B\u00fccher<\/a>.<\/p>","protected":false},"featured_media":18701,"template":"","meta":{"_acf_changed":false},"product_brand":[],"product_cat":[84,160],"product_tag":[],"class_list":{"0":"post-18700","1":"product","2":"type-product","3":"status-publish","4":"has-post-thumbnail","6":"product_cat-books","7":"product_cat-books-free-audiobook","9":"first","10":"instock","11":"taxable","12":"shipping-taxable","13":"purchasable","14":"product-type-simple"},"acf":[],"_links":{"self":[{"href":"https:\/\/crlanguages.com\/de\/wp-json\/wp\/v2\/product\/18700","targetHints":{"allow":["GET"]}}],"collection":[{"href":"https:\/\/crlanguages.com\/de\/wp-json\/wp\/v2\/product"}],"about":[{"href":"https:\/\/crlanguages.com\/de\/wp-json\/wp\/v2\/types\/product"}],"wp:featuredmedia":[{"embeddable":true,"href":"https:\/\/crlanguages.com\/de\/wp-json\/wp\/v2\/media\/18701"}],"wp:attachment":[{"href":"https:\/\/crlanguages.com\/de\/wp-json\/wp\/v2\/media?parent=18700"}],"wp:term":[{"taxonomy":"product_brand","embeddable":true,"href":"https:\/\/crlanguages.com\/de\/wp-json\/wp\/v2\/product_brand?post=18700"},{"taxonomy":"product_cat","embeddable":true,"href":"https:\/\/crlanguages.com\/de\/wp-json\/wp\/v2\/product_cat?post=18700"},{"taxonomy":"product_tag","embeddable":true,"href":"https:\/\/crlanguages.com\/de\/wp-json\/wp\/v2\/product_tag?post=18700"}],"curies":[{"name":"wp","href":"https:\/\/api.w.org\/{rel}","templated":true}]}}