{"id":11574,"date":"2021-05-20T15:53:50","date_gmt":"2021-05-20T21:53:50","guid":{"rendered":"https:\/\/portal.crlanguages.com\/?post_type=product&#038;p=11574"},"modified":"2024-03-27T17:32:37","modified_gmt":"2024-03-27T23:32:37","slug":"spanisch-2-buch","status":"publish","type":"product","link":"https:\/\/crlanguages.com\/de\/product\/spanish-2-book\/","title":{"rendered":"Spanisch 2 Buch"},"content":{"rendered":"","protected":false},"excerpt":{"rendered":"<p data-pm-slice=\"1 1 []\">Spanisch 2 bringt Anf\u00e4nger auf die n\u00e4chste Stufe. Es ist ideal f\u00fcr Fortgeschrittene, die bereits \u00fcber solide Kenntnisse der Gegenwartsform und Verben wie \u2018gustar\u2019 verf\u00fcgen. Das gesamte Buch ist auf Spanisch verfasst und enth\u00e4lt praktische Grammatikerkl\u00e4rungen, Dialoge und Texte sowie \u00dcbungen zum Ein\u00fcben der einzelnen Konzepte. Sie sind sich nicht sicher, mit welchem Niveau Sie beginnen sollen? Probieren Sie es aus! <a href=\"\/de\/kostenloser-spanisch-einstufungstest\/\">kostenloser Online-Einstufungstest f\u00fcr Spanisch<\/a>. Weiterverfolgen mit unserem <a href=\"https:\/\/crlanguages.com\/de\/product\/spanish-3-book\/\">Spanisch 3 Buch<\/a>.<\/p>","protected":false},"featured_media":11575,"template":"","meta":{"_acf_changed":false},"product_brand":[],"product_cat":[84,160],"product_tag":[],"class_list":{"0":"post-11574","1":"product","2":"type-product","3":"status-publish","4":"has-post-thumbnail","6":"product_cat-books","7":"product_cat-books-free-audiobook","9":"first","10":"instock","11":"taxable","12":"shipping-taxable","13":"purchasable","14":"product-type-simple"},"acf":[],"_links":{"self":[{"href":"https:\/\/crlanguages.com\/de\/wp-json\/wp\/v2\/product\/11574","targetHints":{"allow":["GET"]}}],"collection":[{"href":"https:\/\/crlanguages.com\/de\/wp-json\/wp\/v2\/product"}],"about":[{"href":"https:\/\/crlanguages.com\/de\/wp-json\/wp\/v2\/types\/product"}],"wp:featuredmedia":[{"embeddable":true,"href":"https:\/\/crlanguages.com\/de\/wp-json\/wp\/v2\/media\/11575"}],"wp:attachment":[{"href":"https:\/\/crlanguages.com\/de\/wp-json\/wp\/v2\/media?parent=11574"}],"wp:term":[{"taxonomy":"product_brand","embeddable":true,"href":"https:\/\/crlanguages.com\/de\/wp-json\/wp\/v2\/product_brand?post=11574"},{"taxonomy":"product_cat","embeddable":true,"href":"https:\/\/crlanguages.com\/de\/wp-json\/wp\/v2\/product_cat?post=11574"},{"taxonomy":"product_tag","embeddable":true,"href":"https:\/\/crlanguages.com\/de\/wp-json\/wp\/v2\/product_tag?post=11574"}],"curies":[{"name":"wp","href":"https:\/\/api.w.org\/{rel}","templated":true}]}}