{"id":54739,"date":"2023-07-29T15:41:51","date_gmt":"2023-07-29T21:41:51","guid":{"rendered":"https:\/\/portal.crlanguages.com\/?page_id=54739"},"modified":"2024-05-03T15:13:04","modified_gmt":"2024-05-03T21:13:04","slug":"akkreditierung","status":"publish","type":"page","link":"https:\/\/crlanguages.com\/de\/accreditation\/","title":{"rendered":"Akkreditierung"},"content":{"rendered":"<div data-elementor-type=\"wp-page\" data-elementor-id=\"54739\" class=\"elementor elementor-54739\" data-elementor-post-type=\"page\">\n\t\t\t\t<div class=\"elementor-element elementor-element-bd8b214 e-flex e-con-boxed e-con e-parent\" data-id=\"bd8b214\" data-element_type=\"container\" data-e-type=\"container\" data-settings=\"{&quot;background_background&quot;:&quot;classic&quot;,&quot;shape_divider_bottom&quot;:&quot;waves&quot;}\">\n\t\t\t\t\t<div class=\"e-con-inner\">\n\t\t\t\t<div class=\"elementor-shape elementor-shape-bottom\" aria-hidden=\"true\" data-negative=\"false\">\n\t\t\t<svg xmlns=\"http:\/\/www.w3.org\/2000\/svg\" viewbox=\"0 0 1000 100\" preserveaspectratio=\"none\">\n\t<path class=\"elementor-shape-fill\" d=\"M421.9,6.5c22.6-2.5,51.5,0.4,75.5,5.3c23.6,4.9,70.9,23.5,100.5,35.7c75.8,32.2,133.7,44.5,192.6,49.7\tc23.6,2.1,48.7,3.5,103.4-2.5c54.7-6,106.2-25.6,106.2-25.6V0H0v30.3c0,0,72,32.6,158.4,30.5c39.2-0.7,92.8-6.7,134-22.4\tc21.2-8.1,52.2-18.2,79.7-24.2C399.3,7.9,411.6,7.5,421.9,6.5z\"\/>\n<\/svg>\t\t<\/div>\n\t\t<div class=\"elementor-element elementor-element-62180c9 e-con-full e-flex e-con e-child\" data-id=\"62180c9\" data-element_type=\"container\" data-e-type=\"container\">\n\t\t\t\t<div class=\"elementor-element elementor-element-267b33f elementor-widget__width-inherit elementor-widget elementor-widget-heading\" data-id=\"267b33f\" data-element_type=\"widget\" data-e-type=\"widget\" data-widget_type=\"heading.default\">\n\t\t\t\t<div class=\"elementor-widget-container\">\n\t\t\t\t\t<h1 class=\"elementor-heading-title elementor-size-default\">Akkreditierung<\/h1>\t\t\t\t<\/div>\n\t\t\t\t<\/div>\n\t\t\t\t<div class=\"elementor-element elementor-element-7d47827 elementor-widget__width-initial elementor-widget elementor-widget-text-editor\" data-id=\"7d47827\" data-element_type=\"widget\" data-e-type=\"widget\" data-widget_type=\"text-editor.default\">\n\t\t\t\t<div class=\"elementor-widget-container\">\n\t\t\t\t\t<div class=\"bb-theme-elementor-wrap bb-elementor-custom-color\">\t\t\t\t<p><b>CR Languages ist ein vom ACCET (Accrediting Council for Continuing Education and Training) akkreditiertes und vom US-Bildungsministerium anerkanntes Institut f\u00fcr berufsbegleitendes Lernen.<\/b><\/p><p>Als akkreditierte Einrichtung hat sich CR Languages zu soliden Management- und Bildungspraktiken verpflichtet und wird regelm\u00e4\u00dfig von der Akkreditierungsstelle und Gleichrangigen \u00fcberpr\u00fcft, um sicherzustellen, dass wir die strengen Akkreditierungsstandards weiterhin erf\u00fcllen.<\/p>\t\t\t\t<\/div>\t\t\t\t<\/div>\n\t\t\t\t<\/div>\n\t\t\t\t<div class=\"elementor-element elementor-element-7012978 elementor-widget__width-auto elementor-widget elementor-widget-image\" data-id=\"7012978\" data-element_type=\"widget\" data-e-type=\"widget\" data-widget_type=\"image.default\">\n\t\t\t\t<div class=\"elementor-widget-container\">\n\t\t\t\t\t\t\t\t\t\t\t\t\t\t\t\t<a href=\"https:\/\/accet.org\/\" target=\"_blank\" rel=\"noopener\">\n\t\t\t\t\t\t\t<img decoding=\"async\" width=\"200\" height=\"90\" src=\"https:\/\/crl-media.sfo3.digitaloceanspaces.com\/wp-content\/uploads\/2024\/03\/28131016\/AccreditedbyACCETlogo_white_200p.png\" class=\"attachment-large size-large wp-image-65908\" alt=\"\" \/>\t\t\t\t\t\t\t\t<\/a>\n\t\t\t\t\t\t\t\t\t\t\t\t\t\t\t<\/div>\n\t\t\t\t<\/div>\n\t\t\t\t<\/div>\n\t\t\t\t\t<\/div>\n\t\t\t\t<\/div>\n\t\t<div class=\"elementor-element elementor-element-f1601ab e-flex e-con-boxed e-con e-parent\" data-id=\"f1601ab\" data-element_type=\"container\" data-e-type=\"container\" data-settings=\"{&quot;background_background&quot;:&quot;classic&quot;,&quot;shape_divider_bottom&quot;:&quot;waves&quot;,&quot;shape_divider_bottom_negative&quot;:&quot;yes&quot;}\">\n\t\t\t\t\t<div class=\"e-con-inner\">\n\t\t\t\t<div class=\"elementor-shape elementor-shape-bottom\" aria-hidden=\"true\" data-negative=\"true\">\n\t\t\t<svg xmlns=\"http:\/\/www.w3.org\/2000\/svg\" viewbox=\"0 0 1000 100\" preserveaspectratio=\"none\">\n\t<path class=\"elementor-shape-fill\" d=\"M790.5,93.1c-59.3-5.3-116.8-18-192.6-50c-29.6-12.7-76.9-31-100.5-35.9c-23.6-4.9-52.6-7.8-75.5-5.3\tc-10.2,1.1-22.6,1.4-50.1,7.4c-27.2,6.3-58.2,16.6-79.4,24.7c-41.3,15.9-94.9,21.9-134,22.6C72,58.2,0,25.8,0,25.8V100h1000V65.3\tc0,0-51.5,19.4-106.2,25.7C839.5,97,814.1,95.2,790.5,93.1z\"\/>\n<\/svg>\t\t<\/div>\n\t\t<div class=\"elementor-element elementor-element-380f761 e-con-full e-flex e-con e-child\" data-id=\"380f761\" data-element_type=\"container\" data-e-type=\"container\">\n\t\t\t\t<div class=\"elementor-element elementor-element-39a5538 elementor-widget elementor-widget-heading\" data-id=\"39a5538\" data-element_type=\"widget\" data-e-type=\"widget\" data-widget_type=\"heading.default\">\n\t\t\t\t<div class=\"elementor-widget-container\">\n\t\t\t\t\t<h2 class=\"elementor-heading-title elementor-size-default\">Was die Akkreditierung f\u00fcr die Qualit\u00e4t bedeutet<\/h2>\t\t\t\t<\/div>\n\t\t\t\t<\/div>\n\t\t\t\t<div class=\"elementor-element elementor-element-1ff5f03 elementor-widget elementor-widget-text-editor\" data-id=\"1ff5f03\" data-element_type=\"widget\" data-e-type=\"widget\" data-widget_type=\"text-editor.default\">\n\t\t\t\t<div class=\"elementor-widget-container\">\n\t\t\t\t\t<div class=\"bb-theme-elementor-wrap bb-elementor-custom-color bb-elementor-custom-family bb-elementor-custom-size\">\t\t\t\t<ul><li>Alle unsere Ausbilder m\u00fcssen mindestens einen Bachelor-Abschluss haben, \u00fcber <b>umfangreiche Erfahrung in der Lehre<\/b>, und sich beruflich weiterzuentwickeln.<br \/><br \/><\/li><li>Unser Lehrplan ist sorgf\u00e4ltig ausgearbeitet und kontinuierlich <b>\u00dcberpr\u00fcfung der Wirksamkeit im Hinblick auf die Erreichung der festgelegten Bestehensquoten<\/b>.<br \/><br \/><\/li><li>Unsere Einschreibungs- und Erstattungsrichtlinien erf\u00fcllen oder \u00fcbertreffen <b>ACCET-Standards und die ACCET-Ethikgrunds\u00e4tze<\/b>.<br \/><br \/><\/li><li>Unsere Prozesse und Verfahren gew\u00e4hrleisten, dass die <b>Die Schule orientiert sich an einer umfassenden Betrachtung des Feedbacks von Sch\u00fclern, Lehrkr\u00e4ften und bew\u00e4hrten Verfahren.<\/b><\/li><\/ul>\t\t\t\t<\/div>\t\t\t\t<\/div>\n\t\t\t\t<\/div>\n\t\t\t\t<\/div>\n\t\t\t\t<div class=\"elementor-element elementor-element-c793b2f elementor-hidden-mobile elementor-widget__width-initial elementor-widget elementor-widget-image\" data-id=\"c793b2f\" data-element_type=\"widget\" data-e-type=\"widget\" data-widget_type=\"image.default\">\n\t\t\t\t<div class=\"elementor-widget-container\">\n\t\t\t\t\t\t\t\t\t\t\t\t\t\t\t<img fetchpriority=\"high\" decoding=\"async\" width=\"640\" height=\"640\" src=\"https:\/\/crl-media.sfo3.digitaloceanspaces.com\/wp-content\/uploads\/2023\/12\/06233039\/accreditation-photo.png\" class=\"attachment-large size-large wp-image-62664\" alt=\"\" srcset=\"https:\/\/crl-media.sfo3.digitaloceanspaces.com\/wp-content\/uploads\/2023\/12\/06233039\/accreditation-photo.png 1024w, https:\/\/crl-media.sfo3.digitaloceanspaces.com\/wp-content\/uploads\/2023\/12\/06233039\/accreditation-photo-300x300.png 300w, https:\/\/crl-media.sfo3.digitaloceanspaces.com\/wp-content\/uploads\/2023\/12\/06233039\/accreditation-photo-150x150.png 150w, https:\/\/crl-media.sfo3.digitaloceanspaces.com\/wp-content\/uploads\/2023\/12\/06233039\/accreditation-photo-768x768.png 768w, https:\/\/crl-media.sfo3.digitaloceanspaces.com\/wp-content\/uploads\/2023\/12\/06233039\/accreditation-photo-624x624.png 624w, https:\/\/crl-media.sfo3.digitaloceanspaces.com\/wp-content\/uploads\/2023\/12\/06233039\/accreditation-photo-600x600.png 600w, https:\/\/crl-media.sfo3.digitaloceanspaces.com\/wp-content\/uploads\/2023\/12\/06233039\/accreditation-photo-100x100.png 100w\" sizes=\"(max-width: 640px) 100vw, 640px\" \/>\t\t\t\t\t\t\t\t\t\t\t\t\t\t\t<\/div>\n\t\t\t\t<\/div>\n\t\t\t\t\t<\/div>\n\t\t\t\t<\/div>\n\t\t<div class=\"elementor-element elementor-element-798cfc4 e-flex e-con-boxed e-con e-parent\" data-id=\"798cfc4\" data-element_type=\"container\" data-e-type=\"container\" data-settings=\"{&quot;background_background&quot;:&quot;classic&quot;,&quot;shape_divider_bottom&quot;:&quot;waves&quot;,&quot;shape_divider_bottom_negative&quot;:&quot;yes&quot;}\">\n\t\t\t\t\t<div class=\"e-con-inner\">\n\t\t\t\t<div class=\"elementor-shape elementor-shape-bottom\" aria-hidden=\"true\" data-negative=\"true\">\n\t\t\t<svg xmlns=\"http:\/\/www.w3.org\/2000\/svg\" viewbox=\"0 0 1000 100\" preserveaspectratio=\"none\">\n\t<path class=\"elementor-shape-fill\" d=\"M790.5,93.1c-59.3-5.3-116.8-18-192.6-50c-29.6-12.7-76.9-31-100.5-35.9c-23.6-4.9-52.6-7.8-75.5-5.3\tc-10.2,1.1-22.6,1.4-50.1,7.4c-27.2,6.3-58.2,16.6-79.4,24.7c-41.3,15.9-94.9,21.9-134,22.6C72,58.2,0,25.8,0,25.8V100h1000V65.3\tc0,0-51.5,19.4-106.2,25.7C839.5,97,814.1,95.2,790.5,93.1z\"\/>\n<\/svg>\t\t<\/div>\n\t\t\t\t<div class=\"elementor-element elementor-element-5ec5988 elementor-widget__width-inherit elementor-widget elementor-widget-heading\" data-id=\"5ec5988\" data-element_type=\"widget\" data-e-type=\"widget\" data-widget_type=\"heading.default\">\n\t\t\t\t<div class=\"elementor-widget-container\">\n\t\t\t\t\t<h2 class=\"elementor-heading-title elementor-size-default\">Was die Akkreditierung f\u00fcr Studierende bedeutet<\/h2>\t\t\t\t<\/div>\n\t\t\t\t<\/div>\n\t\t<div class=\"elementor-element elementor-element-e88ed18 e-con-full e-flex e-con e-child\" data-id=\"e88ed18\" data-element_type=\"container\" data-e-type=\"container\">\n\t\t\t\t<div class=\"elementor-element elementor-element-6342003 elementor-widget__width-inherit elementor-widget elementor-widget-heading\" data-id=\"6342003\" data-element_type=\"widget\" data-e-type=\"widget\" data-widget_type=\"heading.default\">\n\t\t\t\t<div class=\"elementor-widget-container\">\n\t\t\t\t\t<h3 class=\"elementor-heading-title elementor-size-default\">Hingabe zum Lernen<\/h3>\t\t\t\t<\/div>\n\t\t\t\t<\/div>\n\t\t\t\t<div class=\"elementor-element elementor-element-57de309 elementor-widget elementor-widget-text-editor\" data-id=\"57de309\" data-element_type=\"widget\" data-e-type=\"widget\" data-widget_type=\"text-editor.default\">\n\t\t\t\t<div class=\"elementor-widget-container\">\n\t\t\t\t\t<div class=\"bb-theme-elementor-wrap bb-elementor-custom-color\">\t\t\t\tSch\u00fcler, die sich bei CR Languages anmelden, haben sich ihrer Ausbildung und dem Erlernen einer Fremdsprache verschrieben. Das bedeutet, dass Ihre Mitsch\u00fcler und Ihre Schule genauso motiviert sind wie Sie, eine Fremdsprache zu lernen und die Erfahrung zu genie\u00dfen.\t\t\t\t<\/div>\t\t\t\t<\/div>\n\t\t\t\t<\/div>\n\t\t\t\t<div class=\"elementor-element elementor-element-e9d4506 elementor-widget__width-inherit elementor-widget elementor-widget-heading\" data-id=\"e9d4506\" data-element_type=\"widget\" data-e-type=\"widget\" data-widget_type=\"heading.default\">\n\t\t\t\t<div class=\"elementor-widget-container\">\n\t\t\t\t\t<h3 class=\"elementor-heading-title elementor-size-default\">CEUs (Fortbildungseinheiten)<\/h3>\t\t\t\t<\/div>\n\t\t\t\t<\/div>\n\t\t\t\t<div class=\"elementor-element elementor-element-96ec0b3 elementor-widget elementor-widget-text-editor\" data-id=\"96ec0b3\" data-element_type=\"widget\" data-e-type=\"widget\" data-widget_type=\"text-editor.default\">\n\t\t\t\t<div class=\"elementor-widget-container\">\n\t\t\t\t\t<div class=\"bb-theme-elementor-wrap bb-elementor-custom-color\">\t\t\t\tAls berufsbegleitende Schule erhalten die Studenten im Rahmen ihres Studiums Weiterbildungseinheiten (CEUs).\t\t\t\t<\/div>\t\t\t\t<\/div>\n\t\t\t\t<\/div>\n\t\t\t\t<div class=\"elementor-element elementor-element-3d3af93 elementor-widget__width-inherit elementor-widget elementor-widget-heading\" data-id=\"3d3af93\" data-element_type=\"widget\" data-e-type=\"widget\" data-widget_type=\"heading.default\">\n\t\t\t\t<div class=\"elementor-widget-container\">\n\t\t\t\t\t<h3 class=\"elementor-heading-title elementor-size-default\">Kostenerstattung durch den Arbeitgeber<\/h3>\t\t\t\t<\/div>\n\t\t\t\t<\/div>\n\t\t\t\t<div class=\"elementor-element elementor-element-e33da81 elementor-widget elementor-widget-text-editor\" data-id=\"e33da81\" data-element_type=\"widget\" data-e-type=\"widget\" data-widget_type=\"text-editor.default\">\n\t\t\t\t<div class=\"elementor-widget-container\">\n\t\t\t\t\t<div class=\"bb-theme-elementor-wrap bb-elementor-custom-color\">\t\t\t\tAls akkreditierte Schule, die CEUs anbietet, sind die Kurse von CR Languages im Allgemeinen f\u00fcr berufliche Weiterbildungsprogramme geeignet. Erkundigen Sie sich bei Ihrem Arbeitgeber. \t\t\t\t<\/div>\t\t\t\t<\/div>\n\t\t\t\t<\/div>\n\t\t\t\t<div class=\"elementor-element elementor-element-9bca116 elementor-widget__width-inherit elementor-widget elementor-widget-heading\" data-id=\"9bca116\" data-element_type=\"widget\" data-e-type=\"widget\" data-widget_type=\"heading.default\">\n\t\t\t\t<div class=\"elementor-widget-container\">\n\t\t\t\t\t<h3 class=\"elementor-heading-title elementor-size-default\">Anrechnung von Studienleistungen an Universit\u00e4ten und Hochschulen<\/h3>\t\t\t\t<\/div>\n\t\t\t\t<\/div>\n\t\t\t\t<div class=\"elementor-element elementor-element-3b1e71c elementor-widget elementor-widget-text-editor\" data-id=\"3b1e71c\" data-element_type=\"widget\" data-e-type=\"widget\" data-widget_type=\"text-editor.default\">\n\t\t\t\t<div class=\"elementor-widget-container\">\n\t\t\t\t\t<div class=\"bb-theme-elementor-wrap bb-elementor-custom-color\">\t\t\t\tEs kann m\u00f6glich sein, dass Ihr Kurs bei CR Languages an Universit\u00e4ten und Hochschulen angerechnet werden kann. Dies ist eine Frage des Einzelfalls. Setzen Sie sich mit uns in Verbindung, und wir werden unser Bestes tun, um eine Immatrikulationsvereinbarung mit Ihrer Transferschule zu treffen.\t\t\t\t<\/div>\t\t\t\t<\/div>\n\t\t\t\t<\/div>\n\t\t\t\t<\/div>\n\t\t<div class=\"elementor-element elementor-element-819f68a e-con-full e-flex e-con e-child\" data-id=\"819f68a\" data-element_type=\"container\" data-e-type=\"container\">\n\t\t\t\t<div class=\"elementor-element elementor-element-b9de8c1 elementor-widget__width-inherit elementor-widget elementor-widget-heading\" data-id=\"b9de8c1\" data-element_type=\"widget\" data-e-type=\"widget\" data-widget_type=\"heading.default\">\n\t\t\t\t<div class=\"elementor-widget-container\">\n\t\t\t\t\t<h3 class=\"elementor-heading-title elementor-size-default\">I-20 f\u00fcr F1- und F2-Studentenvisa<\/h3>\t\t\t\t<\/div>\n\t\t\t\t<\/div>\n\t\t\t\t<div class=\"elementor-element elementor-element-bf66790 elementor-widget elementor-widget-text-editor\" data-id=\"bf66790\" data-element_type=\"widget\" data-e-type=\"widget\" data-widget_type=\"text-editor.default\">\n\t\t\t\t<div class=\"elementor-widget-container\">\n\t\t\t\t\t<div class=\"bb-theme-elementor-wrap bb-elementor-custom-color\">\t\t\t\tSobald CR Languages vom Department of Homeland Security genehmigt ist, haben die Intensivstudenten Anspruch auf das Formular I-20, das f\u00fcr die Beantragung von F1- und F2-Studentenvisa ben\u00f6tigt wird. Unser Antrag beim Department of Homeland Security ist derzeit anh\u00e4ngig, und wir hoffen, die Genehmigung irgendwann im Jahr 2024 zu erhalten.\t\t\t\t<\/div>\t\t\t\t<\/div>\n\t\t\t\t<\/div>\n\t\t\t\t<div class=\"elementor-element elementor-element-3a2da87 elementor-widget__width-inherit elementor-widget elementor-widget-heading\" data-id=\"3a2da87\" data-element_type=\"widget\" data-e-type=\"widget\" data-widget_type=\"heading.default\">\n\t\t\t\t<div class=\"elementor-widget-container\">\n\t\t\t\t\t<h3 class=\"elementor-heading-title elementor-size-default\">Nicht qualifiziert f\u00fcr Bundesmittel und Studienbeihilfe<\/h3>\t\t\t\t<\/div>\n\t\t\t\t<\/div>\n\t\t\t\t<div class=\"elementor-element elementor-element-b846ce7 elementor-widget elementor-widget-text-editor\" data-id=\"b846ce7\" data-element_type=\"widget\" data-e-type=\"widget\" data-widget_type=\"text-editor.default\">\n\t\t\t\t<div class=\"elementor-widget-container\">\n\t\t\t\t\t<div class=\"bb-theme-elementor-wrap bb-elementor-custom-color\">\t\t\t\tAls Berufsschule ist CR Languages leider nicht berechtigt, Bundesmittel in Form von Stipendien oder Zusch\u00fcssen oder die GI Bill zu erhalten. CR Languages ist keine Titel IV-Schule.\t\t\t\t<\/div>\t\t\t\t<\/div>\n\t\t\t\t<\/div>\n\t\t\t\t<div class=\"elementor-element elementor-element-26937b4 elementor-widget__width-inherit elementor-widget elementor-widget-heading\" data-id=\"26937b4\" data-element_type=\"widget\" data-e-type=\"widget\" data-widget_type=\"heading.default\">\n\t\t\t\t<div class=\"elementor-widget-container\">\n\t\t\t\t\t<h3 class=\"elementor-heading-title elementor-size-default\">Nicht alle Programme gelten als akkreditierte Kurse<\/h3>\t\t\t\t<\/div>\n\t\t\t\t<\/div>\n\t\t\t\t<div class=\"elementor-element elementor-element-efd200e elementor-widget elementor-widget-text-editor\" data-id=\"efd200e\" data-element_type=\"widget\" data-e-type=\"widget\" data-widget_type=\"text-editor.default\">\n\t\t\t\t<div class=\"elementor-widget-container\">\n\t\t\t\t\t<div class=\"bb-theme-elementor-wrap bb-elementor-custom-color\">\t\t\t\tDie \u2018Spanisch mit Julieta\u2019-Reihe von Online-Kursen zum Selbststudium und die \u2018Self-Study\u2019-Programme gelten nicht als Kurse und sind daher nicht f\u00fcr CEUs anrechenbar.\t\t\t\t<\/div>\t\t\t\t<\/div>\n\t\t\t\t<\/div>\n\t\t\t\t<\/div>\n\t\t\t\t\t<\/div>\n\t\t\t\t<\/div>\n\t\t<div class=\"elementor-element elementor-element-0144455 e-flex e-con-boxed e-con e-parent\" data-id=\"0144455\" data-element_type=\"container\" data-e-type=\"container\" data-settings=\"{&quot;background_background&quot;:&quot;classic&quot;}\">\n\t\t\t\t\t<div class=\"e-con-inner\">\n\t\t<div class=\"elementor-element elementor-element-2e1c394 e-con-full e-flex e-con e-child\" data-id=\"2e1c394\" data-element_type=\"container\" data-e-type=\"container\" data-settings=\"{&quot;background_background&quot;:&quot;classic&quot;}\">\n\t\t<div class=\"elementor-element elementor-element-9862256 e-con-full e-flex e-con e-child\" data-id=\"9862256\" data-element_type=\"container\" data-e-type=\"container\">\n\t\t\t\t<div class=\"elementor-element elementor-element-7680458 e-transform elementor-widget elementor-widget-image\" data-id=\"7680458\" data-element_type=\"widget\" data-e-type=\"widget\" data-settings=\"{&quot;_transform_flipX_effect&quot;:&quot;transform&quot;}\" data-widget_type=\"image.default\">\n\t\t\t\t<div class=\"elementor-widget-container\">\n\t\t\t\t\t\t\t\t\t\t\t\t\t\t\t<img decoding=\"async\" width=\"500\" height=\"500\" src=\"https:\/\/crl-media.sfo3.digitaloceanspaces.com\/wp-content\/uploads\/2023\/04\/06233928\/Questions_Illustration.svg\" class=\"attachment-large size-large wp-image-50300\" alt=\"Illustration einer Person, die sich eine Frage stellt\" \/>\t\t\t\t\t\t\t\t\t\t\t\t\t\t\t<\/div>\n\t\t\t\t<\/div>\n\t\t\t\t<\/div>\n\t\t<div class=\"elementor-element elementor-element-2192b39 e-con-full e-flex e-con e-child\" data-id=\"2192b39\" data-element_type=\"container\" data-e-type=\"container\">\n\t\t\t\t<div class=\"elementor-element elementor-element-33b04ac elementor-widget elementor-widget-heading\" data-id=\"33b04ac\" data-element_type=\"widget\" data-e-type=\"widget\" data-widget_type=\"heading.default\">\n\t\t\t\t<div class=\"elementor-widget-container\">\n\t\t\t\t\t<h3 class=\"elementor-heading-title elementor-size-default\">Noch Fragen?<\/h3>\t\t\t\t<\/div>\n\t\t\t\t<\/div>\n\t\t\t\t<div class=\"elementor-element elementor-element-78ec98d elementor-widget elementor-widget-heading\" data-id=\"78ec98d\" data-element_type=\"widget\" data-e-type=\"widget\" data-widget_type=\"heading.default\">\n\t\t\t\t<div class=\"elementor-widget-container\">\n\t\t\t\t\t<h4 class=\"elementor-heading-title elementor-size-default\">Setzen Sie sich mit uns in Verbindung, um weitere Informationen \u00fcber das Akkreditierungsprogramm und seine Vorteile zu erhalten.<\/h4>\t\t\t\t<\/div>\n\t\t\t\t<\/div>\n\t\t\t\t<div class=\"elementor-element elementor-element-6717305 elementor-align-right elementor-mobile-align-right elementor-widget elementor-widget-button\" data-id=\"6717305\" data-element_type=\"widget\" data-e-type=\"widget\" data-widget_type=\"button.default\">\n\t\t\t\t<div class=\"elementor-widget-container\">\n\t\t\t\t\t\t\t\t\t<div class=\"elementor-button-wrapper\">\n\t\t\t\t\t<a class=\"elementor-button elementor-button-link elementor-size-sm\" href=\"\/de\/contact\/\">\n\t\t\t\t\t\t<span class=\"elementor-button-content-wrapper\">\n\t\t\t\t\t\t\t\t\t<span class=\"elementor-button-text\">Kontakt aufnehmen<\/span>\n\t\t\t\t\t<\/span>\n\t\t\t\t\t<\/a>\n\t\t\t\t<\/div>\n\t\t\t\t\t\t\t\t<\/div>\n\t\t\t\t<\/div>\n\t\t\t\t<\/div>\n\t\t\t\t<\/div>\n\t\t\t\t\t<\/div>\n\t\t\t\t<\/div>\n\t\t\t\t<\/div>","protected":false},"excerpt":{"rendered":"<p>Accreditation CR Languages is an avocational learning institute accredited by ACCET, the Accrediting Council for Continuing Education and Training, and is recognized by the US&hellip;<\/p>","protected":false},"author":2,"featured_media":0,"parent":0,"menu_order":0,"comment_status":"closed","ping_status":"closed","template":"page-fullscreen.php","meta":{"_acf_changed":false,"footnotes":""},"class_list":["post-54739","page","type-page","status-publish","hentry"],"acf":[],"_links":{"self":[{"href":"https:\/\/crlanguages.com\/de\/wp-json\/wp\/v2\/pages\/54739","targetHints":{"allow":["GET"]}}],"collection":[{"href":"https:\/\/crlanguages.com\/de\/wp-json\/wp\/v2\/pages"}],"about":[{"href":"https:\/\/crlanguages.com\/de\/wp-json\/wp\/v2\/types\/page"}],"author":[{"embeddable":true,"href":"https:\/\/crlanguages.com\/de\/wp-json\/wp\/v2\/users\/2"}],"replies":[{"embeddable":true,"href":"https:\/\/crlanguages.com\/de\/wp-json\/wp\/v2\/comments?post=54739"}],"version-history":[{"count":0,"href":"https:\/\/crlanguages.com\/de\/wp-json\/wp\/v2\/pages\/54739\/revisions"}],"wp:attachment":[{"href":"https:\/\/crlanguages.com\/de\/wp-json\/wp\/v2\/media?parent=54739"}],"curies":[{"name":"wp","href":"https:\/\/api.w.org\/{rel}","templated":true}]}}